{"id":971,"date":"2022-11-18T20:50:35","date_gmt":"2022-11-18T12:50:35","guid":{"rendered":"https:\/\/zzlcmachinery.com\/?post_type=product&#038;p=971"},"modified":"2022-11-22T14:15:22","modified_gmt":"2022-11-22T06:15:22","slug":"hot-sale-c41-75kg-hammer-forging-machines-for-blacksmith","status":"publish","type":"product","link":"https:\/\/zzlcmachinery.com\/da\/vare\/hot-sale-c41-75kg-hammer-forging-machines-for-blacksmith\/","title":{"rendered":"Hot Sale C41-75KG Hammersmedemaskiner til smed"},"content":{"rendered":"","protected":false},"excerpt":{"rendered":"<p>Denne Hot sale C41-75KG hammer smedning maskiner til smed er er en mellem-niveau metal smedning maskine i luften hammer, som kan opfylde alle smedning behov i husholdninger og sm\u00e5 og mellemstore smed butikker. Den er is\u00e6r velegnet til smedning af sm\u00e5 landbrugsredskaber s\u00e5som segl, badins, kv\u00e6g og hestesko og hakker. Samtidig bruger forskellige fabrikker og miner ogs\u00e5 luft. Hammer til at smede st\u00e5lkugler, stilladser og andre fabriks-, mine- og byggematerialer.<br \/>\nVi kan levere 6 kg, 16 kg, 25 kg, 40 kg, 55 kg, 75 kg, 100 kg, 150 kg, 250 kg, 400 kg, 560 kg, 750 kg, 1000 kg, 2000 kg til valg efter forskellige behov for smedearbejde .Du kan v\u00e6lge model i henhold til f\u00f8lgende specifikationer<\/p>\n<p><strong>TEKNISK PARAMETER<br \/>\nModel: C41-75KG<br \/>\nV\u00e6gt af faldende dele (KG): 75<\/strong>KG<br \/>\n<strong>Strukturtype:<\/strong> Separat hammer med bund<strong><br \/>\nMax. Hit energi(KJ):1<\/strong>KJ<strong><br \/>\nMaks. smedet st\u00f8rrelse (diameter) p\u00e5 rundst\u00e5l:<\/strong>\u03c685 mm<br \/>\n<strong>Maks. smedet st\u00f8rrelse (diameter) p\u00e5 firkantet st\u00e5l:<\/strong>65 x 65 mm<br \/>\n<strong>Str\u00f8m:<\/strong> 7,5 KW<br \/>\n<strong>Sp\u00e6nding:<\/strong>\u00a0220V\/380V<br \/>\n<strong>Pakningsdimension:<\/strong> 1420*720*2050<br \/>\n<strong>GW (kg):<\/strong> 2200<\/p>","protected":false},"featured_media":974,"template":"","meta":{"_kad_post_transparent":"default","_kad_post_title":"hide","_kad_post_layout":"fullwidth","_kad_post_sidebar_id":"","_kad_post_content_style":"unboxed","_kad_post_vertical_padding":"hide","_kad_post_feature":"hide","_kad_post_feature_position":"","_kad_post_header":false,"_kad_post_footer":false},"product_brand":[],"product_cat":[28],"product_tag":[455,456,457,458,459,447],"class_list":{"0":"post-971","1":"product","2":"type-product","3":"status-publish","4":"has-post-thumbnail","6":"product_cat-blacksmith-power-hammer","7":"product_tag-c41-75kg-150kg-type-automatic-blacksmith-hammer-for-forging","8":"product_tag-c41-75kg-air-power-forging-hammer-homemade","9":"product_tag-c41-75kg-hammer-strength-power-rack","10":"product_tag-ellsen-brand-c41-75kg-air-hammer-metal-forging-hammer-for-sale","11":"product_tag-hot-sale-75kg-hammer-forging-machines-for-blacksmith","12":"product_tag-pneumatic-forging-hammer-for-wrought-iron-blacksmith","14":"first","15":"instock","16":"shipping-taxable","17":"product-type-simple","18":"entry","19":"content-bg","20":"loop-entry"},"_links":{"self":[{"href":"https:\/\/zzlcmachinery.com\/da\/wp-json\/wp\/v2\/product\/971","targetHints":{"allow":["GET"]}}],"collection":[{"href":"https:\/\/zzlcmachinery.com\/da\/wp-json\/wp\/v2\/product"}],"about":[{"href":"https:\/\/zzlcmachinery.com\/da\/wp-json\/wp\/v2\/types\/product"}],"version-history":[{"count":0,"href":"https:\/\/zzlcmachinery.com\/da\/wp-json\/wp\/v2\/product\/971\/revisions"}],"wp:featuredmedia":[{"embeddable":true,"href":"https:\/\/zzlcmachinery.com\/da\/wp-json\/wp\/v2\/media\/974"}],"wp:attachment":[{"href":"https:\/\/zzlcmachinery.com\/da\/wp-json\/wp\/v2\/media?parent=971"}],"wp:term":[{"taxonomy":"product_brand","embeddable":true,"href":"https:\/\/zzlcmachinery.com\/da\/wp-json\/wp\/v2\/product_brand?post=971"},{"taxonomy":"product_cat","embeddable":true,"href":"https:\/\/zzlcmachinery.com\/da\/wp-json\/wp\/v2\/product_cat?post=971"},{"taxonomy":"product_tag","embeddable":true,"href":"https:\/\/zzlcmachinery.com\/da\/wp-json\/wp\/v2\/product_tag?post=971"}],"curies":[{"name":"wp","href":"https:\/\/api.w.org\/{rel}","templated":true}]}}