{"id":943,"date":"2022-11-17T19:44:01","date_gmt":"2022-11-17T11:44:01","guid":{"rendered":"https:\/\/zzlcmachinery.com\/?post_type=product&#038;p=943"},"modified":"2022-11-22T14:08:52","modified_gmt":"2022-11-22T06:08:52","slug":"factory-direct-sale-c41-25kg-homemade-blacksmith-power-hammer","status":"publish","type":"product","link":"https:\/\/zzlcmachinery.com\/da\/vare\/factory-direct-sale-c41-25kg-homemade-blacksmith-power-hammer\/","title":{"rendered":"Fabriks direkte salg C41-25kg Hjemmelavet smed Power Hammer"},"content":{"rendered":"","protected":false},"excerpt":{"rendered":"<p>Denne fabriks direkte salg C41-25kg hjemmelavede smed power hammer er lille i st\u00f8rrelse, lav i st\u00f8j, enkel i struktur, nem at betjene, fleksibel i aktion og praktisk i h\u00e5ndtering, installation og vedligeholdelse. Denne model er velegnet til forskellige frie smedninger: s\u00e5som opstilling, tegning, stansning, b\u00f8jning, vridning, varmsk\u00e6ring, terminalforbindelse osv. Samtidig kan forskellige \u00e5bne matricesmedninger udf\u00f8res ved at bruge pudeforme. Det er velegnet til fri smedning af dele af forskellige former, is\u00e6r velegnet til landdistriktsbyvirksomheder og professionelle husholdninger, der smeder segl, Badin, kv\u00e6g og hestesko og hakker. Samtidig bruger forskellige fabrikker og miner ogs\u00e5 lufthamre til at smede st\u00e5lkugler, stilladser og andre fabrikker, miner og byggematerialer. Derudover er denne serie af lufthamre ogs\u00e5 et professionelt smedejernsv\u00e6rkt\u00f8j, der almindeligvis bruges af smede. Det kan lave forskellige stilarter af forme og smede forskellige smedejernsblomster, fugle og andre smukke dekorationer.<br \/>\nVi kan levere 6 kg, 16 kg, 25 kg, 40 kg, 55 kg, 75 kg, 100 kg, 150 kg, 250 kg, 400 kg, 560 kg, 750 kg, 1000 kg, 2000 kg til valg efter forskellige behov for smedearbejde .Du kan v\u00e6lge model i henhold til f\u00f8lgende specifikationer<\/p>\n<p><strong>TEKNISK PARAMETER<br \/>\nModel: C41-25KG<br \/>\nV\u00e6gt af faldende dele (KG):<\/strong>25 kg<br \/>\n<strong>Strukturtype:<\/strong>Separat lufthammer<strong><br \/>\nMax. Hit energi (KJ):<\/strong>0,27KJ<strong><br \/>\nMaks. smedet st\u00f8rrelse (diameter) p\u00e5 rundst\u00e5l:<\/strong>\u03c645 mm<br \/>\n<strong>Maks. smedet st\u00f8rrelse (diameter) p\u00e5 firkantet st\u00e5l:<\/strong>40x40 mm<br \/>\n<strong>Str\u00f8m:<\/strong> 3 KW<br \/>\n<strong>Sp\u00e6nding:<\/strong>\u00a0220V\/380V<br \/>\n<strong>Pakningsdimension:<\/strong> 980*510*1200<br \/>\n<strong>GW (kg):<\/strong> 560<\/p>","protected":false},"featured_media":947,"template":"","meta":{"_kad_post_transparent":"default","_kad_post_title":"hide","_kad_post_layout":"fullwidth","_kad_post_sidebar_id":"","_kad_post_content_style":"unboxed","_kad_post_vertical_padding":"hide","_kad_post_feature":"hide","_kad_post_feature_position":"","_kad_post_header":false,"_kad_post_footer":false},"product_brand":[],"product_cat":[28],"product_tag":[416,432,431,430,429,428],"class_list":{"0":"post-943","1":"product","2":"type-product","3":"status-publish","4":"has-post-thumbnail","6":"product_cat-blacksmith-power-hammer","7":"product_tag-air-hammer","8":"product_tag-c41-25kg-drop-forging-hammer-for-iron-blacksmith","9":"product_tag-c41-25kg-electric-pneumatic-hammer","10":"product_tag-high-efficiency-c41-25kg-power-runner-hammer-with-ce","11":"product_tag-hottest-sale-20kg-25kg-40kg-55kg-75kg-blacksmith-pneumatic-hammer","12":"product_tag-pneumatic-hammer-for-blacksmith","14":"first","15":"instock","16":"shipping-taxable","17":"product-type-simple","18":"entry","19":"content-bg","20":"loop-entry"},"_links":{"self":[{"href":"https:\/\/zzlcmachinery.com\/da\/wp-json\/wp\/v2\/product\/943","targetHints":{"allow":["GET"]}}],"collection":[{"href":"https:\/\/zzlcmachinery.com\/da\/wp-json\/wp\/v2\/product"}],"about":[{"href":"https:\/\/zzlcmachinery.com\/da\/wp-json\/wp\/v2\/types\/product"}],"version-history":[{"count":0,"href":"https:\/\/zzlcmachinery.com\/da\/wp-json\/wp\/v2\/product\/943\/revisions"}],"wp:featuredmedia":[{"embeddable":true,"href":"https:\/\/zzlcmachinery.com\/da\/wp-json\/wp\/v2\/media\/947"}],"wp:attachment":[{"href":"https:\/\/zzlcmachinery.com\/da\/wp-json\/wp\/v2\/media?parent=943"}],"wp:term":[{"taxonomy":"product_brand","embeddable":true,"href":"https:\/\/zzlcmachinery.com\/da\/wp-json\/wp\/v2\/product_brand?post=943"},{"taxonomy":"product_cat","embeddable":true,"href":"https:\/\/zzlcmachinery.com\/da\/wp-json\/wp\/v2\/product_cat?post=943"},{"taxonomy":"product_tag","embeddable":true,"href":"https:\/\/zzlcmachinery.com\/da\/wp-json\/wp\/v2\/product_tag?post=943"}],"curies":[{"name":"wp","href":"https:\/\/api.w.org\/{rel}","templated":true}]}}