{"id":912,"date":"2022-11-14T23:58:25","date_gmt":"2022-11-14T15:58:25","guid":{"rendered":"https:\/\/zzlcmachinery.com\/?post_type=product&#038;p=912"},"modified":"2022-11-22T14:06:50","modified_gmt":"2022-11-22T06:06:50","slug":"c41-16kg-hot-forging-machine-blacksmith-air-power-forging-hammer","status":"publish","type":"product","link":"https:\/\/zzlcmachinery.com\/da\/vare\/c41-16kg-hot-forging-machine-blacksmith-air-power-forging-hammer\/","title":{"rendered":"C41-16kg Hot Smedemaskine Smed Air Power Smedehammer"},"content":{"rendered":"","protected":false},"excerpt":{"rendered":"<p>Denne C41-16kg varme smedemaskine smed luftkraft smedehammer er en slags gratis smedehammer. Dens design er baseret p\u00e5 de gennempr\u00f8vede designs af mange gamle europ\u00e6iske hamre, der stadig er i brug i dag. Det bruges af mange smede til at lave forskellige dekorative smedninger, hvilket g\u00f8r det nemt at forme varmt jern. Med en uafh\u00e6ngig krafthammer beh\u00f8ver du ikke en ekstra luftkompressor. Maskinsmedet metal gennem str\u00e6kning, opstuvning, stempling, varm klipning, smedning, svejsning, b\u00f8jning, forvr\u00e6ngning og andre midler, ved hj\u00e6lp af forskellige steder: indlejret, st\u00f8bt, sk\u00e5ret, hul, nitte, stempel, osv. ... alle slags metaller.<br \/>\nVi kan levere 6 kg, 16 kg, 25 kg, 40 kg, 55 kg, 75 kg, 100 kg, 150 kg, 250 kg, 400 kg, 560 kg, 750 kg, 1000 kg, 2000 kg til valg efter forskellige behov for smedearbejde .Du kan v\u00e6lge model i henhold til f\u00f8lgende specifikationer<\/p>\n<p><strong>TEKNISK PARAMETER<br \/>\nModel: C41-16KG<br \/>\nV\u00e6gt af faldende dele (KG):<\/strong>16 kg<strong><br \/>\nMax. Hit energi (KJ):<\/strong>0,18KJ<strong><br \/>\nMaks. smedet st\u00f8rrelse (diameter) p\u00e5 rundst\u00e5l:<\/strong>\u03c625 mm<br \/>\n<strong>Maks. smedet st\u00f8rrelse (diameter) p\u00e5 firkantet st\u00e5l:<\/strong>20x20 mm<br \/>\n<strong>Str\u00f8m:<\/strong> 1,5KW<br \/>\n<strong>Sp\u00e6nding:<\/strong> 220V\/380V<br \/>\n<strong>Pakningsdimension:<\/strong> 660*420*970<br \/>\n<strong>GW (kg):<\/strong> 240<\/p>","protected":false},"featured_media":926,"template":"","meta":{"_kad_post_transparent":"default","_kad_post_title":"hide","_kad_post_layout":"fullwidth","_kad_post_sidebar_id":"","_kad_post_content_style":"unboxed","_kad_post_vertical_padding":"hide","_kad_post_feature":"hide","_kad_post_feature_position":"","_kad_post_header":false,"_kad_post_footer":false},"product_brand":[],"product_cat":[28],"product_tag":[406,412,413,404,405,400,410,411,402,403,408,401,409,407,399],"class_list":{"0":"post-912","1":"product","2":"type-product","3":"status-publish","4":"has-post-thumbnail","6":"product_cat-blacksmith-power-hammer","7":"product_tag-air-power-hammer","8":"product_tag-anyang-power-hammer-for-blacksmith","9":"product_tag-blacksmith-power-forging-hammer","10":"product_tag-blacksmith-power-hammer","11":"product_tag-blacksmith-power-hammer-for-sale","12":"product_tag-c41-16kg-hot-forging-machine-blacksmith-air-power-forging-hammer","13":"product_tag-c41-16kg-single-with-base-plate-pneumatic-hammer-forging","14":"product_tag-c41-20kg-25kg-40kg-power-hammer-anyang-price","15":"product_tag-forging-hammer-machine","16":"product_tag-free-forging-air-hammer-c41-16kg","17":"product_tag-pneumatic-forging-hammer","18":"product_tag-pneumatic-forging-hammer-price","19":"product_tag-pneumatic-power-hammer-for-sale","20":"product_tag-power-hammer-for-blacksmith","21":"product_tag-samll-air-hammer-for-sale-c41-16kg-hot-forging-machine-blacksmirh-air-power-forging-hammer","23":"first","24":"instock","25":"shipping-taxable","26":"product-type-simple","27":"entry","28":"content-bg","29":"loop-entry"},"_links":{"self":[{"href":"https:\/\/zzlcmachinery.com\/da\/wp-json\/wp\/v2\/product\/912","targetHints":{"allow":["GET"]}}],"collection":[{"href":"https:\/\/zzlcmachinery.com\/da\/wp-json\/wp\/v2\/product"}],"about":[{"href":"https:\/\/zzlcmachinery.com\/da\/wp-json\/wp\/v2\/types\/product"}],"version-history":[{"count":0,"href":"https:\/\/zzlcmachinery.com\/da\/wp-json\/wp\/v2\/product\/912\/revisions"}],"wp:featuredmedia":[{"embeddable":true,"href":"https:\/\/zzlcmachinery.com\/da\/wp-json\/wp\/v2\/media\/926"}],"wp:attachment":[{"href":"https:\/\/zzlcmachinery.com\/da\/wp-json\/wp\/v2\/media?parent=912"}],"wp:term":[{"taxonomy":"product_brand","embeddable":true,"href":"https:\/\/zzlcmachinery.com\/da\/wp-json\/wp\/v2\/product_brand?post=912"},{"taxonomy":"product_cat","embeddable":true,"href":"https:\/\/zzlcmachinery.com\/da\/wp-json\/wp\/v2\/product_cat?post=912"},{"taxonomy":"product_tag","embeddable":true,"href":"https:\/\/zzlcmachinery.com\/da\/wp-json\/wp\/v2\/product_tag?post=912"}],"curies":[{"name":"wp","href":"https:\/\/api.w.org\/{rel}","templated":true}]}}