{"id":902,"date":"2022-11-14T18:55:11","date_gmt":"2022-11-14T10:55:11","guid":{"rendered":"https:\/\/zzlcmachinery.com\/?post_type=product&#038;p=902"},"modified":"2022-11-26T00:46:36","modified_gmt":"2022-11-25T16:46:36","slug":"lc-dl60-china-wrought-iron-machine-and-cold-rolling-embossing-machine","status":"publish","type":"product","link":"https:\/\/zzlcmachinery.com\/da\/vare\/lc-dl60-china-wrought-iron-machine-and-cold-rolling-embossing-machine\/","title":{"rendered":"LC-DL60 Kina smedejernsmaskine og koldvalsende pr\u00e6gemaskine"},"content":{"rendered":"","protected":false},"excerpt":{"rendered":"<p>Denne LC-DL60 Kina smedejernsmaskine og koldvalsende pr\u00e6gemaskine er et professionelt udstyr til koldvalsning og pr\u00e6gemaskine. Denne maskine kan behandle firkantet r\u00f8r, firkantet st\u00e5l, fladt jern, rustfrit st\u00e5lr\u00f8r, rektangul\u00e6rt r\u00f8r med internationale f\u00e6lles dimensioner, Denne maskine kan male m\u00f8nstre i firkantr\u00f8rets fire hj\u00f8rner, kan male ind i r\u00e6kv\u00e6rket af trappens brugte r\u00f8r. K\u00f8rer j\u00e6vnt, sikkert og p\u00e5lidelig. G\u00e6lder for bygninger, turistattraktioner og boligindretning.<br \/>\nDen st\u00f8rste fordel ved denne maskine er, at den har et s\u00e6t kombinerede forme, der kan bruges til at behandle 20\u00d720-100x100 mm firkantede r\u00f8r, rektangul\u00e6re r\u00f8r og rustfri st\u00e5lr\u00f8r. S\u00e5 l\u00e6nge det er materialet som kunden har, kan det bearbejdes og pr\u00e6ges p\u00e5 formen ved at justere pakningskombinationen.<br \/>\nDu beh\u00f8ver ikke betale for hver st\u00f8rrelse form for at lave en separat form. Spar tid, penge og kr\u00e6fter.<\/p>\n<p><strong>TEKNISK PARAMETER<br \/>\nModel: LC-DL60<\/strong><br \/>\n<strong>Fladjern:<\/strong> \u226410\u00d760 mm<br \/>\n<strong>Firkantet st\u00e5l:<\/strong>\u00a0\u226425\u00d725 mm<br \/>\n<strong>Firkantet r\u00f8r:<\/strong> \u2264100x100mm<br \/>\n<strong>Str\u00f8m:<\/strong> 7,5KW<br \/>\n<strong>Sp\u00e6nding:<\/strong> 220V\/380V<br \/>\n<strong>Pakningsdimension:<\/strong> 1000\u00d7800\u00d71200 mm<br \/>\n<strong>NW (kg):<\/strong> 450<br \/>\n<strong>GW (kg):<\/strong> 500<\/p>","protected":false},"featured_media":909,"template":"","meta":{"_kad_post_transparent":"default","_kad_post_title":"hide","_kad_post_layout":"fullwidth","_kad_post_sidebar_id":"","_kad_post_content_style":"unboxed","_kad_post_vertical_padding":"hide","_kad_post_feature":"hide","_kad_post_feature_position":"","_kad_post_header":false,"_kad_post_footer":false},"product_brand":[],"product_cat":[29,19],"product_tag":[387,391,390,381,382,394,388,396,397,392,389,398,395,393],"class_list":{"0":"post-902","1":"product","2":"type-product","3":"status-publish","4":"has-post-thumbnail","6":"product_cat-electric-wrought-iron-processing-machine","7":"product_cat-cold-rolling-embossing-machine","8":"product_tag-blacksmith-embossing-metal-machine","9":"product_tag-buy-handrail-embossling-machine","10":"product_tag-china-iron-art-machine","11":"product_tag-china-metal-craft-embossing-equiment","12":"product_tag-china-wrought-iron-machine-and-cold-rolling-embossing-machine","13":"product_tag-cold-rolling-embossing-machine-for-wrought-iron-decoration","14":"product_tag-embossing-machine-for-rolling-forming-machine-manufacturer","15":"product_tag-flat-iron-embossing-machine","16":"product_tag-forged-square-tube-equipment","17":"product_tag-metal-embossing-handrail-embossing-machine","18":"product_tag-multifunction-adjustable-speed-handrail-cold-embossing-machine","19":"product_tag-ornamental-machine-for-sale","20":"product_tag-square-steel-embossing-machine","21":"product_tag-wrought-iron-decoration","23":"first","24":"instock","25":"featured","26":"shipping-taxable","27":"product-type-simple","28":"entry","29":"content-bg","30":"loop-entry"},"_links":{"self":[{"href":"https:\/\/zzlcmachinery.com\/da\/wp-json\/wp\/v2\/product\/902","targetHints":{"allow":["GET"]}}],"collection":[{"href":"https:\/\/zzlcmachinery.com\/da\/wp-json\/wp\/v2\/product"}],"about":[{"href":"https:\/\/zzlcmachinery.com\/da\/wp-json\/wp\/v2\/types\/product"}],"version-history":[{"count":0,"href":"https:\/\/zzlcmachinery.com\/da\/wp-json\/wp\/v2\/product\/902\/revisions"}],"wp:featuredmedia":[{"embeddable":true,"href":"https:\/\/zzlcmachinery.com\/da\/wp-json\/wp\/v2\/media\/909"}],"wp:attachment":[{"href":"https:\/\/zzlcmachinery.com\/da\/wp-json\/wp\/v2\/media?parent=902"}],"wp:term":[{"taxonomy":"product_brand","embeddable":true,"href":"https:\/\/zzlcmachinery.com\/da\/wp-json\/wp\/v2\/product_brand?post=902"},{"taxonomy":"product_cat","embeddable":true,"href":"https:\/\/zzlcmachinery.com\/da\/wp-json\/wp\/v2\/product_cat?post=902"},{"taxonomy":"product_tag","embeddable":true,"href":"https:\/\/zzlcmachinery.com\/da\/wp-json\/wp\/v2\/product_tag?post=902"}],"curies":[{"name":"wp","href":"https:\/\/api.w.org\/{rel}","templated":true}]}}