{"id":884,"date":"2022-11-13T20:52:27","date_gmt":"2022-11-13T12:52:27","guid":{"rendered":"https:\/\/zzlcmachinery.com\/?post_type=product&#038;p=884"},"modified":"2022-11-26T00:46:42","modified_gmt":"2022-11-25T16:46:42","slug":"lc-fsg89-stainless-steel-round-pipe-making-machine-for-stair-handrail","status":"publish","type":"product","link":"https:\/\/zzlcmachinery.com\/da\/vare\/lc-fsg89-stainless-steel-round-pipe-making-machine-for-stair-handrail\/","title":{"rendered":"LC-FSG89 Rustfrit st\u00e5l rundr\u00f8rsfremstillingsmaskine til trappegel\u00e6nder"},"content":{"rendered":"","protected":false},"excerpt":{"rendered":"<p>LC-FSG89 Rustfrit st\u00e5l rundr\u00f8rsfremstillingsmaskine til trappegel\u00e6nder er maskinen har mange funktioner, ikke kun kan behandle runde jernr\u00f8r som trappegel\u00e6ndere, men ogs\u00e5 rustfri st\u00e5lr\u00f8r, som begge kan forarbejdes til firkantede r\u00f8r med rillem\u00f8nstre p\u00e5 alle fire hj\u00f8rner.<br \/>\nEt tilf\u00e6ldigt s\u00e6t frie st\u00f8beforme best\u00e5r af 8 par st\u00f8beforme, og flere s\u00e6t st\u00f8beforme kan installeres side om side, det vil sige, at 2-3 runde r\u00f8r bearbejdes side om side til forskellige former af gel\u00e6ndere eller firkantede r\u00f8r p\u00e5 samme tid. .<br \/>\nVi har et professionelt designerteam til at designe formtegninger til kunder gratis og tilpasse forme til at im\u00f8dekomme kundernes behov.<\/p>\n<p><strong>TEKNISK PARAMETER<br \/>\nModel: LC-FSG89<\/strong><br \/>\n<b>Materiale: Rundt r\u00f8r &amp; Rustfrit r\u00f8r<br \/>\nArbejdsevne:<\/b>Rundt r\u00f8r \u2264\u03c689mm Tykkelse\u22643mm<b><br \/>\n<\/b>\u00a0 \u00a0 \u00a0 \u00a0 \u00a0 \u00a0 \u00a0 \u00a0 \u00a0 \u00a0 \u00a0 \u00a0 \u00a0 \u00a0 Rustfrit r\u00f8r \u2264\u03c689mm Tykkelse\u22642mm<br \/>\n<strong>Str\u00f8m:<\/strong> 11KW<br \/>\n<strong>Sp\u00e6nding:<\/strong> 220V\/380V\/415V 50HZ<br \/>\n<strong>Pakningsdimension:<\/strong> 3000\u00d7710\u00d71420 mm<br \/>\n<strong>NW (kg):<\/strong> 1700<br \/>\n<strong>GW (kg):<\/strong> 1850<\/p>","protected":false},"featured_media":878,"template":"","meta":{"_kad_post_transparent":"default","_kad_post_title":"hide","_kad_post_layout":"fullwidth","_kad_post_sidebar_id":"","_kad_post_content_style":"unboxed","_kad_post_vertical_padding":"hide","_kad_post_feature":"hide","_kad_post_feature_position":"","_kad_post_header":false,"_kad_post_footer":false},"product_brand":[],"product_cat":[29,19],"product_tag":[356,374,372,376,47,375,357,359,358,360,361,369,362,363,377,367,364,370,371,368,366,365,373,111],"class_list":{"0":"post-884","1":"product","2":"type-product","3":"status-publish","4":"has-post-thumbnail","6":"product_cat-electric-wrought-iron-processing-machine","7":"product_cat-cold-rolling-embossing-machine","8":"product_tag-aotomatic-handrail-pipe-forming-machine","9":"product_tag-buy-cold-rolling-stainless-steel-handrail-pipe-making-machine","10":"product_tag-buy-wrought-iron-handrail-pipe-forming-machine","11":"product_tag-china-handrail-pipe-forming-machine","12":"product_tag-cold-rolling-embossing-machine","13":"product_tag-cold-rolling-stainless-steel-handrail-pipe-making-machine","14":"product_tag-handrail-dies-catalogue","15":"product_tag-handrail-making-machine","16":"product_tag-handrail-pipe-forming-machine","17":"product_tag-handrail-roll-forming-machine-made-in-china","18":"product_tag-handrails-making-machine","19":"product_tag-machine-for-stair-handrail-wholesale-factory","20":"product_tag-stainless-steel-handrail-tube-roll-forming-machine","21":"product_tag-stainless-steel-round-pipe-making-machine-for-stair-handrail","22":"product_tag-stair-handrail-pipe-roll-forming-machine","23":"product_tag-stair-handrail-stainless-steel-pipe-bending-machine","24":"product_tag-steel-handrail-roll-forming-machine","25":"product_tag-super-pipe-forming-machine","26":"product_tag-supply-stainless-steel-round-pipe-making","27":"product_tag-tube-fabricator-supplies-exotic-handrail-systems","28":"product_tag-tube-mill-equipment","29":"product_tag-tube-mill-equipment-tube-production-line","30":"product_tag-wrought-iron-handrail-pipe-forming-machine","31":"product_tag-wrought-iron-machine","33":"first","34":"instock","35":"featured","36":"shipping-taxable","37":"product-type-simple","38":"entry","39":"content-bg","40":"loop-entry"},"_links":{"self":[{"href":"https:\/\/zzlcmachinery.com\/da\/wp-json\/wp\/v2\/product\/884","targetHints":{"allow":["GET"]}}],"collection":[{"href":"https:\/\/zzlcmachinery.com\/da\/wp-json\/wp\/v2\/product"}],"about":[{"href":"https:\/\/zzlcmachinery.com\/da\/wp-json\/wp\/v2\/types\/product"}],"version-history":[{"count":0,"href":"https:\/\/zzlcmachinery.com\/da\/wp-json\/wp\/v2\/product\/884\/revisions"}],"wp:featuredmedia":[{"embeddable":true,"href":"https:\/\/zzlcmachinery.com\/da\/wp-json\/wp\/v2\/media\/878"}],"wp:attachment":[{"href":"https:\/\/zzlcmachinery.com\/da\/wp-json\/wp\/v2\/media?parent=884"}],"wp:term":[{"taxonomy":"product_brand","embeddable":true,"href":"https:\/\/zzlcmachinery.com\/da\/wp-json\/wp\/v2\/product_brand?post=884"},{"taxonomy":"product_cat","embeddable":true,"href":"https:\/\/zzlcmachinery.com\/da\/wp-json\/wp\/v2\/product_cat?post=884"},{"taxonomy":"product_tag","embeddable":true,"href":"https:\/\/zzlcmachinery.com\/da\/wp-json\/wp\/v2\/product_tag?post=884"}],"curies":[{"name":"wp","href":"https:\/\/api.w.org\/{rel}","templated":true}]}}