{"id":867,"date":"2022-11-10T00:20:57","date_gmt":"2022-11-09T16:20:57","guid":{"rendered":"https:\/\/zzlcmachinery.com\/?post_type=product&#038;p=867"},"modified":"2022-12-13T13:42:15","modified_gmt":"2022-12-13T05:42:15","slug":"jk-30-sheet-iron-plate-cold-embossing-machine","status":"publish","type":"product","link":"https:\/\/zzlcmachinery.com\/da\/vare\/jk-30-sheet-iron-plate-cold-embossing-machine\/","title":{"rendered":"JK-30 pladejernplade kold pr\u00e6gemaskine"},"content":{"rendered":"","protected":false},"excerpt":{"rendered":"<p>JK-30 En pladejernsplade koldpr\u00e6gemaskine er en type maskine, der bruges til at pr\u00e6ge m\u00f8nstre eller designs p\u00e5 metalplader uden brug af varme. Dette g\u00f8res ved at presse metalpladen mellem to matricer, der enten er graveret med det \u00f8nskede m\u00f8nster eller lavet af en form af designet til kundens behov. Maskinen l\u00e6gger pres p\u00e5 metalpladen, hvilket f\u00e5r den til at antage formen af matricerne og skaber et pr\u00e6get m\u00f8nster p\u00e5 overfladen af metallet. Kold pr\u00e6gning er en almindelig teknik, der bruges til fremstilling af produkter s\u00e5som metalskilte, dekorative paneler og andre produkter, der kr\u00e6ver pr\u00e6gede m\u00f8nstre p\u00e5 metalplader. Kold pr\u00e6gning foretr\u00e6kkes ofte frem for varm pr\u00e6gning, fordi det ikke involverer brug af varme, som kan beskadige eller forvr\u00e6nge metallet.<br \/>\nBredden af jernpladen og formens m\u00f8nster kan tilpasses gratis!<br \/>\n<strong>TEKNISK PARAMETER<\/strong><br \/>\n<strong>Materiale:<\/strong> Jernplade, Aluminiumsplade, Kobberplade, Rustfri st\u00e5lplade<br \/>\n<strong>Materiale bredde:<\/strong>30 mm<br \/>\n<strong>Materiale tykkelse<\/strong>: maksimalt 2 mm<br \/>\n<strong>Str\u00f8m:<\/strong> 2,2KW (I henhold til bredden og tykkelsen af det valsede materiale i henhold til kundernes faktiske behov)<br \/>\n<strong>Sp\u00e6nding:<\/strong>\u00a0220V\/380V\/415V<br \/>\n<strong>Pakningsdimension:<\/strong> 1500\u00d7710\u00d7800 mm<br \/>\n<strong>NW (kg):<\/strong> 350<br \/>\n<strong>GW (kg):<\/strong> 400<\/p>","protected":false},"featured_media":1535,"template":"","meta":{"_kad_post_transparent":"default","_kad_post_title":"hide","_kad_post_layout":"fullwidth","_kad_post_sidebar_id":"","_kad_post_content_style":"unboxed","_kad_post_vertical_padding":"hide","_kad_post_feature":"hide","_kad_post_feature_position":"","_kad_post_header":false,"_kad_post_footer":false},"product_brand":[],"product_cat":[29,19],"product_tag":[47,521,519,518,520,517,522],"class_list":{"0":"post-867","1":"product","2":"type-product","3":"status-publish","4":"has-post-thumbnail","6":"product_cat-electric-wrought-iron-processing-machine","7":"product_cat-cold-rolling-embossing-machine","8":"product_tag-cold-rolling-embossing-machine","9":"product_tag-cold-rolling-sheet-embossing-machine-manufacturers","10":"product_tag-iorn-sheet-embossing-machine","11":"product_tag-iron-plate-cold-embossing-machine","12":"product_tag-metal-sheet-embossing-machine-manufacturers-suppliers","13":"product_tag-sheet-iron-plate-cold-embossing-machine","14":"product_tag-sheet-iron-plate-embossing-machine","16":"first","17":"instock","18":"shipping-taxable","19":"product-type-simple","20":"entry","21":"content-bg","22":"loop-entry"},"_links":{"self":[{"href":"https:\/\/zzlcmachinery.com\/da\/wp-json\/wp\/v2\/product\/867","targetHints":{"allow":["GET"]}}],"collection":[{"href":"https:\/\/zzlcmachinery.com\/da\/wp-json\/wp\/v2\/product"}],"about":[{"href":"https:\/\/zzlcmachinery.com\/da\/wp-json\/wp\/v2\/types\/product"}],"version-history":[{"count":0,"href":"https:\/\/zzlcmachinery.com\/da\/wp-json\/wp\/v2\/product\/867\/revisions"}],"wp:featuredmedia":[{"embeddable":true,"href":"https:\/\/zzlcmachinery.com\/da\/wp-json\/wp\/v2\/media\/1535"}],"wp:attachment":[{"href":"https:\/\/zzlcmachinery.com\/da\/wp-json\/wp\/v2\/media?parent=867"}],"wp:term":[{"taxonomy":"product_brand","embeddable":true,"href":"https:\/\/zzlcmachinery.com\/da\/wp-json\/wp\/v2\/product_brand?post=867"},{"taxonomy":"product_cat","embeddable":true,"href":"https:\/\/zzlcmachinery.com\/da\/wp-json\/wp\/v2\/product_cat?post=867"},{"taxonomy":"product_tag","embeddable":true,"href":"https:\/\/zzlcmachinery.com\/da\/wp-json\/wp\/v2\/product_tag?post=867"}],"curies":[{"name":"wp","href":"https:\/\/api.w.org\/{rel}","templated":true}]}}