{"id":865,"date":"2022-11-10T00:19:56","date_gmt":"2022-11-09T16:19:56","guid":{"rendered":"https:\/\/zzlcmachinery.com\/?post_type=product&#038;p=865"},"modified":"2022-11-14T22:42:35","modified_gmt":"2022-11-14T14:42:35","slug":"lc-dl60s-cheapest-square-tube-flat-iron-square-steel-embossing-machine","status":"publish","type":"product","link":"https:\/\/zzlcmachinery.com\/da\/vare\/lc-dl60s-cheapest-square-tube-flat-iron-square-steel-embossing-machine\/","title":{"rendered":"LC-DL60S Billigste Firkantr\u00f8r Fladjern Firkantet St\u00e5l Pr\u00e6gemaskine"},"content":{"rendered":"","protected":false},"excerpt":{"rendered":"<p>Denne LC-DL60S Billigste firkantet r\u00f8r fladjern firkantet st\u00e5l pr\u00e6gemaskine er et professionelt udstyr til koldvalsning og smedning af materialer. Denne maskine kan behandle firkantet r\u00f8r, firkantet st\u00e5l, fladt med internationale f\u00e6lles dimensioner, sammenlignet med den samme type kold pr\u00e6gemaskine, er formomkostningerne for denne maskine meget reduceret, s\u00e5som forarbejdning af firkantede r\u00f8r, er der ingen grund til at betal og graver et s\u00e6t st\u00f8beforme for hvert firkantr\u00f8r i forskellige st\u00f8rrelser, 20\u00d720-80x80mm firkantr\u00f8r er en kombination Formen kan frit kombineres til en st\u00f8beform, der er egnet til firkantede r\u00f8r af enhver st\u00f8rrelse gennem overlejring af pakninger.Kan ogs\u00e5 v\u00e6re forarbejdet inklusive rektangul\u00e6re r\u00f8r og rustfri st\u00e5lr\u00f8r.<br \/>\n<strong>TEKNISK PARAMETER<\/strong><br \/>\n<strong>Fladjern:<\/strong> \u226410\u00d750 mm<br \/>\n<strong>Firkantet st\u00e5l:<\/strong>\u00a0\u226425\u00d725 mm<br \/>\n<strong>Firkantet r\u00f8r:<\/strong> \u226480x80mm<br \/>\n<strong>Str\u00f8m:<\/strong> 4KW<br \/>\n<strong>Sp\u00e6nding:<\/strong> 220V\/380V<br \/>\n<strong>Pakningsdimension:<\/strong> 1000\u00d7800\u00d71200 mm<br \/>\n<strong>NW (kg):<\/strong> 450<br \/>\n<strong>GW (kg):<\/strong> 500<\/p>","protected":false},"featured_media":888,"template":"","meta":{"_kad_post_transparent":"default","_kad_post_title":"hide","_kad_post_layout":"fullwidth","_kad_post_sidebar_id":"","_kad_post_content_style":"unboxed","_kad_post_vertical_padding":"hide","_kad_post_feature":"hide","_kad_post_feature_position":"","_kad_post_header":false,"_kad_post_footer":false},"product_brand":[],"product_cat":[29,19],"product_tag":[381,382,47,386,379,378,380,384,383,385,44,111],"class_list":{"0":"post-865","1":"product","2":"type-product","3":"status-publish","4":"has-post-thumbnail","6":"product_cat-electric-wrought-iron-processing-machine","7":"product_cat-cold-rolling-embossing-machine","8":"product_tag-china-metal-craft-embossing-equiment","9":"product_tag-china-wrought-iron-machine-and-cold-rolling-embossing-machine","10":"product_tag-cold-rolling-embossing-machine","11":"product_tag-flat-iorn-embossing-machine","12":"product_tag-iron-embossing-machine","13":"product_tag-lc-dl60s-cheapest-square-tube-flat-iron-square-steel-embossing-machine","14":"product_tag-professional-cold-rolling-metal-plate-embossing-machine","15":"product_tag-sauare-steel-embossing-machine","16":"product_tag-square-tube-embossing-machine","17":"product_tag-stainless-steel-pipe-embossing-machine","18":"product_tag-wrought-iron-embossing-machine","19":"product_tag-wrought-iron-machine","21":"first","22":"instock","23":"shipping-taxable","24":"product-type-simple","25":"entry","26":"content-bg","27":"loop-entry"},"_links":{"self":[{"href":"https:\/\/zzlcmachinery.com\/da\/wp-json\/wp\/v2\/product\/865","targetHints":{"allow":["GET"]}}],"collection":[{"href":"https:\/\/zzlcmachinery.com\/da\/wp-json\/wp\/v2\/product"}],"about":[{"href":"https:\/\/zzlcmachinery.com\/da\/wp-json\/wp\/v2\/types\/product"}],"version-history":[{"count":0,"href":"https:\/\/zzlcmachinery.com\/da\/wp-json\/wp\/v2\/product\/865\/revisions"}],"wp:featuredmedia":[{"embeddable":true,"href":"https:\/\/zzlcmachinery.com\/da\/wp-json\/wp\/v2\/media\/888"}],"wp:attachment":[{"href":"https:\/\/zzlcmachinery.com\/da\/wp-json\/wp\/v2\/media?parent=865"}],"wp:term":[{"taxonomy":"product_brand","embeddable":true,"href":"https:\/\/zzlcmachinery.com\/da\/wp-json\/wp\/v2\/product_brand?post=865"},{"taxonomy":"product_cat","embeddable":true,"href":"https:\/\/zzlcmachinery.com\/da\/wp-json\/wp\/v2\/product_cat?post=865"},{"taxonomy":"product_tag","embeddable":true,"href":"https:\/\/zzlcmachinery.com\/da\/wp-json\/wp\/v2\/product_tag?post=865"}],"curies":[{"name":"wp","href":"https:\/\/api.w.org\/{rel}","templated":true}]}}