{"id":834,"date":"2022-11-04T22:29:01","date_gmt":"2022-11-04T14:29:01","guid":{"rendered":"https:\/\/zzlcmachinery.com\/?post_type=product&#038;p=834"},"modified":"2022-11-26T00:47:30","modified_gmt":"2022-11-25T16:47:30","slug":"lc120-hydraulic-decorative-iron-pipe-iron-tube-twisting-machine","status":"publish","type":"product","link":"https:\/\/zzlcmachinery.com\/da\/vare\/lc120-hydraulic-decorative-iron-pipe-iron-tube-twisting-machine\/","title":{"rendered":"LC120 Hydraulisk Dekorativ Jernr\u00f8r Jernr\u00f8r Vridningsmaskine"},"content":{"rendered":"","protected":false},"excerpt":{"rendered":"<p>Denne LC120 Hydrauliske dekorative jernr\u00f8rssnoningsmaskine bruges kun til at behandle runde r\u00f8r. Maskinens funktion ligger i udseendet af forskellige m\u00f8nstre, efter at de runde r\u00f8r er behandlet. Disse halvfabrikata anvendes hovedsageligt i r\u00e6kv\u00e6rk og skeletst\u00f8tter af d\u00f8re, vinduer, trapper og gel\u00e6ndere. De er ikke kun smukke, men ogs\u00e5 meget st\u00e6rke, de anvendte materialer er runde r\u00f8r, s\u00e5 sammenlignet med solide d\u00f8re og vinduer og gel\u00e6ndere, er omkostningerne reduceret med mere end 50%-80%. Den er meget velegnet til smedeforretninger, der betjener d\u00f8re og vinduer i stor skala. Denne r\u00f8rsnoningsmaskine bruges til at bearbejde runde r\u00f8r med en diameter p\u00e5 60-120 mm. Rundr\u00f8rene kan laves om til rundr\u00f8r, firkantr\u00f8r, 6-hj\u00f8rner, 12-hj\u00f8rner, 16-hj\u00f8rner osv. Efter bearbejdning. Disse forarbejdede r\u00f8r kan ogs\u00e5 have forskellige m\u00f8nsterformer, som hovedsageligt fremstilles ved gentagne drejninger af maskinen. M\u00f8nsterets t\u00e6thed og dybden af m\u00f8nsteret kan opn\u00e5s ved at justere det hydrauliske system og endestopkontakter.<br \/>\nDer skal l\u00e6gges s\u00e6rlig v\u00e6gt p\u00e5, at tykkelsen af det runde r\u00f8r ikke overstiger 2,5 mm.<br \/>\nTag det runde r\u00f8r omdannet til et firkantet r\u00f8r som et eksempel, rundt r\u00f8r med en diameter p\u00e5 \u03c6 50mm\uff0c \u03c660mm\uff0c \u03c676mm\uff0c \u03c6 89mm\uff0c \u03c6114mm omdannes til firkantet r\u00f8r \u53e3 40mm \u53e3 50mm \u53e3 \u53e3 9mm \u53e3 0mm)<br \/>\n24 timers online service, lad os vide, hvis du har sp\u00f8rgsm\u00e5l!<br \/>\n<strong>TEKNISK PARAMETER<br \/>\n<\/strong><strong>Model: LC-JKLG120<br \/>\nForarbejdningsmateriale: Rundt r\u00f8r\u2264\u03a6120mmx3mm<br \/>\nM\u00e5l p\u00e5 det f\u00e6rdige produkt:<\/strong><br \/>\n<strong>Rundt r\u00f8r<\/strong>\u2264\u03a6120mmx2,5mm<br \/>\n<strong>Fladt r\u00f8r<\/strong> \u2264 90x60x2,5 mm<br \/>\n<strong>Firkantet r\u00f8r<\/strong>\u226440x40x2,5-90x90x2,5 mm<br \/>\n<strong style=\"font-family: var(--global-body-font-family);\">Str\u00f8m:<\/strong><span style=\"font-family: var(--global-body-font-family);\"> 11,7KW<br \/>\n<\/span><strong>For gratis dies:<\/strong>6 s\u00e6t<br \/>\n<strong>Sp\u00e6nding:<\/strong>\u00a0220V\/380V\/415V<br \/>\n<strong>Pakningsdimension:<\/strong>800*1200*700 mm<strong><br \/>\n<\/strong><strong>NW (kg):<\/strong> 2500\u00a0 \u00a0 <strong>GW (kg):<\/strong> 2550<\/p>","protected":false},"featured_media":861,"template":"","meta":{"_kad_post_transparent":"default","_kad_post_title":"","_kad_post_layout":"default","_kad_post_sidebar_id":"","_kad_post_content_style":"default","_kad_post_vertical_padding":"default","_kad_post_feature":"","_kad_post_feature_position":"","_kad_post_header":false,"_kad_post_footer":false},"product_brand":[],"product_cat":[20,31],"product_tag":[350,353,354,339,349,343,355,351,352,111,347],"class_list":{"0":"post-834","1":"product","2":"type-product","3":"status-publish","4":"has-post-thumbnail","6":"product_cat-wrought-iron-twisting-machine","7":"product_cat-electric-pipe-twisting-machine","8":"product_tag-decorate-metal-pipe-tube-twist-wrought-iron-machine","9":"product_tag-decorative-pipe-tube-twisting-machine-pipe-threading-machine","10":"product_tag-factory-hot-sell-automatic-round-stainless-steel-pipe-twisting-machine","11":"product_tag-fully-automatic-multi-functional-round-tube-twisting-machine","12":"product_tag-iron-pipe-stainless-steel-pipe-tube-drawing-machine","13":"product_tag-ornamental-wrought-iron-round-pipe-twisting-making-machine","14":"product_tag-pipe-twisting-machine-for-wrought-iron","15":"product_tag-ss-tube-twisting-design-machine-wrought-iron-threading-pipe-machinery-price","16":"product_tag-tube-twisting-machine-spiral-twist-threading-round-metal-pipes-rotary-swaging-equipments","17":"product_tag-wrought-iron-machine","18":"product_tag-wrought-iron-tube-twisting-machine-for-steel-pipe","20":"first","21":"instock","22":"featured","23":"shipping-taxable","24":"product-type-simple","25":"entry","26":"content-bg","27":"loop-entry"},"_links":{"self":[{"href":"https:\/\/zzlcmachinery.com\/da\/wp-json\/wp\/v2\/product\/834","targetHints":{"allow":["GET"]}}],"collection":[{"href":"https:\/\/zzlcmachinery.com\/da\/wp-json\/wp\/v2\/product"}],"about":[{"href":"https:\/\/zzlcmachinery.com\/da\/wp-json\/wp\/v2\/types\/product"}],"version-history":[{"count":0,"href":"https:\/\/zzlcmachinery.com\/da\/wp-json\/wp\/v2\/product\/834\/revisions"}],"wp:featuredmedia":[{"embeddable":true,"href":"https:\/\/zzlcmachinery.com\/da\/wp-json\/wp\/v2\/media\/861"}],"wp:attachment":[{"href":"https:\/\/zzlcmachinery.com\/da\/wp-json\/wp\/v2\/media?parent=834"}],"wp:term":[{"taxonomy":"product_brand","embeddable":true,"href":"https:\/\/zzlcmachinery.com\/da\/wp-json\/wp\/v2\/product_brand?post=834"},{"taxonomy":"product_cat","embeddable":true,"href":"https:\/\/zzlcmachinery.com\/da\/wp-json\/wp\/v2\/product_cat?post=834"},{"taxonomy":"product_tag","embeddable":true,"href":"https:\/\/zzlcmachinery.com\/da\/wp-json\/wp\/v2\/product_tag?post=834"}],"curies":[{"name":"wp","href":"https:\/\/api.w.org\/{rel}","templated":true}]}}