{"id":832,"date":"2022-11-04T20:23:29","date_gmt":"2022-11-04T12:23:29","guid":{"rendered":"https:\/\/zzlcmachinery.com\/?post_type=product&#038;p=832"},"modified":"2022-11-26T00:47:32","modified_gmt":"2022-11-25T16:47:32","slug":"lc-jklg60-aotumatic-multi-function-round-pipe-twisting-machine","status":"publish","type":"product","link":"https:\/\/zzlcmachinery.com\/da\/vare\/lc-jklg60-aotumatic-multi-function-round-pipe-twisting-machine\/","title":{"rendered":"LC-JKLG60 Aotumatic Multifunktion Rundr\u00f8rssnoningsmaskine"},"content":{"rendered":"","protected":false},"excerpt":{"rendered":"<p>Denne LC-JKLG60 Aotumatic multifunktions runde r\u00f8rsnoningsmaskine kan tegne og behandle spiralrunde r\u00f8r, linje firkantede r\u00f8r, flade r\u00f8r med forskellige tykkelser og m\u00f8nstre.<br \/>\nMaskinen kan producere og bearbejde runde r\u00f8r med en diameter p\u00e5 h\u00f8jst 60 mm og en tykkelse p\u00e5 mindre end 1,2 mm til spiralr\u00f8r. Det runde r\u00f8r kan laves til firkantr\u00f8r, 6 hj\u00f8rner\u00f8r, 8 hj\u00f8rner\u00f8r, 16 hj\u00f8rner\u00f8r og andre m\u00f8nstre.<br \/>\nTr\u00e6k i maskinen kan behandle forskellige m\u00f8nstre i rustfrit st\u00e5l under specielle forme. Det forarbejdede materiale er ikke kun smukt af udseende, holdbart og st\u00e6rkt, men ogs\u00e5 fordi det er hult. Materialet vil v\u00e6re det dobbelte af materialeomkostningerne for fast materiale. Det er en vigtig maskine til behandling af d\u00f8re, vinduer, trapper, gel\u00e6ndere og hegn<br \/>\n24 timers online service, lad os vide, hvis du har sp\u00f8rgsm\u00e5l!<br \/>\n<strong>TEKNISK PARAMETER<br \/>\n<\/strong><strong>Model: LC-JKLG60<br \/>\nForarbejdningsmateriale: Rundt r\u00f8r\u2264\u03a660mmx1,2mm<br \/>\nM\u00e5l p\u00e5 det f\u00e6rdige produkt:<\/strong><br \/>\nRund<strong> r\u00f8r<\/strong>\u2264\u03a660mmx1,2mm<br \/>\nFladt r\u00f8r \u2264 60x30x1,2 mm<br \/>\nFirkantet r\u00f8r\u226415x15x1,2-60x60x1,2mm<br \/>\n<strong style=\"font-family: var(--global-body-font-family);\">Str\u00f8m:<\/strong><span style=\"font-family: var(--global-body-font-family);\"> 7,5KW<br \/>\n<\/span><strong>For gratis dies:<\/strong>6 s\u00e6t<br \/>\n<strong>Sp\u00e6nding:<\/strong>\u00a0220V\/380V\/415V<br \/>\n<strong>Pakningsdimension:<\/strong>800*1200*700 mm<strong><br \/>\n<\/strong><strong>NW (kg):<\/strong> 1100\u00a0 \u00a0 \u00a0<strong>GW (kg):<\/strong> 1150<\/p>","protected":false},"featured_media":848,"template":"","meta":{"_kad_post_transparent":"default","_kad_post_title":"","_kad_post_layout":"default","_kad_post_sidebar_id":"","_kad_post_content_style":"default","_kad_post_vertical_padding":"default","_kad_post_feature":"","_kad_post_feature_position":"","_kad_post_header":false,"_kad_post_footer":false},"product_brand":[],"product_cat":[20,31,29],"product_tag":[333,334,335,336,337,338,339,340,341,342,343,344,348,345,346,347],"class_list":{"0":"post-832","1":"product","2":"type-product","3":"status-publish","4":"has-post-thumbnail","6":"product_cat-wrought-iron-twisting-machine","7":"product_cat-electric-pipe-twisting-machine","8":"product_cat-electric-wrought-iron-processing-machine","9":"product_tag-aotumatic-multi-function-round-pipe-twisting-machine","10":"product_tag-automatic-rod-pipe-twisting-machine-equipment-with-best-price","11":"product_tag-automatic-tube-threading-pipe-twisting-machine","12":"product_tag-electric-metal-twisting-machine-twist-forming-metal-gate-door-processing-equipment","13":"product_tag-factory-hot-sale-automatic-round-stainless-steel-pipe-twisting-machine","14":"product_tag-finished-products-by-pipe-twisting-machine-2","15":"product_tag-fully-automatic-multi-functional-round-tube-twisting-machine","16":"product_tag-metal-wrought-iron-pipe-twisting-machine-with-factory-price","17":"product_tag-moulds-for-pipe-twisting-machine","18":"product_tag-new-automatic-round-pipe-twisting-machine-for-square-pipe-twisting-shape","19":"product_tag-ornamental-wrought-iron-round-pipe-twisting-making-machine","20":"product_tag-pipe-embossing-and-stretching-machine","21":"product_tag-round-pipe-twisting-machine","22":"product_tag-stainless-steel-pipe-twisting-forming-machine-with-square-pipe-twisting-shape","23":"product_tag-wrought-iron-pipe-twist-and-bend-machine-copper-pipe-twisting-machine","24":"product_tag-wrought-iron-tube-twisting-machine-for-steel-pipe","26":"first","27":"instock","28":"featured","29":"shipping-taxable","30":"product-type-simple","31":"entry","32":"content-bg","33":"loop-entry"},"_links":{"self":[{"href":"https:\/\/zzlcmachinery.com\/da\/wp-json\/wp\/v2\/product\/832","targetHints":{"allow":["GET"]}}],"collection":[{"href":"https:\/\/zzlcmachinery.com\/da\/wp-json\/wp\/v2\/product"}],"about":[{"href":"https:\/\/zzlcmachinery.com\/da\/wp-json\/wp\/v2\/types\/product"}],"version-history":[{"count":0,"href":"https:\/\/zzlcmachinery.com\/da\/wp-json\/wp\/v2\/product\/832\/revisions"}],"wp:featuredmedia":[{"embeddable":true,"href":"https:\/\/zzlcmachinery.com\/da\/wp-json\/wp\/v2\/media\/848"}],"wp:attachment":[{"href":"https:\/\/zzlcmachinery.com\/da\/wp-json\/wp\/v2\/media?parent=832"}],"wp:term":[{"taxonomy":"product_brand","embeddable":true,"href":"https:\/\/zzlcmachinery.com\/da\/wp-json\/wp\/v2\/product_brand?post=832"},{"taxonomy":"product_cat","embeddable":true,"href":"https:\/\/zzlcmachinery.com\/da\/wp-json\/wp\/v2\/product_cat?post=832"},{"taxonomy":"product_tag","embeddable":true,"href":"https:\/\/zzlcmachinery.com\/da\/wp-json\/wp\/v2\/product_tag?post=832"}],"curies":[{"name":"wp","href":"https:\/\/api.w.org\/{rel}","templated":true}]}}