{"id":807,"date":"2022-11-01T20:30:06","date_gmt":"2022-11-01T12:30:06","guid":{"rendered":"https:\/\/zzlcmachinery.com\/?post_type=product&#038;p=807"},"modified":"2022-11-22T14:55:42","modified_gmt":"2022-11-22T06:55:42","slug":"lc-dk-hydraulic-folding-welding-spot-square-buckle-machine-for-forging-handrail","status":"publish","type":"product","link":"https:\/\/zzlcmachinery.com\/da\/vare\/lc-dk-hydraulic-folding-welding-spot-square-buckle-machine-for-forging-handrail\/","title":{"rendered":"LC-DK Hydraulisk folde svejsepunkt Firkantet sp\u00e6ndemaskine til smedning af gel\u00e6nder"},"content":{"rendered":"","protected":false},"excerpt":{"rendered":"<p>Denne LC-DK hydrauliske folde svejsepunkt firkantet sp\u00e6ndemaskine er et hydraulisk semi-automatisk indpakningssp\u00e6ndeudstyr. Det hydrauliske system er den vigtigste drivkraft. Det udf\u00f8rer hovedsageligt indpakningsfunktion p\u00e5 svejsestedet af smedejernsstandarddele og trappegel\u00e6ndere. En must-have maskine til kunstnerisk metalbearbejdning i europ\u00e6isk stil.<br \/>\nDenne maskine har to driftstilstande: jog-behandling og automatisk behandling. Jog-behandling kan behandle sp\u00e6nder i slowmotion. Det bruges hovedsageligt til maskinfejlfinding og fejlretning af standarddele og sp\u00e6ndervalg. Den automatiske behandlingsfunktion kan kontinuerligt sp\u00e6nde, hvilket sparer tid og arbejde.<br \/>\nFunktionen af denne maskine er at pakke svejsestedet ved knapst\u00e5let, s\u00e5 knappen ikke opvarmes, hvilket er anderledes end tidligere. Hurtige og effektive funktioner nyder godt af et h\u00f8jt ry i jernproduktionslinjen.<br \/>\n24 timers online service, lad os vide, hvis du har sp\u00f8rgsm\u00e5l!<br \/>\n<strong>TEKNISK PARAMETER<br \/>\n<\/strong><strong>Model: LC-DK<br \/>\nForarbejdningsmateriale: Bl\u00f8dt st\u00e5l<br \/>\nSt\u00f8rrelsen af behandlingssp\u00e6ndet:<\/strong>\u00a0\u226436x20mm<br \/>\n<strong>Str\u00f8m:<\/strong> 2,2KW<br \/>\n<strong>Gratis dies: 4 s\u00e6t<\/strong><br \/>\n<strong>Sp\u00e6nding:<\/strong>\u00a0220V\/380V\/415V<br \/>\n<strong>Pakningsdimension:<\/strong> 860\u00d7780\u00d71480 mm<br \/>\n<strong>NW (kg):<\/strong> 550\u00a0 \u00a0 \u00a0<strong>GW (kg):<\/strong> 600<\/p>","protected":false},"featured_media":809,"template":"","meta":{"_kad_post_transparent":"default","_kad_post_title":"","_kad_post_layout":"default","_kad_post_sidebar_id":"","_kad_post_content_style":"default","_kad_post_vertical_padding":"default","_kad_post_feature":"","_kad_post_feature_position":"","_kad_post_header":false,"_kad_post_footer":false},"product_brand":[],"product_cat":[29],"product_tag":[320,318,319,321,111,322],"class_list":{"0":"post-807","1":"product","2":"type-product","3":"status-publish","4":"has-post-thumbnail","6":"product_cat-electric-wrought-iron-processing-machine","7":"product_tag-hydraulic-folding-welding-spot-square-buckle-machine-for-forging-handrail","8":"product_tag-hydraulic-wrought-iron-folding-square-buckle-machine-for-fence-staircase-welding-spot","9":"product_tag-hydraulic-wrought-iron-forging-handrail-welding-spot-square-buckle-machine","10":"product_tag-welding-buckle-machine-for-wrought-iron","11":"product_tag-wrought-iron-machine","12":"product_tag-wrought-iron-metal-buckle-machine","14":"first","15":"instock","16":"shipping-taxable","17":"product-type-simple","18":"entry","19":"content-bg","20":"loop-entry"},"_links":{"self":[{"href":"https:\/\/zzlcmachinery.com\/da\/wp-json\/wp\/v2\/product\/807","targetHints":{"allow":["GET"]}}],"collection":[{"href":"https:\/\/zzlcmachinery.com\/da\/wp-json\/wp\/v2\/product"}],"about":[{"href":"https:\/\/zzlcmachinery.com\/da\/wp-json\/wp\/v2\/types\/product"}],"version-history":[{"count":0,"href":"https:\/\/zzlcmachinery.com\/da\/wp-json\/wp\/v2\/product\/807\/revisions"}],"wp:featuredmedia":[{"embeddable":true,"href":"https:\/\/zzlcmachinery.com\/da\/wp-json\/wp\/v2\/media\/809"}],"wp:attachment":[{"href":"https:\/\/zzlcmachinery.com\/da\/wp-json\/wp\/v2\/media?parent=807"}],"wp:term":[{"taxonomy":"product_brand","embeddable":true,"href":"https:\/\/zzlcmachinery.com\/da\/wp-json\/wp\/v2\/product_brand?post=807"},{"taxonomy":"product_cat","embeddable":true,"href":"https:\/\/zzlcmachinery.com\/da\/wp-json\/wp\/v2\/product_cat?post=807"},{"taxonomy":"product_tag","embeddable":true,"href":"https:\/\/zzlcmachinery.com\/da\/wp-json\/wp\/v2\/product_tag?post=807"}],"curies":[{"name":"wp","href":"https:\/\/api.w.org\/{rel}","templated":true}]}}