{"id":801,"date":"2022-11-01T18:25:55","date_gmt":"2022-11-01T10:25:55","guid":{"rendered":"https:\/\/zzlcmachinery.com\/?post_type=product&#038;p=801"},"modified":"2022-11-22T14:58:41","modified_gmt":"2022-11-22T06:58:41","slug":"lc-g2-manual-metal-twisting-machine-for-wrought-iron","status":"publish","type":"product","link":"https:\/\/zzlcmachinery.com\/da\/vare\/lc-g2-manual-metal-twisting-machine-for-wrought-iron\/","title":{"rendered":"LC-G2 manuel metalsnoningsmaskine til smedejern"},"content":{"rendered":"","protected":false},"excerpt":{"rendered":"<p>LC-G2 Manuel metalsnoningsmaskine til smedejern<br \/>\nDenne maskine har den ulempe, at den k\u00f8ber dyre maskiner lokalt. Selvom det skal importeres fra Kina, er transport og toldbehandling overhovedet ikke et problem, hvilket i h\u00f8j grad reducerer omkostningerne for kunderne og g\u00f8r det muligt at producere og anvende blomsterkurve i store m\u00e6ngder.<br \/>\nDenne maskine kan lave to st\u00f8rrelser jern blomsterkurve i h\u00e5nden, 2 s\u00e6t fri for forme leveres med denne manuelle vridemaskine.<br \/>\nKaliberen af de 2 s\u00e6t forme er: 12mm*12mm(4 st\u00e6nger af sauare st\u00e5l i 6mm*6mm) 16mm*16mm(4 st\u00e6nger af sauare st\u00e5l i 8mm*8mm)<br \/>\nMateriale: firkantet st\u00e5l En kurv: Fremstillet af 4 st\u00e6nger af sauare st\u00e5l i 6mm*6mm eller 5mm*5mm.<br \/>\n<strong>TEKNISK PARAMETER<br \/>\n<\/strong><strong>Model: LC-G2<\/strong><br \/>\n<strong>Firkantet st\u00e5l<\/strong> :8x8mm &amp; 6x6mm<br \/>\n<strong>Str\u00f8m:<\/strong> brugervejledning<br \/>\n<strong>Pakningsdimension:<\/strong> 200\u00d7200\u00d7200 mm<br \/>\n<strong>NW (kg):20 <\/strong><strong>GW (kg):20<\/strong><\/p>","protected":false},"featured_media":803,"template":"","meta":{"_kad_post_transparent":"default","_kad_post_title":"","_kad_post_layout":"default","_kad_post_sidebar_id":"","_kad_post_content_style":"default","_kad_post_vertical_padding":"default","_kad_post_feature":"","_kad_post_feature_position":"","_kad_post_header":false,"_kad_post_footer":false},"product_brand":[],"product_cat":[33,31,34,35],"product_tag":[223,313,307,299,309,315,317,310,305,314,308,306,301,300,316],"class_list":{"0":"post-801","1":"product","2":"type-product","3":"status-publish","4":"has-post-thumbnail","6":"product_cat-manual-wrounght-iron-processing-tools","7":"product_cat-electric-pipe-twisting-machine","8":"product_cat-manual-scroll-bender","9":"product_cat-manual-twisting-machine","10":"product_tag-basket-twister","11":"product_tag-blacksmith-tool","12":"product_tag-buy-steel-basket-twist-tool","13":"product_tag-handmade-metal-forgin-manual-basket-steel","14":"product_tag-homemade-metal-bar-twister","15":"product_tag-lc-g2-manual-metal-twisting-machine-for-wrought-iron","16":"product_tag-manual-scroll-bending-machine-for-wrought-iron","17":"product_tag-manual-steel-square-bar-twist-hand-flat-steel","18":"product_tag-manual-wrought-iron-basket-twisting-tool","19":"product_tag-master-twister","20":"product_tag-metal-basket-twist-tool","21":"product_tag-metal-craft-baskt-twister","22":"product_tag-metal-craft-tools-ornamental-basket-twist-machine","23":"product_tag-twisting-machine-hand-tools-wrought-iron-equipment","24":"product_tag-wrought-iron-scroll-bender-manual-craft-tool","26":"first","27":"instock","28":"shipping-taxable","29":"product-type-simple","30":"entry","31":"content-bg","32":"loop-entry"},"_links":{"self":[{"href":"https:\/\/zzlcmachinery.com\/da\/wp-json\/wp\/v2\/product\/801","targetHints":{"allow":["GET"]}}],"collection":[{"href":"https:\/\/zzlcmachinery.com\/da\/wp-json\/wp\/v2\/product"}],"about":[{"href":"https:\/\/zzlcmachinery.com\/da\/wp-json\/wp\/v2\/types\/product"}],"version-history":[{"count":0,"href":"https:\/\/zzlcmachinery.com\/da\/wp-json\/wp\/v2\/product\/801\/revisions"}],"wp:featuredmedia":[{"embeddable":true,"href":"https:\/\/zzlcmachinery.com\/da\/wp-json\/wp\/v2\/media\/803"}],"wp:attachment":[{"href":"https:\/\/zzlcmachinery.com\/da\/wp-json\/wp\/v2\/media?parent=801"}],"wp:term":[{"taxonomy":"product_brand","embeddable":true,"href":"https:\/\/zzlcmachinery.com\/da\/wp-json\/wp\/v2\/product_brand?post=801"},{"taxonomy":"product_cat","embeddable":true,"href":"https:\/\/zzlcmachinery.com\/da\/wp-json\/wp\/v2\/product_cat?post=801"},{"taxonomy":"product_tag","embeddable":true,"href":"https:\/\/zzlcmachinery.com\/da\/wp-json\/wp\/v2\/product_tag?post=801"}],"curies":[{"name":"wp","href":"https:\/\/api.w.org\/{rel}","templated":true}]}}