{"id":766,"date":"2022-11-01T00:17:04","date_gmt":"2022-10-31T16:17:04","guid":{"rendered":"https:\/\/zzlcmachinery.com\/?post_type=product&#038;p=766"},"modified":"2022-11-22T15:10:56","modified_gmt":"2022-11-22T07:10:56","slug":"w12-professional-manual-scroll-bending-tool-with-12-free-dies-for-wrought-iron","status":"publish","type":"product","link":"https:\/\/zzlcmachinery.com\/da\/vare\/w12-professional-manual-scroll-bending-tool-with-12-free-dies-for-wrought-iron\/","title":{"rendered":"W12 professionel manual rulleb\u00f8jningsv\u00e6rkt\u00f8j med 12 gratis matricer til smedejern"},"content":{"rendered":"","protected":false},"excerpt":{"rendered":"<p>Dette LC-W12 professionelle manuelle rulleb\u00f8jningsv\u00e6rkt\u00f8j med 12 frie matricer til smedejern er et g\u00f8r-det-selv-h\u00e5ndv\u00e6rkt\u00f8j til bearbejdning af fladjern, firkantst\u00e5l og rundst\u00e5l til &quot;S&quot;, &quot;C&quot; og &quot;P&quot; form.<br \/>\nDenne manuelle bukkemaskine har 12 s\u00e6t frie bukkematricer, som er et s\u00e6t bukkemaskiner med flest forme i bukkemaskinen. Denne fordel \u00f8ger utvivlsomt maskinens behandlingsomr\u00e5de i st\u00f8rst grad og beriger de typer m\u00f8nstre, der kan fuldf\u00f8res. Det er en serie af manuelle bukkemaskiner, der er n\u00f8dvendige for hjemmemetal DIY og den tidlige fase af smedev\u00e6rkstedet.<br \/>\nDenne maskine har kun funktionen til at rulle bukke blomster, den kan b\u00f8je fladjern, firkantet st\u00e5l og rundt st\u00e5l med &quot;S&quot;, &quot;C&quot; og &quot;P&quot; form.<br \/>\n24 timers online service, lad os vide, hvis du har sp\u00f8rgsm\u00e5l!<br \/>\n<strong>TEKNISK PARAMETER<br \/>\n<\/strong><strong>Model: LC-W12<br \/>\nFladjern\u00a0<\/strong> \u00a0 \u22645mm*30mm<br \/>\n<strong>Rundt st\u00e5l<\/strong> \u2264\u03a610mm<br \/>\n<strong>Firkantet st\u00e5l<\/strong> \u226410mm*10mm<br \/>\n<strong>Str\u00f8m:<\/strong> brugervejledning<br \/>\n<strong>Pakningsdimension:<\/strong> 200\u00d7200\u00d7400 mm<br \/>\n<strong>NW (kg):<\/strong>45<br \/>\n<strong>GW (kg):50<\/strong><\/p>","protected":false},"featured_media":776,"template":"","meta":{"_kad_post_transparent":"default","_kad_post_title":"","_kad_post_layout":"default","_kad_post_sidebar_id":"","_kad_post_content_style":"default","_kad_post_vertical_padding":"default","_kad_post_feature":"","_kad_post_feature_position":"","_kad_post_header":false,"_kad_post_footer":false},"product_brand":[],"product_cat":[33,34],"product_tag":[281,282,253,280,268,277,279,278,239,176],"class_list":{"0":"post-766","1":"product","2":"type-product","3":"status-publish","4":"has-post-thumbnail","6":"product_cat-manual-wrounght-iron-processing-tools","7":"product_cat-manual-scroll-bender","8":"product_tag-bending-machine-for-sale","9":"product_tag-buy-manual-scroll-bending-machine","10":"product_tag-buy-wrought-iron-scroll-bender","11":"product_tag-dies-for-w12-manual-scroll-bending-machine","12":"product_tag-diy-metal-working-tools","13":"product_tag-manual-scroll-bender","14":"product_tag-manual-steel-scroll-bending-tools","15":"product_tag-professional-manual-metal-scroll-bending-tool-with-12-sets-free-dies-for-wrought-iron","16":"product_tag-scroll-bender-machine-for-flat-iron-round-pipe-square-steel-square-tube","17":"product_tag-wrought-iron-scroll-bender-for-sale","19":"first","20":"instock","21":"shipping-taxable","22":"product-type-simple","23":"entry","24":"content-bg","25":"loop-entry"},"_links":{"self":[{"href":"https:\/\/zzlcmachinery.com\/da\/wp-json\/wp\/v2\/product\/766","targetHints":{"allow":["GET"]}}],"collection":[{"href":"https:\/\/zzlcmachinery.com\/da\/wp-json\/wp\/v2\/product"}],"about":[{"href":"https:\/\/zzlcmachinery.com\/da\/wp-json\/wp\/v2\/types\/product"}],"version-history":[{"count":0,"href":"https:\/\/zzlcmachinery.com\/da\/wp-json\/wp\/v2\/product\/766\/revisions"}],"wp:featuredmedia":[{"embeddable":true,"href":"https:\/\/zzlcmachinery.com\/da\/wp-json\/wp\/v2\/media\/776"}],"wp:attachment":[{"href":"https:\/\/zzlcmachinery.com\/da\/wp-json\/wp\/v2\/media?parent=766"}],"wp:term":[{"taxonomy":"product_brand","embeddable":true,"href":"https:\/\/zzlcmachinery.com\/da\/wp-json\/wp\/v2\/product_brand?post=766"},{"taxonomy":"product_cat","embeddable":true,"href":"https:\/\/zzlcmachinery.com\/da\/wp-json\/wp\/v2\/product_cat?post=766"},{"taxonomy":"product_tag","embeddable":true,"href":"https:\/\/zzlcmachinery.com\/da\/wp-json\/wp\/v2\/product_tag?post=766"}],"curies":[{"name":"wp","href":"https:\/\/api.w.org\/{rel}","templated":true}]}}