{"id":755,"date":"2022-10-31T19:03:30","date_gmt":"2022-10-31T11:03:30","guid":{"rendered":"https:\/\/zzlcmachinery.com\/?post_type=product&#038;p=755"},"modified":"2022-11-22T15:16:02","modified_gmt":"2022-11-22T07:16:02","slug":"lc-w13-manual-metal-craft-wrought-iron-scroll-bender","status":"publish","type":"product","link":"https:\/\/zzlcmachinery.com\/da\/vare\/lc-w13-manual-metal-craft-wrought-iron-scroll-bender\/","title":{"rendered":"LC-W13 Manuel Metal Craft Smedejern Scroll Bender"},"content":{"rendered":"","protected":false},"excerpt":{"rendered":"<p>LC-W13 mantal metal h\u00e5ndv\u00e6rk smedejern scroll bukker er et g\u00f8r-det-selv-h\u00e5ndv\u00e6rkt\u00f8j til at sk\u00e6re metal, bukke og vride metal. Manuel rulleb\u00f8jning kan bruges til at behandle fladjern, firkantst\u00e5l og rundst\u00e5l. Den kan b\u00f8je fladjern, firkantst\u00e5l og rundst\u00e5l med &quot;S&quot;, &quot;C&quot; og &quot;P&quot; form. Det kan ogs\u00e5 realisere funktionen ved at lave fire-tr\u00e5ds blomsterkurve. Dette s\u00e6t v\u00e6rkt\u00f8jer best\u00e5r af 9 v\u00e6rkt\u00f8jer med forskellige funktioner<br \/>\n6 bukkev\u00e6rkt\u00f8jer til bukning af metalmateriale &quot;S&quot; &quot;C&quot; &quot;P&quot; m\u00f8nster<br \/>\n1 sk\u00e6rev\u00e6rkt\u00f8j til sk\u00e6ring af metalmaterialer<br \/>\n1 snoet v\u00e6rkt\u00f8j til at f\u00e5 blomsterkurven til at fungere<br \/>\n1 specialformet v\u00e6rkt\u00f8j har funktionerne affasning, afrunding og lysbue af metal.<br \/>\n24 timers online service, lad os vide, hvis du har sp\u00f8rgsm\u00e5l!<br \/>\n<strong>TEKNISK PARAMETER<br \/>\n<\/strong><strong>Model: LC-W13<br \/>\nFladjern:<\/strong> \u226440*6mm,<br \/>\n<strong>Rundt st\u00e5l:<\/strong> \u2264\u03c612mm,<br \/>\n<strong>Firkantet st\u00e5l:<\/strong> \u226416*16mm<br \/>\n<strong>Str\u00f8m:<\/strong> brugervejledning<br \/>\n<strong>Pakningsdimension:<\/strong> 500\u00d7500\u00d7500 mm<br \/>\n<strong>NW (kg):<\/strong>80<br \/>\n<strong>GW (kg):80<\/strong><\/p>","protected":false},"featured_media":762,"template":"","meta":{"_kad_post_transparent":"default","_kad_post_title":"","_kad_post_layout":"default","_kad_post_sidebar_id":"","_kad_post_content_style":"default","_kad_post_vertical_padding":"default","_kad_post_feature":"","_kad_post_feature_position":"","_kad_post_header":false,"_kad_post_footer":false},"product_brand":[],"product_cat":[33,34],"product_tag":[273,268,271,274,188,261,272,276,250,72,275,265],"class_list":{"0":"post-755","1":"product","2":"type-product","3":"status-publish","4":"has-post-thumbnail","6":"product_cat-manual-wrounght-iron-processing-tools","7":"product_cat-manual-scroll-bender","8":"product_tag-bender-hand-tools","9":"product_tag-diy-metal-working-tools","10":"product_tag-diy-scroll-bender-without-welding-for-steel-brass-cooper-aluminum","11":"product_tag-homemade-metal-bender-tools","12":"product_tag-make-a-metal-scroll-bender","13":"product_tag-manual-metal-craft-scroll-bending-tools","14":"product_tag-manual-metal-craft-wrought-iron-scroll","15":"product_tag-metal-bender-tool","16":"product_tag-metal-craft-bending-tools-ornametal-scroll-bender","17":"product_tag-metal-scroll-bender","18":"product_tag-scroll-bender-plans","19":"product_tag-wrought-iron-metal-scroll-bender","21":"first","22":"instock","23":"shipping-taxable","24":"product-type-simple","25":"entry","26":"content-bg","27":"loop-entry"},"_links":{"self":[{"href":"https:\/\/zzlcmachinery.com\/da\/wp-json\/wp\/v2\/product\/755","targetHints":{"allow":["GET"]}}],"collection":[{"href":"https:\/\/zzlcmachinery.com\/da\/wp-json\/wp\/v2\/product"}],"about":[{"href":"https:\/\/zzlcmachinery.com\/da\/wp-json\/wp\/v2\/types\/product"}],"version-history":[{"count":0,"href":"https:\/\/zzlcmachinery.com\/da\/wp-json\/wp\/v2\/product\/755\/revisions"}],"wp:featuredmedia":[{"embeddable":true,"href":"https:\/\/zzlcmachinery.com\/da\/wp-json\/wp\/v2\/media\/762"}],"wp:attachment":[{"href":"https:\/\/zzlcmachinery.com\/da\/wp-json\/wp\/v2\/media?parent=755"}],"wp:term":[{"taxonomy":"product_brand","embeddable":true,"href":"https:\/\/zzlcmachinery.com\/da\/wp-json\/wp\/v2\/product_brand?post=755"},{"taxonomy":"product_cat","embeddable":true,"href":"https:\/\/zzlcmachinery.com\/da\/wp-json\/wp\/v2\/product_cat?post=755"},{"taxonomy":"product_tag","embeddable":true,"href":"https:\/\/zzlcmachinery.com\/da\/wp-json\/wp\/v2\/product_tag?post=755"}],"curies":[{"name":"wp","href":"https:\/\/api.w.org\/{rel}","templated":true}]}}