{"id":741,"date":"2022-10-31T00:04:18","date_gmt":"2022-10-30T16:04:18","guid":{"rendered":"https:\/\/zzlcmachinery.com\/?post_type=product&#038;p=741"},"modified":"2022-11-22T15:20:15","modified_gmt":"2022-11-22T07:20:15","slug":"lc-w3-manual-metal-craft-scroll-bender","status":"publish","type":"product","link":"https:\/\/zzlcmachinery.com\/da\/vare\/lc-w3-manual-metal-craft-scroll-bender\/","title":{"rendered":"LC-W3 Manuel Metal Craft Scroll Bender"},"content":{"rendered":"","protected":false},"excerpt":{"rendered":"<p>LC-W3 Manuel Metal Craft Scroll Bender, gennem teknisk integration og modifikation, kombinerer denne manuelle bukkemaskine flere originale manuelle bukkemaskiner til en multifunktionel manuel bukkemaskine, som har \u00e6ndret sig fra den oprindelige lille forarbejdningskapacitet til den forarbejdningskapacitet, der nu kan v\u00e6re sammenlignelig med elektriske maskiner. Forbedre n\u00f8jagtigheden og styrken af produktet, og der er manualer, udstyrsforme og elektriske bukkemaskineforme, der er almindelige, nemme at betjene, energibesparende og milj\u00f8venlige.<br \/>\nDette produkt kan behandle firkantet st\u00e5l, firkantet r\u00f8r, fladjern, rundt st\u00e5l, rundt r\u00f8r i P, S, C form, disse m\u00f8nstre kan bruges i vid udstr\u00e6kning i forarbejdning, porte, trapper, hegn, smedejernsm\u00f8bler osv. Den manuelle b\u00f8jning maskinen er bestemt et godt valg til den indledende fase af smedens karriere.<br \/>\n24 timers online service, lad os vide, hvis du har sp\u00f8rgsm\u00e5l!<br \/>\n<strong>TEKNISK PARAMETER<br \/>\n<\/strong><strong>Model: LC-W5<br \/>\nFladjern:<\/strong>\u226430*5 mm<br \/>\n<strong>Rundt st\u00e5l:<\/strong> \u2264\u03c610mm<br \/>\n<strong>Firkantet st\u00e5l:<\/strong>\u226410*10mm<br \/>\n<strong>Str\u00f8m:<\/strong> brugervejledning<br \/>\n<strong>Pakningsdimension:<\/strong> 500\u00d7500\u00d7500 mm<br \/>\n<strong>NW (kg):<\/strong>40<br \/>\n<strong>GW (kg):<\/strong>45<\/p>","protected":false},"featured_media":743,"template":"","meta":{"_kad_post_transparent":"default","_kad_post_title":"","_kad_post_layout":"default","_kad_post_sidebar_id":"","_kad_post_content_style":"default","_kad_post_vertical_padding":"default","_kad_post_feature":"","_kad_post_feature_position":"","_kad_post_header":false,"_kad_post_footer":false},"product_brand":[],"product_cat":[33,34],"product_tag":[253,248,258,247,246,245,244,251,250,254,72,249,252,255,256,257],"class_list":{"0":"post-741","1":"product","2":"type-product","3":"status-publish","4":"has-post-thumbnail","6":"product_cat-manual-wrounght-iron-processing-tools","7":"product_cat-manual-scroll-bender","8":"product_tag-buy-wrought-iron-scroll-bender","9":"product_tag-diy-metal-scroll-bender-2022","10":"product_tag-ellsen-wrought-iron-machinery-factory","11":"product_tag-homemade-metal-scroll-bender-iron-projects","12":"product_tag-how-to-make-a-scroll-bender","13":"product_tag-manual-metal-craft-scroll-bender","14":"product_tag-manual-ornamental-iron-scroll-bender-tools","15":"product_tag-metal-bender-machine","16":"product_tag-metal-craft-bending-tools-ornametal-scroll-bender","17":"product_tag-metal-craft-hand-tools","18":"product_tag-metal-scroll-bender","19":"product_tag-metalcraft-scroll-bender","20":"product_tag-scroll-bender-manual","21":"product_tag-scroll-bender-product","22":"product_tag-scroll-benders-metal-tool-bender-machine","23":"product_tag-scrolls-fabrication-metalcraft","25":"first","26":"instock","27":"shipping-taxable","28":"product-type-simple","29":"entry","30":"content-bg","31":"loop-entry"},"_links":{"self":[{"href":"https:\/\/zzlcmachinery.com\/da\/wp-json\/wp\/v2\/product\/741","targetHints":{"allow":["GET"]}}],"collection":[{"href":"https:\/\/zzlcmachinery.com\/da\/wp-json\/wp\/v2\/product"}],"about":[{"href":"https:\/\/zzlcmachinery.com\/da\/wp-json\/wp\/v2\/types\/product"}],"version-history":[{"count":0,"href":"https:\/\/zzlcmachinery.com\/da\/wp-json\/wp\/v2\/product\/741\/revisions"}],"wp:featuredmedia":[{"embeddable":true,"href":"https:\/\/zzlcmachinery.com\/da\/wp-json\/wp\/v2\/media\/743"}],"wp:attachment":[{"href":"https:\/\/zzlcmachinery.com\/da\/wp-json\/wp\/v2\/media?parent=741"}],"wp:term":[{"taxonomy":"product_brand","embeddable":true,"href":"https:\/\/zzlcmachinery.com\/da\/wp-json\/wp\/v2\/product_brand?post=741"},{"taxonomy":"product_cat","embeddable":true,"href":"https:\/\/zzlcmachinery.com\/da\/wp-json\/wp\/v2\/product_cat?post=741"},{"taxonomy":"product_tag","embeddable":true,"href":"https:\/\/zzlcmachinery.com\/da\/wp-json\/wp\/v2\/product_tag?post=741"}],"curies":[{"name":"wp","href":"https:\/\/api.w.org\/{rel}","templated":true}]}}