{"id":727,"date":"2022-10-30T20:46:07","date_gmt":"2022-10-30T12:46:07","guid":{"rendered":"https:\/\/zzlcmachinery.com\/?post_type=product&#038;p=727"},"modified":"2022-11-22T15:27:33","modified_gmt":"2022-11-22T07:27:33","slug":"lc-hd14-multifunction-wrought-iron-ornamental-scroll-bender","status":"publish","type":"product","link":"https:\/\/zzlcmachinery.com\/da\/vare\/lc-hd14-multifunction-wrought-iron-ornamental-scroll-bender\/","title":{"rendered":"LC-HD14 Manuel Metal Craft Hjemmelavet Scroll Bender"},"content":{"rendered":"","protected":false},"excerpt":{"rendered":"<p>LC-HD14 manuel metalh\u00e5ndv\u00e6rk hjemmelavet rullebukker, gennem teknisk integration og modifikation, kombinerer denne manuelle bukkemaskine flere originale manuelle bukkemaskiner til en multifunktionel manuel bukkemaskine, som er \u00e6ndret fra den oprindelige lille forarbejdningskapacitet til den forarbejdningskapacitet, der kan nu sammenlignes med elektriske maskiner. Forbedre n\u00f8jagtigheden og styrken af produktet, og der er manualer, udstyrsforme og elektriske bukkemaskineforme, der er almindelige, nemme at betjene, energibesparende og milj\u00f8venlige.<br \/>\nDette produkt kan behandle firkantet st\u00e5l, firkantet r\u00f8r, fladjern, rundt st\u00e5l, rundt r\u00f8r i P, S, C form, disse m\u00f8nstre kan bruges i vid udstr\u00e6kning i forarbejdning, porte, trapper, hegn, smedejernsm\u00f8bler osv. Den manuelle b\u00f8jning maskinen er bestemt et godt valg til den indledende fase af smedens karriere.<br \/>\n24 timers online service, lad os vide, hvis du har sp\u00f8rgsm\u00e5l!<br \/>\n<strong>TEKNISK PARAMETER<br \/>\n<\/strong><strong>Model: LC-HD14<br \/>\nFladjern:<\/strong>\u226430*6mm<br \/>\n<strong>Rundt st\u00e5l:<\/strong> \u2264\u03c614mm<br \/>\n<strong>Firkantet st\u00e5l:<\/strong>\u226414*14mm<br \/>\n<strong>Firkantet r\u00f8r:<\/strong>\u226414*14mm<br \/>\n<strong>Rundt r\u00f8r:<\/strong>\u2264\u03c619mm<br \/>\n<strong>Str\u00f8m:<\/strong> brugervejledning<br \/>\n<strong>Pakningsdimension:<\/strong> 600\u00d7600\u00d7600 mm<br \/>\n<strong>NW (kg):<\/strong>50<br \/>\n<strong>GW (kg):<\/strong>55<\/p>","protected":false},"featured_media":729,"template":"","meta":{"_kad_post_transparent":"default","_kad_post_title":"","_kad_post_layout":"default","_kad_post_sidebar_id":"","_kad_post_content_style":"default","_kad_post_vertical_padding":"default","_kad_post_feature":"","_kad_post_feature_position":"","_kad_post_header":false,"_kad_post_footer":false},"product_brand":[],"product_cat":[33,34],"product_tag":[232,235,49,182,237,236,231,233,234,238,185,192,194,189,111,193],"class_list":{"0":"post-727","1":"product","2":"type-product","3":"status-publish","4":"has-post-thumbnail","6":"product_cat-manual-wrounght-iron-processing-tools","7":"product_cat-manual-scroll-bender","8":"product_tag-buy-metal-scroll-bender","9":"product_tag-buy-metal-tube-bender-with-free-dies","10":"product_tag-electric-scroll-bending-machine","11":"product_tag-iron-pattern-bender","12":"product_tag-manual-metal-craft-homemade-scroll-bender","13":"product_tag-manual-metal-craft-tools-for-sale","14":"product_tag-manual-metal-scroll-bender","15":"product_tag-manual-metal-scroll-wrought-iron-craft-bending","16":"product_tag-metal-tube-bender","17":"product_tag-scroll-bender-tools","18":"product_tag-scroll-bending-machine-for-sale","19":"product_tag-scroll-making-machine","20":"product_tag-scroll-pattern-bender-equipment","21":"product_tag-scroll-pattern-bending-machine","22":"product_tag-wrought-iron-machine","23":"product_tag-wrought-iron-scrolling-bending-machine","25":"first","26":"instock","27":"shipping-taxable","28":"product-type-simple","29":"entry","30":"content-bg","31":"loop-entry"},"_links":{"self":[{"href":"https:\/\/zzlcmachinery.com\/da\/wp-json\/wp\/v2\/product\/727","targetHints":{"allow":["GET"]}}],"collection":[{"href":"https:\/\/zzlcmachinery.com\/da\/wp-json\/wp\/v2\/product"}],"about":[{"href":"https:\/\/zzlcmachinery.com\/da\/wp-json\/wp\/v2\/types\/product"}],"version-history":[{"count":0,"href":"https:\/\/zzlcmachinery.com\/da\/wp-json\/wp\/v2\/product\/727\/revisions"}],"wp:featuredmedia":[{"embeddable":true,"href":"https:\/\/zzlcmachinery.com\/da\/wp-json\/wp\/v2\/media\/729"}],"wp:attachment":[{"href":"https:\/\/zzlcmachinery.com\/da\/wp-json\/wp\/v2\/media?parent=727"}],"wp:term":[{"taxonomy":"product_brand","embeddable":true,"href":"https:\/\/zzlcmachinery.com\/da\/wp-json\/wp\/v2\/product_brand?post=727"},{"taxonomy":"product_cat","embeddable":true,"href":"https:\/\/zzlcmachinery.com\/da\/wp-json\/wp\/v2\/product_cat?post=727"},{"taxonomy":"product_tag","embeddable":true,"href":"https:\/\/zzlcmachinery.com\/da\/wp-json\/wp\/v2\/product_tag?post=727"}],"curies":[{"name":"wp","href":"https:\/\/api.w.org\/{rel}","templated":true}]}}