{"id":708,"date":"2022-10-29T23:52:18","date_gmt":"2022-10-29T15:52:18","guid":{"rendered":"https:\/\/zzlcmachinery.com\/?post_type=product&#038;p=708"},"modified":"2022-11-22T15:31:38","modified_gmt":"2022-11-22T07:31:38","slug":"lc-jkdn25c-wrought-iron-metal-twisting-machine","status":"publish","type":"product","link":"https:\/\/zzlcmachinery.com\/da\/vare\/lc-jkdn25c-wrought-iron-metal-twisting-machine\/","title":{"rendered":"LC-JKDN25C Smedejernsmetal snoningsmaskine"},"content":{"rendered":"","protected":false},"excerpt":{"rendered":"<p>LC-JKDN25C smedejernsmetaldrejemaskine er en vigtig maskine til fremstilling af porte, hegn, r\u00e6kv\u00e6rk, trapper, m\u00f8bler, jernsenge, stole og borde, smedede jernst\u00e6nger, dele, guirlandehoveder til blacksiith. Vridningsmaskinen forbedrer teknologien p\u00e5 basis af den originale elektriske vridningsmaskine. Maskinprogrammet korrigeres automatisk og holder alle produkter ens, s\u00e5 det kan opn\u00e5 form\u00e5let med masseproduktion, LC-JKDN25C denne maskine har kun funktionen til at vride vridningen.<br \/>\nEfter at have forbedret maskinen. Denne maskine kan frit skifte mellem spilmekanismen og den originale tailstock. Adskil den teleskopiske glideskinne p\u00e5 det drejelige hales\u00e6de, og skub derefter blomsterkurvmekanismen for at forbinde den med den originale stikkontakt for at dreje blomsterkurven. Derfor kan kunderne overveje denne maskine, n\u00e5r budgettet er begr\u00e6nset, og n\u00e5r budgettet er tilstr\u00e6kkeligt, kan st\u00f8beformen suppleres for at opn\u00e5 funktionen med at vride blomsterkurvemaskine.<br \/>\nIkke alene kan kringleformen vrides, du kan ogs\u00e5 sno blomsterkurve (fuglebure).<br \/>\nFormen leveres med maskinen til at levere 9 s\u00e6t forme.<br \/>\n24 timers online service, lad os vide, hvis du har sp\u00f8rgsm\u00e5l!<br \/>\n<strong>TEKNISK PARAMETER<br \/>\n<\/strong><strong>Model: LC-JKDN25C<br \/>\nMax arbejdsevne:<\/strong> L\u00e6ngde\u2264200-800 mm<br \/>\n<strong>Firkantet st\u00e5l<\/strong> \u226425\u00d725 mm<br \/>\n<strong>Fladjern<\/strong> \u226480x10mm<br \/>\n<strong>Str\u00f8m:<\/strong> 5,2KW<br \/>\n<strong>For gratis dies:<\/strong>6 s\u00e6t firkantede st\u00e5lmatricer, 3 s\u00e6t fladjernsmatricer<br \/>\n<strong>Sp\u00e6nding:<\/strong>\u00a0220V\/380V\/415V<br \/>\n<strong>Pakningsdimension:<\/strong> 1400\u00d7620\u00d71100 mm<br \/>\n<strong>NW (kg):<\/strong> 480\u00a0 \u00a0 \u00a0 <strong>GW (kg):<\/strong> 550<\/p>","protected":false},"featured_media":721,"template":"","meta":{"_kad_post_transparent":"default","_kad_post_title":"","_kad_post_layout":"default","_kad_post_sidebar_id":"","_kad_post_content_style":"default","_kad_post_vertical_padding":"default","_kad_post_feature":"","_kad_post_feature_position":"","_kad_post_header":false,"_kad_post_footer":false},"product_brand":[],"product_cat":[20,29],"product_tag":[196,230,229,204,197,209],"class_list":{"0":"post-708","1":"product","2":"type-product","3":"status-publish","4":"has-post-thumbnail","6":"product_cat-wrought-iron-twisting-machine","7":"product_cat-electric-wrought-iron-processing-machine","8":"product_tag-automatic-wrought-iron-twisting-machine","9":"product_tag-electric-metal-twisting-machine","10":"product_tag-finished-product-of-wrought-iron-twisting-machine","11":"product_tag-multifunctional-wrought-iron-machine","12":"product_tag-twisting-machine-at-best-price-in-china","13":"product_tag-wrought-iron-twist-machine","15":"first","16":"instock","17":"shipping-taxable","18":"product-type-simple","19":"entry","20":"content-bg","21":"loop-entry"},"_links":{"self":[{"href":"https:\/\/zzlcmachinery.com\/da\/wp-json\/wp\/v2\/product\/708","targetHints":{"allow":["GET"]}}],"collection":[{"href":"https:\/\/zzlcmachinery.com\/da\/wp-json\/wp\/v2\/product"}],"about":[{"href":"https:\/\/zzlcmachinery.com\/da\/wp-json\/wp\/v2\/types\/product"}],"version-history":[{"count":0,"href":"https:\/\/zzlcmachinery.com\/da\/wp-json\/wp\/v2\/product\/708\/revisions"}],"wp:featuredmedia":[{"embeddable":true,"href":"https:\/\/zzlcmachinery.com\/da\/wp-json\/wp\/v2\/media\/721"}],"wp:attachment":[{"href":"https:\/\/zzlcmachinery.com\/da\/wp-json\/wp\/v2\/media?parent=708"}],"wp:term":[{"taxonomy":"product_brand","embeddable":true,"href":"https:\/\/zzlcmachinery.com\/da\/wp-json\/wp\/v2\/product_brand?post=708"},{"taxonomy":"product_cat","embeddable":true,"href":"https:\/\/zzlcmachinery.com\/da\/wp-json\/wp\/v2\/product_cat?post=708"},{"taxonomy":"product_tag","embeddable":true,"href":"https:\/\/zzlcmachinery.com\/da\/wp-json\/wp\/v2\/product_tag?post=708"}],"curies":[{"name":"wp","href":"https:\/\/api.w.org\/{rel}","templated":true}]}}