{"id":707,"date":"2022-10-29T23:51:51","date_gmt":"2022-10-29T15:51:51","guid":{"rendered":"https:\/\/zzlcmachinery.com\/?post_type=product&#038;p=707"},"modified":"2022-11-22T15:34:49","modified_gmt":"2022-11-22T07:34:49","slug":"lc-jkdn25e-electric-8-wires-basket-twisting-machine-iron-craft-bird-cage-making-machine-wrought-iron-machine","status":"publish","type":"product","link":"https:\/\/zzlcmachinery.com\/da\/vare\/lc-jkdn25e-electric-8-wires-basket-twisting-machine-iron-craft-bird-cage-making-machine-wrought-iron-machine\/","title":{"rendered":"LC-JKDN25E Elektrisk 8-tr\u00e5ds kurvsnoningsmaskine Jernh\u00e5ndv\u00e6rksmaskine til fremstilling af fuglebur Smedejernsmaskine"},"content":{"rendered":"","protected":false},"excerpt":{"rendered":"<p>LC-JKDN25E Elektrisk 8-tr\u00e5ds kurvsnoningsmaskine jernh\u00e5ndv\u00e6rksmaskine til fremstilling af fuglebure smedejernsmaskine er et professionelt metalbearbejdningsv\u00e6rkt\u00f8j, der er specielt brugt til behandling af flertr\u00e5dsfuglebure. Den kan behandle 8-tr\u00e5ds blomsterkurve, 4-tr\u00e5ds blomsterkurve og 12-tr\u00e5ds blomsterkurve (12-tr\u00e5ds blomsterkurv som en tilpasselig mulighed for kunder). Under forarbejdningen skal 4 eller 8 tr\u00e5de af materiale behandles f\u00f8rst: De to ender af materialet skal svejses sammen f\u00f8r forarbejdning.<br \/>\nIs\u00e6r produktionen af 8-tr\u00e5ds blomsterkurve skal kalcineres og afk\u00f8les f\u00f8r forarbejdning, og det f\u00e6rdige produkt er fremragende. Maskinens maksimale forarbejdningsdiameter er 25 mm kvadratisk st\u00e5l. Den maksimale behandlingskapacitet for denne maskine er 12 linjer med blomsterkurve. Maskinen giver tilf\u00e6ldigt gratis forme. 5 s\u00e6t blomsterkurveforme leveres gratis (inklusive 8-tr\u00e5ds blomsterkurv og 4-kurve blomsterkurv): Diameteren af forarbejdningsformen er 12 mm, 14 mm, 18 mm, 20 mm. 24 timers online service, lad os vide, hvis du har sp\u00f8rgsm\u00e5l!<br \/>\n<strong>TEKNISK PARAMETER<br \/>\n<\/strong><strong>Model: LC-JKDN25D<br \/>\nMax arbejdsevne:<\/strong> L\u00e6ngde\u2264200-800 mm<br \/>\n<strong>Firkantet st\u00e5l<\/strong> \u226425\u00d725 mm Rundt st\u00e5l:\u03a66mm,\u03a68mm<br \/>\n<strong>Fladjern<\/strong> \u226480x10mm<br \/>\n<strong>Str\u00f8m:<\/strong> 5,2KW<br \/>\n<strong>For gratis dies:<\/strong>6 s\u00e6t firkantede st\u00e5lmatricer, 3 s\u00e6t flade jernmatricer, 5 s\u00e6t kurveblomstmatricer<br \/>\n<strong>Sp\u00e6nding:<\/strong>\u00a0220V\/380V\/415V<br \/>\n<strong>Pakningsdimension:<\/strong> 1400\u00d7620\u00d71100 mm<br \/>\n<strong>NW (kg):<\/strong> 480\u00a0 \u00a0 \u00a0 <strong>GW (kg):<\/strong> 550<\/p>","protected":false},"featured_media":710,"template":"","meta":{"_kad_post_transparent":"default","_kad_post_title":"","_kad_post_layout":"default","_kad_post_sidebar_id":"","_kad_post_content_style":"default","_kad_post_vertical_padding":"default","_kad_post_feature":"","_kad_post_feature_position":"","_kad_post_header":false,"_kad_post_footer":false},"product_brand":[],"product_cat":[20,29],"product_tag":[214,223,221,228,212,210,226,219,211,225,216,220,222,218,227,224,213,215,111,217],"class_list":{"0":"post-707","1":"product","2":"type-product","3":"status-publish","4":"has-post-thumbnail","6":"product_cat-wrought-iron-twisting-machine","7":"product_cat-electric-wrought-iron-processing-machine","8":"product_tag-basket-maker","9":"product_tag-basket-twister","10":"product_tag-buy-basket-making-tool","11":"product_tag-buy-used-wrought-iron-machines","12":"product_tag-electric-4-wires-basket-twisting-machine","13":"product_tag-electric-8-wires-basket-making-machine","14":"product_tag-ellsen-metalcraft-machinery","15":"product_tag-ellsen-ornamental-wrought-iron","16":"product_tag-iron-craft-bird-cage-making-machine","17":"product_tag-metal-bar-twisting-basket-making-machine","18":"product_tag-metal-craft-basket-making-machine","19":"product_tag-metal-craft-making-attachemnt-steel-twister-tool","20":"product_tag-metal-craft-twister-tool","21":"product_tag-metal-twisting-machine","22":"product_tag-metal-twisting-wrought-iron-machine-for-making-wire-basket","23":"product_tag-steel-basket-twist-tool","24":"product_tag-wire-twister-machine","25":"product_tag-wrought-iron-basket-machine","26":"product_tag-wrought-iron-machine","27":"product_tag-wrought-iron-twisting-machine-manufacturers","29":"first","30":"instock","31":"shipping-taxable","32":"product-type-simple","33":"entry","34":"content-bg","35":"loop-entry"},"_links":{"self":[{"href":"https:\/\/zzlcmachinery.com\/da\/wp-json\/wp\/v2\/product\/707","targetHints":{"allow":["GET"]}}],"collection":[{"href":"https:\/\/zzlcmachinery.com\/da\/wp-json\/wp\/v2\/product"}],"about":[{"href":"https:\/\/zzlcmachinery.com\/da\/wp-json\/wp\/v2\/types\/product"}],"version-history":[{"count":0,"href":"https:\/\/zzlcmachinery.com\/da\/wp-json\/wp\/v2\/product\/707\/revisions"}],"wp:featuredmedia":[{"embeddable":true,"href":"https:\/\/zzlcmachinery.com\/da\/wp-json\/wp\/v2\/media\/710"}],"wp:attachment":[{"href":"https:\/\/zzlcmachinery.com\/da\/wp-json\/wp\/v2\/media?parent=707"}],"wp:term":[{"taxonomy":"product_brand","embeddable":true,"href":"https:\/\/zzlcmachinery.com\/da\/wp-json\/wp\/v2\/product_brand?post=707"},{"taxonomy":"product_cat","embeddable":true,"href":"https:\/\/zzlcmachinery.com\/da\/wp-json\/wp\/v2\/product_cat?post=707"},{"taxonomy":"product_tag","embeddable":true,"href":"https:\/\/zzlcmachinery.com\/da\/wp-json\/wp\/v2\/product_tag?post=707"}],"curies":[{"name":"wp","href":"https:\/\/api.w.org\/{rel}","templated":true}]}}