{"id":687,"date":"2022-10-28T18:36:53","date_gmt":"2022-10-28T10:36:53","guid":{"rendered":"https:\/\/zzlcmachinery.com\/?post_type=product&#038;p=687"},"modified":"2022-10-30T18:14:10","modified_gmt":"2022-10-30T10:14:10","slug":"lc-jkdn25d-muliti-function-wrought-iron-metal-twisting-machine-design-for-sale","status":"publish","type":"product","link":"https:\/\/zzlcmachinery.com\/da\/vare\/lc-jkdn25d-muliti-function-wrought-iron-metal-twisting-machine-design-for-sale\/","title":{"rendered":"LC-JKDN25D multifunktion smedejern metal vridemaskine design til salg"},"content":{"rendered":"","protected":false},"excerpt":{"rendered":"<p>LC-JKDN25D Multi-funktion smedejern metal vridemaskine design til salg er den mest alsidige metal vridemaskine, som kan vride fladjern, firkantet st\u00e5l, rundt st\u00e5l og firkantet r\u00f8r. Det kan ikke kun forarbejde metalmaterialer til snoet form, men ogs\u00e5 sno flere firkantede st\u00e5l eller rundt st\u00e5l sammen for at danne flere twist eller kurvblomsterm\u00f8nster beriger i h\u00f8j grad den kunstneriske bearbejdningsstruktur af d\u00f8r- og vinduesgel\u00e6ndere.<br \/>\nDen maksimale kan sno 25x25 mm firkantst\u00e5l, 30x8 mm fladjern, kan sno 4 stykker \u03a612 mm rundst\u00e5l, 4 stykker 12x12 mm firkantst\u00e5l til en 4-strengs blomsterkurvform p\u00e5 skift.<br \/>\n4-strenget kurve, 8-strenget kurve og 12-strenget kurve er alle tilg\u00e6ngelige. Materialerne forarbejdet til kurveblomst er ogs\u00e5 meget almindelige firkantst\u00e5l med dimensionerne 4x4 mm, 6x6 mm, 7x7 mm, 8x8 mm og rundst\u00e5l med diametre p\u00e5 6 mm og 8 mm.<br \/>\nDenne maskine distribuerer tilf\u00e6ldigt 12 s\u00e6t forme, og formene til 8-strenget og 12-strenget blomsterkurve skal k\u00f8bes af kunder.<br \/>\n24 timers online service, lad os vide, hvis du har sp\u00f8rgsm\u00e5l!<br \/>\n<strong>TEKNISK PARAMETER<br \/>\n<\/strong><strong>Model: LC-JKDN25D<br \/>\nMax arbejdsevne:<\/strong> L\u00e6ngde\u2264200-800 mm<br \/>\n<strong>Firkantet st\u00e5l<\/strong> \u226425\u00d725 mm Rundt st\u00e5l:\u03a66mm,\u03a68mm<br \/>\n<strong>Fladjern<\/strong> \u226480x10mm<br \/>\n<strong>Str\u00f8m:<\/strong> 5,2KW<br \/>\n<strong>For gratis dies:<\/strong>6 s\u00e6t firkantede st\u00e5lmatricer, 3 s\u00e6t fladjernsmatricer, 4 s\u00e6t med 4-strengs kurve-blomstermatricer<br \/>\n<strong>Sp\u00e6nding:<\/strong>\u00a0220V\/380V\/415V<br \/>\n<strong>Pakningsdimension:<\/strong> 1400\u00d7620\u00d71100 mm<br \/>\n<strong>NW (kg):<\/strong> 480\u00a0 \u00a0 \u00a0 <strong>GW (kg):<\/strong> 550<\/p>","protected":false},"featured_media":690,"template":"","meta":{"_kad_post_transparent":"default","_kad_post_title":"","_kad_post_layout":"default","_kad_post_sidebar_id":"","_kad_post_content_style":"default","_kad_post_vertical_padding":"default","_kad_post_feature":"","_kad_post_feature_position":"","_kad_post_header":false,"_kad_post_footer":false},"product_brand":[],"product_cat":[20,29],"product_tag":[207,208,196,198,206,202,205,200,204,203,197,199,201,209],"class_list":{"0":"post-687","1":"product","2":"type-product","3":"status-publish","4":"has-post-thumbnail","6":"product_cat-wrought-iron-twisting-machine","7":"product_cat-electric-wrought-iron-processing-machine","8":"product_tag-4-strand-flower-basket-electric-twisting-machine","9":"product_tag-8-strand-flower-basket-electric-twisting-machine","10":"product_tag-automatic-wrought-iron-twisting-machine","11":"product_tag-ellsen-wrought-iron-machine","12":"product_tag-flower-ball-twisting-machine-for-wrought-iron","13":"product_tag-high-quality-wrought-iron-twisting-machine","14":"product_tag-muliti-function-wrought-iron-metal-twisting-machine-design","15":"product_tag-multi-function-wrought-iron-machine-for-sale","16":"product_tag-multifunctional-wrought-iron-machine","17":"product_tag-twisting-machine","18":"product_tag-twisting-machine-at-best-price-in-china","19":"product_tag-twisting-machines","20":"product_tag-wrought-iron-metal-twisting-machine-for-sale","21":"product_tag-wrought-iron-twist-machine","23":"first","24":"instock","25":"shipping-taxable","26":"product-type-simple","27":"entry","28":"content-bg","29":"loop-entry"},"_links":{"self":[{"href":"https:\/\/zzlcmachinery.com\/da\/wp-json\/wp\/v2\/product\/687","targetHints":{"allow":["GET"]}}],"collection":[{"href":"https:\/\/zzlcmachinery.com\/da\/wp-json\/wp\/v2\/product"}],"about":[{"href":"https:\/\/zzlcmachinery.com\/da\/wp-json\/wp\/v2\/types\/product"}],"version-history":[{"count":0,"href":"https:\/\/zzlcmachinery.com\/da\/wp-json\/wp\/v2\/product\/687\/revisions"}],"wp:featuredmedia":[{"embeddable":true,"href":"https:\/\/zzlcmachinery.com\/da\/wp-json\/wp\/v2\/media\/690"}],"wp:attachment":[{"href":"https:\/\/zzlcmachinery.com\/da\/wp-json\/wp\/v2\/media?parent=687"}],"wp:term":[{"taxonomy":"product_brand","embeddable":true,"href":"https:\/\/zzlcmachinery.com\/da\/wp-json\/wp\/v2\/product_brand?post=687"},{"taxonomy":"product_cat","embeddable":true,"href":"https:\/\/zzlcmachinery.com\/da\/wp-json\/wp\/v2\/product_cat?post=687"},{"taxonomy":"product_tag","embeddable":true,"href":"https:\/\/zzlcmachinery.com\/da\/wp-json\/wp\/v2\/product_tag?post=687"}],"curies":[{"name":"wp","href":"https:\/\/api.w.org\/{rel}","templated":true}]}}