{"id":670,"date":"2022-10-26T00:24:58","date_gmt":"2022-10-25T16:24:58","guid":{"rendered":"https:\/\/zzlcmachinery.com\/?post_type=product&#038;p=670"},"modified":"2022-11-22T15:47:14","modified_gmt":"2022-11-22T07:47:14","slug":"lc-jk30-program-controlled-pattern-bender-metal-scroll-bending-machine","status":"publish","type":"product","link":"https:\/\/zzlcmachinery.com\/da\/vare\/lc-jk30-program-controlled-pattern-bender-metal-scroll-bending-machine\/","title":{"rendered":"LC-JK30 Programstyret M\u00f8nsterb\u00f8jning Metal Scroll Bukkemaskine"},"content":{"rendered":"","protected":false},"excerpt":{"rendered":"<p>LC-JK30 Programstyret m\u00f8nsterbukker metal rulle b\u00f8jemaskine er kongen af toppen blandt de mange modeller af scroll bukkemaskine. Denne maskine har det st\u00f8rste behandlingsomr\u00e5de blandt alle maskiner af samme type. Den kan bruges til at behandle fladjern, firkantet st\u00e5l, rund st\u00e5l, firkantet r\u00f8r, rundt r\u00f8r, og 6 s\u00e6t f\u00f8lger med maskinen, n\u00e5r maskinen skal sendes, disse 6 s\u00e6t matricer kan lave P, S, C m\u00f8nstre med en maksimal diameter p\u00e5 50 cm. Kunder kan tilpasse formene efter deres egne behov. Den maksimale diameter kan tilpasses P, S, C m\u00f8nsterforme er 100 cm.<br \/>\nMaskinen er udstyret med en fodkontakt. Betjeningen er praktisk og hurtig, og maskinl\u00e6ringen er hurtig at l\u00e6re. Der er manualer og betjeningsvideoer, som enhver smed kan l\u00e6re<br \/>\n24 timers online service, lad os vide, hvis du har sp\u00f8rgsm\u00e5l!<br \/>\n<strong>TEKNISK PARAMETER<br \/>\n<\/strong><strong>Model: LC-JK30<br \/>\nFladjern:<\/strong>\u226480x20mm<br \/>\n<strong>Rundt st\u00e5l:<\/strong> \u2264\u03c630mm<br \/>\n<strong>Firkantet st\u00e5l:<\/strong>\u226430x30mm<br \/>\n<strong>Firkantet r\u00f8r:<\/strong>\u226440x40mm Tykkelse af firkantet r\u00f8r\u22644mm<br \/>\n<strong>Rundt r\u00f8r:<\/strong>\u2264\u03c642mm tykkelse af runde r\u00f8r\u22644mm<br \/>\n<strong>Behandlingshastighed:<\/strong> 200 stk \/H<br \/>\n<strong>Str\u00f8m:<\/strong> 5,5KW<br \/>\n<strong>Sp\u00e6nding:<\/strong>\u00a0220V\/380V\/415V<br \/>\n<strong>Pakningsdimension:<\/strong> 1000\u00d71500\u00d71800 mm<br \/>\n<strong>NW (kg):<\/strong> 750<br \/>\n<strong>GW (kg):<\/strong> 800<\/p>","protected":false},"featured_media":683,"template":"","meta":{"_kad_post_transparent":"default","_kad_post_title":"","_kad_post_layout":"default","_kad_post_sidebar_id":"","_kad_post_content_style":"default","_kad_post_vertical_padding":"default","_kad_post_feature":"","_kad_post_feature_position":"","_kad_post_header":false,"_kad_post_footer":false},"product_brand":[],"product_cat":[29,27],"product_tag":[195,191,182,188,187,186,184,183,185,190,192,194,189,111,193],"class_list":{"0":"post-670","1":"product","2":"type-product","3":"status-publish","4":"has-post-thumbnail","6":"product_cat-electric-wrought-iron-processing-machine","7":"product_cat-electric-scroll-bending-machine","8":"product_tag-automatoic-metal-craft-scroll-bender-machine","9":"product_tag-buy-wrought-iron-scroll-bending-machines","10":"product_tag-iron-pattern-bender","11":"product_tag-make-a-metal-scroll-bender","12":"product_tag-metal-craft-scroll-bending-machine-for-sale","13":"product_tag-ornamental-iron-machines","14":"product_tag-program-controiied-scroll-bending-machine","15":"product_tag-program-controlled-pattern-bender-metal-scroll-bending-machine","16":"product_tag-scroll-bending-machine-for-sale","17":"product_tag-scroll-bending-mchinae-programmed-controlled-panels","18":"product_tag-scroll-making-machine","19":"product_tag-scroll-pattern-bender-equipment","20":"product_tag-scroll-pattern-bending-machine","21":"product_tag-wrought-iron-machine","22":"product_tag-wrought-iron-scrolling-bending-machine","24":"first","25":"instock","26":"shipping-taxable","27":"product-type-simple","28":"entry","29":"content-bg","30":"loop-entry"},"_links":{"self":[{"href":"https:\/\/zzlcmachinery.com\/da\/wp-json\/wp\/v2\/product\/670","targetHints":{"allow":["GET"]}}],"collection":[{"href":"https:\/\/zzlcmachinery.com\/da\/wp-json\/wp\/v2\/product"}],"about":[{"href":"https:\/\/zzlcmachinery.com\/da\/wp-json\/wp\/v2\/types\/product"}],"version-history":[{"count":0,"href":"https:\/\/zzlcmachinery.com\/da\/wp-json\/wp\/v2\/product\/670\/revisions"}],"wp:featuredmedia":[{"embeddable":true,"href":"https:\/\/zzlcmachinery.com\/da\/wp-json\/wp\/v2\/media\/683"}],"wp:attachment":[{"href":"https:\/\/zzlcmachinery.com\/da\/wp-json\/wp\/v2\/media?parent=670"}],"wp:term":[{"taxonomy":"product_brand","embeddable":true,"href":"https:\/\/zzlcmachinery.com\/da\/wp-json\/wp\/v2\/product_brand?post=670"},{"taxonomy":"product_cat","embeddable":true,"href":"https:\/\/zzlcmachinery.com\/da\/wp-json\/wp\/v2\/product_cat?post=670"},{"taxonomy":"product_tag","embeddable":true,"href":"https:\/\/zzlcmachinery.com\/da\/wp-json\/wp\/v2\/product_tag?post=670"}],"curies":[{"name":"wp","href":"https:\/\/api.w.org\/{rel}","templated":true}]}}