{"id":664,"date":"2022-10-25T23:47:44","date_gmt":"2022-10-25T15:47:44","guid":{"rendered":"https:\/\/zzlcmachinery.com\/?post_type=product&#038;p=664"},"modified":"2022-11-22T15:50:34","modified_gmt":"2022-11-22T07:50:34","slug":"lc-jk16-diy-wrought-iron-flat-steel-scrolling-bending-machine-metal-scroll-bender","status":"publish","type":"product","link":"https:\/\/zzlcmachinery.com\/da\/vare\/lc-jk16-diy-wrought-iron-flat-steel-scrolling-bending-machine-metal-scroll-bender\/","title":{"rendered":"LC-JK16 DIY Smedejern Fladst\u00e5l Rulleb\u00f8jningsmaskine Metal Scroll Bender"},"content":{"rendered":"","protected":false},"excerpt":{"rendered":"<p>LC-JK16 g\u00f8r-det-selv smedejern fladt st\u00e5l rulleb\u00f8jningsmaskine metal scroll bukker bruges ogs\u00e5 til at lave C-formede, P-formede, S-formede, U-formede kunstneriske smedejernsm\u00f8nstre og er desuden udstyret med \u03c650mm, \u03c6,30mm, \u03c620mm blokering hjul, som er velegnede til bearbejdning af forskellige st\u00f8rrelser af m\u00f8nstre. Forskellen er, at denne rullebukkemaskine ikke kun kan behandle fladjern, rundst\u00e5l, firkantst\u00e5l, men ogs\u00e5 rundr\u00f8r og firkantr\u00f8r.<br \/>\nDenne rullebukkermaskine kan behandle op til 20x20 mm firkantet r\u00f8r med en tykkelse p\u00e5 ikke mere end 3 mm og en diameter p\u00e5 20 mm og et rundt r\u00f8r med en tykkelse p\u00e5 h\u00f8jst 3 mm.<br \/>\nMaskinen er udstyret med 6 s\u00e6t forme gratis.<br \/>\n24 timers online service, lad os vide, hvis du har sp\u00f8rgsm\u00e5l!<br \/>\n<strong>TEKNISK PARAMETER<br \/>\n<\/strong><strong>Model: LC-JK16<br \/>\nFladjern:<\/strong>\u22648\u00d750 mm<br \/>\n<strong>Rundt st\u00e5l:<\/strong> \u2264\u03c616mm<br \/>\n<strong>Firkantet st\u00e5l:<\/strong>\u226416\u00d716mm<br \/>\n<strong>Firkantet r\u00f8r:<\/strong>\u226420\u00d720mm tykkelse af firkantet r\u00f8r\u22643mm<br \/>\n<strong>Rundt r\u00f8r:<\/strong>\u2264\u03c620mm tykkelse af runde r\u00f8r\u22643mm<br \/>\n<strong>Behandlingshastighed:<\/strong> 500 stk \/H<br \/>\n<strong>Str\u00f8m:<\/strong> 2,2KW<br \/>\n<strong>Sp\u00e6nding:<\/strong>\u00a0220V\/380V\/415V<br \/>\n<strong>Pakningsdimension:<\/strong> 800\u00d7600\u00d71200 mm<br \/>\n<strong>NW (kg):<\/strong> 350<br \/>\n<strong>GW (kg):<\/strong> 400<\/p>","protected":false},"featured_media":673,"template":"","meta":{"_kad_post_transparent":"default","_kad_post_title":"","_kad_post_layout":"default","_kad_post_sidebar_id":"","_kad_post_content_style":"default","_kad_post_vertical_padding":"default","_kad_post_feature":"","_kad_post_feature_position":"","_kad_post_header":false,"_kad_post_footer":false},"product_brand":[],"product_cat":[29,27],"product_tag":[178,180,175,76,49,182,177,179,72,181],"class_list":{"0":"post-664","1":"product","2":"type-product","3":"status-publish","4":"has-post-thumbnail","6":"product_cat-electric-wrought-iron-processing-machine","7":"product_cat-electric-scroll-bending-machine","8":"product_tag-buy-scroll-bender","9":"product_tag-china-wrought-iron-machine-and-metal-craft-machine","10":"product_tag-diy-wrought-iron-flat-steel-scrolling-bending-machine-metal-scroll-bender","11":"product_tag-electric-flat-iron-scroll-bending-machine","12":"product_tag-electric-scroll-bending-machine","13":"product_tag-iron-pattern-bender","14":"product_tag-manual-meta-scroll-bender","15":"product_tag-metal-craft-bending-tools","16":"product_tag-metal-scroll-bender","17":"product_tag-ornamental-iron-machine-manufacturer","19":"first","20":"instock","21":"shipping-taxable","22":"product-type-simple","23":"entry","24":"content-bg","25":"loop-entry"},"_links":{"self":[{"href":"https:\/\/zzlcmachinery.com\/da\/wp-json\/wp\/v2\/product\/664","targetHints":{"allow":["GET"]}}],"collection":[{"href":"https:\/\/zzlcmachinery.com\/da\/wp-json\/wp\/v2\/product"}],"about":[{"href":"https:\/\/zzlcmachinery.com\/da\/wp-json\/wp\/v2\/types\/product"}],"version-history":[{"count":0,"href":"https:\/\/zzlcmachinery.com\/da\/wp-json\/wp\/v2\/product\/664\/revisions"}],"wp:featuredmedia":[{"embeddable":true,"href":"https:\/\/zzlcmachinery.com\/da\/wp-json\/wp\/v2\/media\/673"}],"wp:attachment":[{"href":"https:\/\/zzlcmachinery.com\/da\/wp-json\/wp\/v2\/media?parent=664"}],"wp:term":[{"taxonomy":"product_brand","embeddable":true,"href":"https:\/\/zzlcmachinery.com\/da\/wp-json\/wp\/v2\/product_brand?post=664"},{"taxonomy":"product_cat","embeddable":true,"href":"https:\/\/zzlcmachinery.com\/da\/wp-json\/wp\/v2\/product_cat?post=664"},{"taxonomy":"product_tag","embeddable":true,"href":"https:\/\/zzlcmachinery.com\/da\/wp-json\/wp\/v2\/product_tag?post=664"}],"curies":[{"name":"wp","href":"https:\/\/api.w.org\/{rel}","templated":true}]}}