{"id":653,"date":"2022-10-23T22:37:30","date_gmt":"2022-10-23T14:37:30","guid":{"rendered":"https:\/\/zzlcmachinery.com\/?post_type=product&#038;p=653"},"modified":"2022-11-22T15:52:22","modified_gmt":"2022-11-22T07:52:22","slug":"china-manufacture-metalcraft-hytraulic-moulder-wrought-iron-machine","status":"publish","type":"product","link":"https:\/\/zzlcmachinery.com\/da\/vare\/china-manufacture-metalcraft-hytraulic-moulder-wrought-iron-machine\/","title":{"rendered":"Kina Fremstilling Metalcraft Hytraulic Moulder Smedejern Machine"},"content":{"rendered":"","protected":false},"excerpt":{"rendered":"<p>LCYY16 Kina fremstiller metalcraft hytraulic moulder smedejernsmaskine med fabrikspris, Denne hydrauliske formningsmaskine er i \u00f8jeblikket den mest funktionelle hydroformningsmaskine i metalforarbejdningsindustrien. P\u00e5 basis af bearbejdning af fladjern, rundst\u00e5l og firkantst\u00e5l kan den ogs\u00e5 bearbejde firkantede r\u00f8r og runde r\u00f8r. For\u00f8gelsen af forarbejdningsmaterialer kan yderligere udvide mangfoldigheden af formningsm\u00f8nstre. Denne hytraulic st\u00f8ber i metal kan ekstrudere firkantet st\u00e5l, rundt st\u00e5l, fladjern, rundt r\u00f8r og firkantet r\u00f8r i forskellige former s\u00e5som cirkel, bue og vinkel p\u00e5 \u00e9n gang.<br \/>\nDette udstyr af fodkontakten kan frig\u00f8re h\u00e6nderne p\u00e5 operat\u00f8ren af maskinen, forbedre arbejdseffektiviteten, spare arbejdskraft, og den bekvemme og enkle betjening kan lade dig komme hurtigt i gang.<br \/>\nUdskiftningen af slibev\u00e6rkt\u00f8jet kan gennemf\u00f8res p\u00e5 5 minutter, og 4 s\u00e6t forme kan v\u00e6lges af kunden.<br \/>\nDen hydrauliske st\u00f8ber f\u00f8lger tilf\u00e6ldigt med ham for at bryde 4 s\u00e6t frie st\u00f8beforme (1 s\u00e6t til vinkelb\u00f8jning og simrende runde st\u00f8beforme, 1 s\u00e6t bueudretning og justering, 2 s\u00e6t st\u00f8beforme), og der er st\u00f8beforme, som kunderne kan v\u00e6lge.<br \/>\n24 timers online service, lad os vide, hvis du har sp\u00f8rgsm\u00e5l!<br \/>\n<strong>TEKNISK PARAMETER<br \/>\n<\/strong><strong>Model: LC-YY16<br \/>\nMax arbejdsevne:<\/strong> Fladjern\u226410x50mm<br \/>\nRundt st\u00e5l \u2264\u03a616mm Firkantet st\u00e5l\u226416x16mm<br \/>\nRundt r\u00f8r\u2264\u03a680mm Firkantet r\u00f8r\u226480x80mm<br \/>\n<strong>Str\u00f8m:<\/strong>7,5KW<br \/>\n<strong>Sp\u00e6nding:<\/strong>\u00a0220V\/380V\/415V<br \/>\n<strong>Pakningsdimension:<\/strong> 1300\u00d7700\u00d71400 mm<br \/>\n<strong>NW (kg):<\/strong> 780\u00a0 \u00a0 \u00a0 <strong>GW (kg):<\/strong> 850<\/p>","protected":false},"featured_media":659,"template":"","meta":{"_kad_post_transparent":"default","_kad_post_title":"","_kad_post_layout":"default","_kad_post_sidebar_id":"","_kad_post_content_style":"default","_kad_post_vertical_padding":"default","_kad_post_feature":"","_kad_post_feature_position":"","_kad_post_header":false,"_kad_post_footer":false},"product_brand":[],"product_cat":[29,23],"product_tag":[172,133,174,131,173,171,129,51,111],"class_list":{"0":"post-653","1":"product","2":"type-product","3":"status-publish","4":"has-post-thumbnail","6":"product_cat-electric-wrought-iron-processing-machine","7":"product_cat-wrought-iron-hydraulic-moulder","8":"product_tag-blacksmith-equipment","9":"product_tag-buy-metal-craft-hydraulic-moulder","10":"product_tag-china-iron-moulder","11":"product_tag-hydraulic-bending-machine","12":"product_tag-hydraulic-moulder-lanchen-reputable-wrought-iron-supplier","13":"product_tag-lc-yy16-china-manufacture-metalcraft-hytraulic-moulder-wrought-iron-machine","14":"product_tag-metal-craft-hydraulic-moulder","15":"product_tag-wrought-iron-bending-machine","16":"product_tag-wrought-iron-machine","18":"first","19":"instock","20":"shipping-taxable","21":"product-type-simple","22":"entry","23":"content-bg","24":"loop-entry"},"_links":{"self":[{"href":"https:\/\/zzlcmachinery.com\/da\/wp-json\/wp\/v2\/product\/653","targetHints":{"allow":["GET"]}}],"collection":[{"href":"https:\/\/zzlcmachinery.com\/da\/wp-json\/wp\/v2\/product"}],"about":[{"href":"https:\/\/zzlcmachinery.com\/da\/wp-json\/wp\/v2\/types\/product"}],"version-history":[{"count":0,"href":"https:\/\/zzlcmachinery.com\/da\/wp-json\/wp\/v2\/product\/653\/revisions"}],"wp:featuredmedia":[{"embeddable":true,"href":"https:\/\/zzlcmachinery.com\/da\/wp-json\/wp\/v2\/media\/659"}],"wp:attachment":[{"href":"https:\/\/zzlcmachinery.com\/da\/wp-json\/wp\/v2\/media?parent=653"}],"wp:term":[{"taxonomy":"product_brand","embeddable":true,"href":"https:\/\/zzlcmachinery.com\/da\/wp-json\/wp\/v2\/product_brand?post=653"},{"taxonomy":"product_cat","embeddable":true,"href":"https:\/\/zzlcmachinery.com\/da\/wp-json\/wp\/v2\/product_cat?post=653"},{"taxonomy":"product_tag","embeddable":true,"href":"https:\/\/zzlcmachinery.com\/da\/wp-json\/wp\/v2\/product_tag?post=653"}],"curies":[{"name":"wp","href":"https:\/\/api.w.org\/{rel}","templated":true}]}}