{"id":645,"date":"2022-10-23T16:57:20","date_gmt":"2022-10-23T08:57:20","guid":{"rendered":"https:\/\/zzlcmachinery.com\/?post_type=product&#038;p=645"},"modified":"2022-11-22T15:55:02","modified_gmt":"2022-11-22T07:55:02","slug":"electric-decorative-metal-craft-wrought-iron-fishtail-making-machine","status":"publish","type":"product","link":"https:\/\/zzlcmachinery.com\/da\/vare\/electric-decorative-metal-craft-wrought-iron-fishtail-making-machine\/","title":{"rendered":"Elektrisk dekorativ metal h\u00e5ndv\u00e6rk Smedejern Fishtail Making Machine"},"content":{"rendered":"","protected":false},"excerpt":{"rendered":"<p>LC-YW16 Elektrisk dekorativ metalh\u00e5ndv\u00e6rk smedejernsfiskehalefremstillingsmaskine er supermodellen af vores virksomheds forsknings- og udviklingstest og erfaringstest i smedemaskiner. Denne varmrullede fiskehalemaskine kan behandle firkantet r\u00f8r, firkantet st\u00e5l, fladjern, rundt st\u00e5l og andre materialer.<br \/>\nIs\u00e6r funktionen til at behandle firkantede r\u00f8r er unik for denne fiskehalefremstillingsmaskine i metal, som kan behandle firkantede r\u00f8r i st\u00f8rrelse 14x14 mm, 16x16 mm, 15x15 mm, 20x20 mm.<br \/>\nDet forarbejdede produkt \u00e6ndrer kun l\u00e6ngden og bredden, hvilket er b\u00e5de smukt og gener\u00f8st. Det er en opgradering af F3- og F4-formuleringerne, der \u00e6ndrer den excentriske valse til en excentrisk aksel, f\u00e5r valsen til at skifte til en form med tre slidser og \u00f8ger levetiden med tre gange i forhold til andre.<br \/>\nDe flade ruller p\u00e5 ydersiden af smedejerns-endepresset fiskehale maskinhoved kan flade, sk\u00e6rpe og forsegle de firkantede og runde st\u00e6nger.<br \/>\n24 timers online service, lad os vide, hvis du har sp\u00f8rgsm\u00e5l!<br \/>\n<strong>TEKNISK PARAMETER<br \/>\n<\/strong><strong>Model: LC-YW16<br \/>\nFladjern:<\/strong> \u226410X60mm<br \/>\n<strong>Rundt st\u00e5l:<\/strong> \u03c616 mm<br \/>\n<strong>Firkantet st\u00e5l:<\/strong> \u226416\u00d716mm<br \/>\n<strong>Firkantet r\u00f8r:<\/strong>14x14mm, 16x16mm, 15x15mm, 20x20mm<br \/>\n<strong>Str\u00f8m:<\/strong> 3KW<br \/>\n<strong>Sp\u00e6nding:<\/strong>\u00a0220V\/380V\/415V<br \/>\n<strong>Pakningsdimension:<\/strong> 1000\u00d7600\u00d71110 mm<br \/>\n<strong>NW (kg):<\/strong>380<br \/>\n<strong>GW (kg):<\/strong> 400<\/p>","protected":false},"featured_media":648,"template":"","meta":{"_kad_post_transparent":"default","_kad_post_title":"","_kad_post_layout":"default","_kad_post_sidebar_id":"","_kad_post_content_style":"default","_kad_post_vertical_padding":"default","_kad_post_feature":"","_kad_post_feature_position":"","_kad_post_header":false,"_kad_post_footer":false},"product_brand":[],"product_cat":[29,24],"product_tag":[163,165,167,166,168,162,169,170,164,161,111],"class_list":{"0":"post-645","1":"product","2":"type-product","3":"status-publish","4":"has-post-thumbnail","6":"product_cat-electric-wrought-iron-processing-machine","7":"product_cat-wrought-iron-fishtail-forging-machine","8":"product_tag-china-hot-roll-fishtail-machine-manufacturing-for-sale","9":"product_tag-end-hot-fishtail-for-wrought-iron","10":"product_tag-fishtail-iron-processing-machine","11":"product_tag-hot-roll-end-forging-machine","12":"product_tag-hot-roll-fishtail-machine","13":"product_tag-hot-roll-fishtail-making-machine","14":"product_tag-hot-roll-fishtail-mill","15":"product_tag-hot-rolling-fishtail-forming-machine","16":"product_tag-hot-roll-fishtail-coining-machine","17":"product_tag-wrought-iron-end-press-fishtail-machine","18":"product_tag-wrought-iron-machine","20":"first","21":"instock","22":"shipping-taxable","23":"product-type-simple","24":"entry","25":"content-bg","26":"loop-entry"},"_links":{"self":[{"href":"https:\/\/zzlcmachinery.com\/da\/wp-json\/wp\/v2\/product\/645","targetHints":{"allow":["GET"]}}],"collection":[{"href":"https:\/\/zzlcmachinery.com\/da\/wp-json\/wp\/v2\/product"}],"about":[{"href":"https:\/\/zzlcmachinery.com\/da\/wp-json\/wp\/v2\/types\/product"}],"version-history":[{"count":0,"href":"https:\/\/zzlcmachinery.com\/da\/wp-json\/wp\/v2\/product\/645\/revisions"}],"wp:featuredmedia":[{"embeddable":true,"href":"https:\/\/zzlcmachinery.com\/da\/wp-json\/wp\/v2\/media\/648"}],"wp:attachment":[{"href":"https:\/\/zzlcmachinery.com\/da\/wp-json\/wp\/v2\/media?parent=645"}],"wp:term":[{"taxonomy":"product_brand","embeddable":true,"href":"https:\/\/zzlcmachinery.com\/da\/wp-json\/wp\/v2\/product_brand?post=645"},{"taxonomy":"product_cat","embeddable":true,"href":"https:\/\/zzlcmachinery.com\/da\/wp-json\/wp\/v2\/product_cat?post=645"},{"taxonomy":"product_tag","embeddable":true,"href":"https:\/\/zzlcmachinery.com\/da\/wp-json\/wp\/v2\/product_tag?post=645"}],"curies":[{"name":"wp","href":"https:\/\/api.w.org\/{rel}","templated":true}]}}