{"id":631,"date":"2022-10-20T00:48:38","date_gmt":"2022-10-19T16:48:38","guid":{"rendered":"https:\/\/zzlcmachinery.com\/?post_type=product&#038;p=631"},"modified":"2023-02-18T16:11:26","modified_gmt":"2023-02-18T08:11:26","slug":"buy-metal-craft-steel-coil-rolling-machine-ornament-iron-making-machine","status":"publish","type":"product","link":"https:\/\/zzlcmachinery.com\/da\/vare\/kob-metal-handvaerk-stal-spole-rullemaskine-ornament-jernfremstillingsmaskine\/","title":{"rendered":"K\u00f8b Metal Craft Steel Coil Rolling Machine Ornament Jern Making Machine"},"content":{"rendered":"","protected":false},"excerpt":{"rendered":"<p>LC-CJ16 k\u00f8b metal h\u00e5ndv\u00e6rk st\u00e5l spole rullemaskine ornament jernfremstillingsmaskine, denne hydrauliske spole rullemaskine bruges til hovedet fladt st\u00e5l, firkantet st\u00e5l, rundt st\u00e5l og endespole efter opvarmning af rundt r\u00f8r. Fiskehalejernsmateriale rulles automatisk. Spoleform er et v\u00e6sentligt m\u00f8nster i smedejernsprodukter. Derfor er rullemaskinen en vigtig maskine velegnet til jernkunst, dekoration, havearbejde mv.<br \/>\nJernmaterialer kan rulles til \u03a630, \u03a640, \u03a650 mm diameter blomsterruller, som dybest set kan opfylde det internationale almindelige fladjern, firkantet st\u00e5l rundst\u00e5l og runde r\u00f8r (haleenden skal forarbejdes til fiskehale), der anvendes i produktionsprocessen af D\u00f8re, vinduer, gel\u00e6ndere og r\u00e6kv\u00e6rk i europ\u00e6isk stil.<br \/>\nDenne hydrauliske jernspolerulning har fordelene ved hurtig valsning, bekvem betjening, bredt behandlingsomr\u00e5de, mange forarbejdelige materialer, h\u00f8j kvalitet af ruller og h\u00f8j produktionseffektivitet.<br \/>\n24 timers online service, lad os vide, hvis du har sp\u00f8rgsm\u00e5l!<br \/>\n<strong>TEKNISK PARAMETER<br \/>\n<\/strong><strong>Model: LC-CJ16<br \/>\nMax arbejdsevne:<\/strong> Opvarmet fladjern :10x50mm<br \/>\nFirkantet st\u00e5l \u226425x25mm<br \/>\nRundt st\u00e5l \u2264\u03a625mm<br \/>\nRundt r\u00f8r \u2264\u03a625mm<br \/>\n<strong>Str\u00f8m:<\/strong> 1,1KW 6P<br \/>\n<strong>Sp\u00e6nding:<\/strong>\u00a0220V\/380V\/415V<br \/>\n<strong>Pakningsdimension:<\/strong> 1000\u00d7600\u00d71300 mm<br \/>\n<strong>NW (kg):<\/strong> 200\u00a0 \u00a0 \u00a0 <strong>GW (kg):<\/strong> 240<\/p>","protected":false},"featured_media":637,"template":"","meta":{"_kad_post_transparent":"default","_kad_post_title":"","_kad_post_layout":"default","_kad_post_sidebar_id":"","_kad_post_content_style":"default","_kad_post_vertical_padding":"default","_kad_post_feature":"","_kad_post_feature_position":"","_kad_post_header":false,"_kad_post_footer":false},"product_brand":[],"product_cat":[25,29],"product_tag":[160,158,155,153,152,159,124,157,156,154],"class_list":{"0":"post-631","1":"product","2":"type-product","3":"status-publish","4":"has-post-thumbnail","6":"product_cat-electric-make-coil-machine-for-metal-craft","7":"product_cat-electric-wrought-iron-processing-machine","8":"product_tag-automatic-blacksmith-coil-rolling-machine","9":"product_tag-buy-metal-craft-steel-coil-rolling-machine-ornament-iron-making-machine","10":"product_tag-electric-coil-rolling-machine","11":"product_tag-electric-making-coil-machine","12":"product_tag-iron-coils-making-machine","13":"product_tag-mechanical-metal-craft-flat-steel-coil-rolling-making-machine-price","14":"product_tag-metal-craft-steel-coil-rolling-machine","15":"product_tag-ornament-iron-making-machine","16":"product_tag-wrought-iron-coil-making","17":"product_tag-wrought-iron-electric-make-coil-machine-for-decorative","19":"first","20":"instock","21":"shipping-taxable","22":"product-type-simple","23":"entry","24":"content-bg","25":"loop-entry"},"_links":{"self":[{"href":"https:\/\/zzlcmachinery.com\/da\/wp-json\/wp\/v2\/product\/631","targetHints":{"allow":["GET"]}}],"collection":[{"href":"https:\/\/zzlcmachinery.com\/da\/wp-json\/wp\/v2\/product"}],"about":[{"href":"https:\/\/zzlcmachinery.com\/da\/wp-json\/wp\/v2\/types\/product"}],"version-history":[{"count":0,"href":"https:\/\/zzlcmachinery.com\/da\/wp-json\/wp\/v2\/product\/631\/revisions"}],"wp:featuredmedia":[{"embeddable":true,"href":"https:\/\/zzlcmachinery.com\/da\/wp-json\/wp\/v2\/media\/637"}],"wp:attachment":[{"href":"https:\/\/zzlcmachinery.com\/da\/wp-json\/wp\/v2\/media?parent=631"}],"wp:term":[{"taxonomy":"product_brand","embeddable":true,"href":"https:\/\/zzlcmachinery.com\/da\/wp-json\/wp\/v2\/product_brand?post=631"},{"taxonomy":"product_cat","embeddable":true,"href":"https:\/\/zzlcmachinery.com\/da\/wp-json\/wp\/v2\/product_cat?post=631"},{"taxonomy":"product_tag","embeddable":true,"href":"https:\/\/zzlcmachinery.com\/da\/wp-json\/wp\/v2\/product_tag?post=631"}],"curies":[{"name":"wp","href":"https:\/\/api.w.org\/{rel}","templated":true}]}}