{"id":618,"date":"2022-10-19T15:15:26","date_gmt":"2022-10-19T07:15:26","guid":{"rendered":"https:\/\/zzlcmachinery.com\/?post_type=product&#038;p=618"},"modified":"2022-11-22T15:59:15","modified_gmt":"2022-11-22T07:59:15","slug":"lc-gp40-high-frequency-metal-induction-heater-for-sale","status":"publish","type":"product","link":"https:\/\/zzlcmachinery.com\/da\/vare\/lc-gp40-high-frequency-metal-induction-heater-for-sale\/","title":{"rendered":"LC-GP40 h\u00f8jfrekvent metal induktionsvarmer til salg"},"content":{"rendered":"","protected":false},"excerpt":{"rendered":"<p><strong>LC-GP40 H\u00f8jfrekvent metal induktionsvarmer s\u00e6lges.<\/strong><br \/>\nDen nye generation af h\u00f8jfrekvensvarmere er sammensat af to dele: varmev\u00e6rt og k\u00f8leenhed. Forst\u00f8rret vandtank og fire bl\u00e6sere kan f\u00e5 maskinen til at virke i l\u00e6ngere tid, selv i Afrika, hvor temperaturen er meget h\u00f8j i verden, kan den bruges i lang tid.<br \/>\nDenne hurtigvarmemaskine i metal. Maskinens str\u00f8mforsyning er trinl\u00f8st justerbar fra 2KW til 20KW. Forskellige KW kan v\u00e6lges efter forskellige st\u00f8rrelser af materialer, hvilket er meget energibesparende. Normalt er maskinen i standby-tilstand uden opvarmning og spilder ikke str\u00f8m. Designet til at spare str\u00f8m er meget brugervenligt.<br \/>\nDerudover er h\u00f8jfrekvente varmemaskine udstyret med en fodkontakt for at frig\u00f8re arbejderens h\u00e6nder. En uerfaren person kan l\u00e6re og betjene denne maskine inden for 10 minutter,<br \/>\nLave vedligeholdelsesomkostninger, beh\u00f8ver kun noget rent vand og sm\u00f8reolie,<br \/>\nMaskinen kan ikke kun bruges til at opvarme almindeligt jern, men ogs\u00e5 til at smelte guld og s\u00f8lv.<br \/>\n24 timers online service, lad os vide, hvis du har sp\u00f8rgsm\u00e5l!<br \/>\n<strong>TEKNISK PARAMETER<br \/>\n<\/strong><strong>Model: LC-GPIV36<br \/>\nMax arbejdsevne:<\/strong> Fladjern\u22646x50mm<br \/>\nFirkantet st\u00e5l \u226420X20mm<br \/>\nRundt st\u00e5l\u226420mm<br \/>\n<strong>Str\u00f8m:<\/strong>udgangsst\u00f8d elektrisk str\u00f8m: 300A-1400A<br \/>\nInput elektrisk str\u00f8m:5-36A<br \/>\n<strong>Sp\u00e6nding:<\/strong> Indgangssp\u00e6ndingsomr\u00e5det: 320-420v 50HZ<br \/>\n<strong>Pakningsdimension:<\/strong> 500x700x700mm +1200x600x800mm<br \/>\n<strong>NW (kg):<\/strong> 180\u00a0 \u00a0 <strong>GW (kg):<\/strong> 200<\/p>","protected":false},"featured_media":626,"template":"","meta":{"_kad_post_transparent":"default","_kad_post_title":"","_kad_post_layout":"default","_kad_post_sidebar_id":"","_kad_post_content_style":"default","_kad_post_vertical_padding":"default","_kad_post_feature":"","_kad_post_feature_position":"","_kad_post_header":false,"_kad_post_footer":false},"product_brand":[],"product_cat":[29,32],"product_tag":[149,147,150,145,146,151,148],"class_list":{"0":"post-618","1":"product","2":"type-product","3":"status-publish","4":"has-post-thumbnail","6":"product_cat-electric-wrought-iron-processing-machine","7":"product_cat-power-of-iron-effcient-heater","8":"product_tag-application-of-high-frequency-metal-induction-heater-for-sale","9":"product_tag-featured-metal-induction-heater-for-sale","10":"product_tag-high-frequency-metal-induction-heater-for-sale","11":"product_tag-induction-heating-equipment","12":"product_tag-induction-heating-machine-for-metal-forging","13":"product_tag-the-power-of-iron-effcient-heater","14":"product_tag-wrought-iron-machine-induction-heating-forging-equipment","16":"first","17":"instock","18":"shipping-taxable","19":"product-type-simple","20":"entry","21":"content-bg","22":"loop-entry"},"_links":{"self":[{"href":"https:\/\/zzlcmachinery.com\/da\/wp-json\/wp\/v2\/product\/618","targetHints":{"allow":["GET"]}}],"collection":[{"href":"https:\/\/zzlcmachinery.com\/da\/wp-json\/wp\/v2\/product"}],"about":[{"href":"https:\/\/zzlcmachinery.com\/da\/wp-json\/wp\/v2\/types\/product"}],"version-history":[{"count":0,"href":"https:\/\/zzlcmachinery.com\/da\/wp-json\/wp\/v2\/product\/618\/revisions"}],"wp:featuredmedia":[{"embeddable":true,"href":"https:\/\/zzlcmachinery.com\/da\/wp-json\/wp\/v2\/media\/626"}],"wp:attachment":[{"href":"https:\/\/zzlcmachinery.com\/da\/wp-json\/wp\/v2\/media?parent=618"}],"wp:term":[{"taxonomy":"product_brand","embeddable":true,"href":"https:\/\/zzlcmachinery.com\/da\/wp-json\/wp\/v2\/product_brand?post=618"},{"taxonomy":"product_cat","embeddable":true,"href":"https:\/\/zzlcmachinery.com\/da\/wp-json\/wp\/v2\/product_cat?post=618"},{"taxonomy":"product_tag","embeddable":true,"href":"https:\/\/zzlcmachinery.com\/da\/wp-json\/wp\/v2\/product_tag?post=618"}],"curies":[{"name":"wp","href":"https:\/\/api.w.org\/{rel}","templated":true}]}}