{"id":608,"date":"2022-10-18T17:16:42","date_gmt":"2022-10-18T09:16:42","guid":{"rendered":"https:\/\/zzlcmachinery.com\/?post_type=product&#038;p=608"},"modified":"2022-11-22T17:02:01","modified_gmt":"2022-11-22T09:02:01","slug":"iron-efficient-power-heater-for-wrought-iron","status":"publish","type":"product","link":"https:\/\/zzlcmachinery.com\/da\/vare\/iron-efficient-power-heater-for-wrought-iron\/","title":{"rendered":"Jerneffektiv kraftvarmer til smedejern"},"content":{"rendered":"","protected":false},"excerpt":{"rendered":"<p>Jerneffektiv kraftvarmer til smedejern fra fabrikken til metalh\u00e5ndv\u00e6rk.<br \/>\nMetalinduktionsvarmer er en hurtig, sikker og effektiv opvarmningsmetode, der er meget udbredt i metalforarbejdnings- og smedeindustrien. Udstyret vedtager h\u00f8jfrekvent induktionsopvarmning, cirkulerende vandk\u00f8ling, ventilatork\u00f8ling og andre teknologier for at g\u00f8re det muligt for maskinen kontinuerligt at opvarme i lang tid. H\u00f8jfrekvent varmemaskine er meget udbredt i metalsmedning, s\u00e5som opvarmning af fladjern, firkantet st\u00e5l, rundt st\u00e5l i jernkunstvarmeteknik, opvarmning af dele i bratk\u00f8lingsproces,<br \/>\nDen st\u00f8rste fordel ved denne maskine er, at den kan fuldf\u00f8re opvarmningen af 16x16 mm firkantst\u00e5l p\u00e5 5 sekunder med mindre str\u00f8mforbrug, hurtig opvarmning, sikkerhedsbeskyttelse og ekstra varmespoler. Det er dybt elsket af smede og d\u00f8r- og vinduesbearbejdningsfabrikker<br \/>\n24 timers online service, lad os vide, hvis du har sp\u00f8rgsm\u00e5l!<br \/>\n<strong>TEKNISK PARAMETER<br \/>\n<\/strong><strong>Model: LC-GPIV36<br \/>\nMax arbejdsevne:<\/strong> Fladjern\u226410x50mm<br \/>\nFirkantet st\u00e5l \u226420X20mm<br \/>\nAndet arbejdsemne diameter\u226430mm<br \/>\n<strong>Str\u00f8m:<\/strong>udgangsst\u00f8d elektrisk str\u00f8m: 300A-1400A<br \/>\nInput elektrisk str\u00f8m:4-36A<br \/>\n<strong>Sp\u00e6nding:<\/strong> Indgangssp\u00e6ndingsomr\u00e5det: 320-420v 50HZ<br \/>\n<strong>Pakningsdimension:<\/strong> 1050\u00d7680\u00d71520 mm<br \/>\n<strong>NW (kg):<\/strong> 230\u00a0 \u00a0 \u00a0<strong>GW (kg):<\/strong> 260<\/p>","protected":false},"featured_media":610,"template":"","meta":{"_kad_post_transparent":"default","_kad_post_title":"","_kad_post_layout":"default","_kad_post_sidebar_id":"","_kad_post_content_style":"default","_kad_post_vertical_padding":"default","_kad_post_feature":"","_kad_post_feature_position":"","_kad_post_header":false,"_kad_post_footer":false},"product_brand":[],"product_cat":[29,32],"product_tag":[140,136,138,142,137,144,139,141,143],"class_list":{"0":"post-608","1":"product","2":"type-product","3":"status-publish","4":"has-post-thumbnail","6":"product_cat-electric-wrought-iron-processing-machine","7":"product_cat-power-of-iron-effcient-heater","8":"product_tag-china-the-power-of-iron-efficient-heate","9":"product_tag-high-frequency-heating-machine","10":"product_tag-iron-efficient-power-heater","11":"product_tag-metal-craft-machines","12":"product_tag-ornamental-iron-machine","13":"product_tag-reliable-quality-iron-effcient-heater","14":"product_tag-the-power-of-iron-efficienet-heater","15":"product_tag-wholesale-el-gp-iv-36-the-power-machine-of-iron-efficient-heater","16":"product_tag-wrought-iron-heating-machine","18":"first","19":"instock","20":"shipping-taxable","21":"product-type-simple","22":"entry","23":"content-bg","24":"loop-entry"},"_links":{"self":[{"href":"https:\/\/zzlcmachinery.com\/da\/wp-json\/wp\/v2\/product\/608","targetHints":{"allow":["GET"]}}],"collection":[{"href":"https:\/\/zzlcmachinery.com\/da\/wp-json\/wp\/v2\/product"}],"about":[{"href":"https:\/\/zzlcmachinery.com\/da\/wp-json\/wp\/v2\/types\/product"}],"version-history":[{"count":0,"href":"https:\/\/zzlcmachinery.com\/da\/wp-json\/wp\/v2\/product\/608\/revisions"}],"wp:featuredmedia":[{"embeddable":true,"href":"https:\/\/zzlcmachinery.com\/da\/wp-json\/wp\/v2\/media\/610"}],"wp:attachment":[{"href":"https:\/\/zzlcmachinery.com\/da\/wp-json\/wp\/v2\/media?parent=608"}],"wp:term":[{"taxonomy":"product_brand","embeddable":true,"href":"https:\/\/zzlcmachinery.com\/da\/wp-json\/wp\/v2\/product_brand?post=608"},{"taxonomy":"product_cat","embeddable":true,"href":"https:\/\/zzlcmachinery.com\/da\/wp-json\/wp\/v2\/product_cat?post=608"},{"taxonomy":"product_tag","embeddable":true,"href":"https:\/\/zzlcmachinery.com\/da\/wp-json\/wp\/v2\/product_tag?post=608"}],"curies":[{"name":"wp","href":"https:\/\/api.w.org\/{rel}","templated":true}]}}