{"id":586,"date":"2022-10-15T23:03:30","date_gmt":"2022-10-15T15:03:30","guid":{"rendered":"https:\/\/zzlcmachinery.com\/?post_type=product&#038;p=586"},"modified":"2023-02-09T20:09:36","modified_gmt":"2023-02-09T12:09:36","slug":"hot-metal-electric-coil-making-machine-for-wrought-iron-with-factory-price","status":"publish","type":"product","link":"https:\/\/zzlcmachinery.com\/da\/vare\/hot-metal-electric-coil-making-machine-for-wrought-iron-with-factory-price\/","title":{"rendered":"Varm metal elektrisk jernspolefremstillingsmaskine til smedejern med fabrikspris"},"content":{"rendered":"","protected":false},"excerpt":{"rendered":"<p>LC-DDG12A Varmmetal elektrisk spolefremstillingsmaskine til smedejern med fabrikspris, Den hydrauliske valsemaskine er specielt brugt til metalvalsebearbejdning og bruges til fremstilling af d\u00f8r- og vinduesr\u00e6kv\u00e6rk. Et opvarmet fladjern, firkantst\u00e5l, rundt st\u00e5l (fisk) haleform) med forskellige specifikationer kan rulles stramt ind i en metalspole for at danne en form som en t\u00e6t pakket st\u00f8vdrager, hvilket i h\u00f8j grad forbedrer den elegante kunstneriske form af metalbearbejdning. , det er en uundv\u00e6rlig og vigtig maskine i den europ\u00e6iske jernbearbejdningslinje,<br \/>\nDenne maskine har kun et s\u00e6t gratis forme, der sendes med maskinen.<br \/>\nVed hj\u00e6lp af automatisk programstyring er justeringen enkel, betjeningen er nem, og produktet dannes p\u00e5 \u00e9n gang, hvilket i h\u00f8j grad forbedrer arbejdseffektiviteten.<br \/>\n24 timers online service, lad os vide, hvis du har sp\u00f8rgsm\u00e5l!<br \/>\n<strong>TEKNISK PARAMETER<br \/>\n<\/strong><strong>Model: LC-DDG12A<br \/>\nMax arbejdsevne:<\/strong> Fladjern: 12x4mm-50x8mm<br \/>\nFirkantet st\u00e5l \u226412x12mm<br \/>\n<strong>Str\u00f8m:<\/strong> 3,5KW<br \/>\n<strong>Sp\u00e6nding:<\/strong>\u00a0220V\/380V\/415V<br \/>\n<strong>Pakningsdimension:<\/strong> 1340\u00d7830\u00d71400 mm<br \/>\n<strong>NW (kg):<\/strong> 436\u00a0 \u00a0 \u00a0 <strong>GW (kg):<\/strong> 486<\/p>","protected":false},"featured_media":591,"template":"","meta":{"_kad_post_transparent":"default","_kad_post_title":"","_kad_post_layout":"default","_kad_post_sidebar_id":"","_kad_post_content_style":"default","_kad_post_vertical_padding":"default","_kad_post_feature":"","_kad_post_feature_position":"","_kad_post_header":false,"_kad_post_footer":false},"product_brand":[],"product_cat":[25,29],"product_tag":[125,126,127,124,111],"class_list":{"0":"post-586","1":"product","2":"type-product","3":"status-publish","4":"has-post-thumbnail","6":"product_cat-electric-make-coil-machine-for-metal-craft","7":"product_cat-electric-wrought-iron-processing-machine","8":"product_tag-automatic-blacksmith-wrought-iron-coil-making-machine","9":"product_tag-electric-coil-making-machine-manufacturers-suppliers","10":"product_tag-electric-iron-worker-machine","11":"product_tag-metal-craft-steel-coil-rolling-machine","12":"product_tag-wrought-iron-machine","14":"first","15":"instock","16":"shipping-taxable","17":"product-type-simple","18":"entry","19":"content-bg","20":"loop-entry"},"_links":{"self":[{"href":"https:\/\/zzlcmachinery.com\/da\/wp-json\/wp\/v2\/product\/586","targetHints":{"allow":["GET"]}}],"collection":[{"href":"https:\/\/zzlcmachinery.com\/da\/wp-json\/wp\/v2\/product"}],"about":[{"href":"https:\/\/zzlcmachinery.com\/da\/wp-json\/wp\/v2\/types\/product"}],"version-history":[{"count":0,"href":"https:\/\/zzlcmachinery.com\/da\/wp-json\/wp\/v2\/product\/586\/revisions"}],"wp:featuredmedia":[{"embeddable":true,"href":"https:\/\/zzlcmachinery.com\/da\/wp-json\/wp\/v2\/media\/591"}],"wp:attachment":[{"href":"https:\/\/zzlcmachinery.com\/da\/wp-json\/wp\/v2\/media?parent=586"}],"wp:term":[{"taxonomy":"product_brand","embeddable":true,"href":"https:\/\/zzlcmachinery.com\/da\/wp-json\/wp\/v2\/product_brand?post=586"},{"taxonomy":"product_cat","embeddable":true,"href":"https:\/\/zzlcmachinery.com\/da\/wp-json\/wp\/v2\/product_cat?post=586"},{"taxonomy":"product_tag","embeddable":true,"href":"https:\/\/zzlcmachinery.com\/da\/wp-json\/wp\/v2\/product_tag?post=586"}],"curies":[{"name":"wp","href":"https:\/\/api.w.org\/{rel}","templated":true}]}}