{"id":552,"date":"2022-09-26T18:37:04","date_gmt":"2022-09-26T10:37:04","guid":{"rendered":"https:\/\/zzlcmachinery.com\/?post_type=product&#038;p=552"},"modified":"2022-11-22T16:42:46","modified_gmt":"2022-11-22T08:42:46","slug":"lc-dn25c-metal-processing-equipment-steel-bar-twisting-machine-for-wrought-iron","status":"publish","type":"product","link":"https:\/\/zzlcmachinery.com\/da\/vare\/lc-dn25c-metal-processing-equipment-steel-bar-twisting-machine-for-wrought-iron\/","title":{"rendered":"LC-DN25C metalbearbejdningsudstyr St\u00e5lstang vridningsmaskine til smedejern"},"content":{"rendered":"","protected":false},"excerpt":{"rendered":"<p>LC-DN25C metalbearbejdningsudstyr st\u00e5lstang vridningsmaskine til smedejern, hovedsagelig brugt til jernmetalforarbejdning, s\u00e5som fladjern, rundst\u00e5l, firkantet st\u00e5l, maskinen har manuel indstilling og automatisk gentagelsesbehandlingsfunktioner, som kan sikre ensartetheden af produktbehandlingen , reducere arbejdstid og arbejdsintensitet, Det er en simpel sag at lave metalbearbejdning af de samme specifikationer i batcher.<br \/>\nSpindelhastighed ensartet, b\u00f8jning grov og sikre, at den mindre profil, og maskinen kan ud\u00f8ve sin maksimale arbejdskapacitet. Snoningsmaskinen giver tilf\u00e6ldigt 9 s\u00e6t gratis forme, og 5 minutter er nok til at erstatte en ny form. Den maksimale bearbejdningskapacitet for matel vridemaskinen er 25x25 mm firkantst\u00e5l, 30x8 mm fladjern.<br \/>\nTwist med en l\u00e6ngde p\u00e5 200-800 mm matel kan snoes, og dem med en l\u00e6ngde p\u00e5 mere end 800 mm kan snoes i sektioner. H\u00f8j produktionseffektivitet, 600 stykker 12x12 mm firkantst\u00e5l kan vrides i timen.<br \/>\n24 timers online service, lad os vide, hvis du har sp\u00f8rgsm\u00e5l!<br \/>\n<strong>TEKNISK PARAMETER<br \/>\n<\/strong><strong>Model: LC-DN25C<br \/>\nMax arbejdsevne:<\/strong> L\u00e6ngde\u2264200-800 mm<br \/>\n<strong>Firkantet st\u00e5l<\/strong> \u226425\u00d725 mm<br \/>\n<strong>Fladjern<\/strong> \u226430x8mm<br \/>\n<strong>Str\u00f8m:<\/strong> 4KW<br \/>\n<strong>For gratis dies:<\/strong>6 s\u00e6t firkantede st\u00e5lmatricer, 3 s\u00e6t fladjernsmatricer<br \/>\n<strong>Sp\u00e6nding:<\/strong>\u00a0220V\/380V\/415V<br \/>\n<strong>Pakningsdimension:<\/strong> 1400\u00d7620\u00d71100 mm<br \/>\n<strong>NW (kg):<\/strong> 550\u00a0 \u00a0 \u00a0 <strong>GW (kg):<\/strong> 600<\/p>","protected":false},"featured_media":572,"template":"","meta":{"_kad_post_transparent":"default","_kad_post_title":"","_kad_post_layout":"default","_kad_post_sidebar_id":"","_kad_post_content_style":"default","_kad_post_vertical_padding":"default","_kad_post_feature":"","_kad_post_feature_position":"","_kad_post_header":false,"_kad_post_footer":false},"product_brand":[],"product_cat":[20,29],"product_tag":[113,112,107,108,109,110,111,106],"class_list":{"0":"post-552","1":"product","2":"type-product","3":"status-publish","4":"has-post-thumbnail","6":"product_cat-wrought-iron-twisting-machine","7":"product_cat-electric-wrought-iron-processing-machine","8":"product_tag-basket-iron-metal-twisting-machine","9":"product_tag-electric-twist-machine","10":"product_tag-electric-wrought-iron-end-folding-machine-for-sale","11":"product_tag-iron-bar-twisting-machine","12":"product_tag-torsion-and-twisting-machine","13":"product_tag-twisting-bending-machine","14":"product_tag-wrought-iron-machine","15":"product_tag-wrought-iron-picket-basket-twister-machine","17":"first","18":"instock","19":"shipping-taxable","20":"product-type-simple","21":"entry","22":"content-bg","23":"loop-entry"},"_links":{"self":[{"href":"https:\/\/zzlcmachinery.com\/da\/wp-json\/wp\/v2\/product\/552","targetHints":{"allow":["GET"]}}],"collection":[{"href":"https:\/\/zzlcmachinery.com\/da\/wp-json\/wp\/v2\/product"}],"about":[{"href":"https:\/\/zzlcmachinery.com\/da\/wp-json\/wp\/v2\/types\/product"}],"version-history":[{"count":0,"href":"https:\/\/zzlcmachinery.com\/da\/wp-json\/wp\/v2\/product\/552\/revisions"}],"wp:featuredmedia":[{"embeddable":true,"href":"https:\/\/zzlcmachinery.com\/da\/wp-json\/wp\/v2\/media\/572"}],"wp:attachment":[{"href":"https:\/\/zzlcmachinery.com\/da\/wp-json\/wp\/v2\/media?parent=552"}],"wp:term":[{"taxonomy":"product_brand","embeddable":true,"href":"https:\/\/zzlcmachinery.com\/da\/wp-json\/wp\/v2\/product_brand?post=552"},{"taxonomy":"product_cat","embeddable":true,"href":"https:\/\/zzlcmachinery.com\/da\/wp-json\/wp\/v2\/product_cat?post=552"},{"taxonomy":"product_tag","embeddable":true,"href":"https:\/\/zzlcmachinery.com\/da\/wp-json\/wp\/v2\/product_tag?post=552"}],"curies":[{"name":"wp","href":"https:\/\/api.w.org\/{rel}","templated":true}]}}