{"id":544,"date":"2022-09-26T16:25:38","date_gmt":"2022-09-26T08:25:38","guid":{"rendered":"https:\/\/zzlcmachinery.com\/?post_type=product&#038;p=544"},"modified":"2023-02-09T20:13:17","modified_gmt":"2023-02-09T12:13:17","slug":"lc-c3-electric-hydraulic-pipe-bender-manufacturers-suppliers","status":"publish","type":"product","link":"https:\/\/zzlcmachinery.com\/da\/vare\/lc-c3-electric-hydraulic-pipe-bender-manufacturers-suppliers\/","title":{"rendered":"LC-C3 elektriske hydrauliske r\u00f8rbukkerproducenter og leverand\u00f8rer"},"content":{"rendered":"","protected":false},"excerpt":{"rendered":"<p>Hovedkilden til str\u00f8m til LC-C3 elektriske hydraulisk-hydrauliske r\u00f8rbukkermaskiner og leverand\u00f8rer er det hydrauliske system,<br \/>\nHovedfunktionen er, at den kan bruges til at behandle buede firkantede og runde r\u00f8r. Kun brug for en person kan betjene og styre hele maskinen, og formen kan udskiftes p\u00e5 5 minutter, hvilket sparer arbejdsomkostninger. De forarbejdede produkter er meget brugt i produktionen af d\u00f8re, vinduer og r\u00e6kv\u00e6rk. Maskinen beh\u00f8ver ikke at l\u00e6gge fundamenter og kan flyttes og b\u00e6res, hvilket kan im\u00f8dekomme kundernes behov. Brug det p\u00e5 forskellige arbejdspladser.<br \/>\nMaskinen b\u00e6rer et s\u00e6t af 9 kombinerede forme tilf\u00e6ldigt, og formene kan tilpasses gratis efter kundens materialest\u00f8rrelse.<br \/>\n24 timers online service, lad os vide, hvis du har sp\u00f8rgsm\u00e5l!<br \/>\n<strong>TEKNISK PARAMETER<br \/>\n<\/strong><strong>Model: LC-C3<\/strong><br \/>\n<strong>Rundt st\u00e5l:<\/strong> \u03c616mm-76mm<br \/>\n<strong>Firkantet st\u00e5l:<\/strong> \u226415\u00d715mm-80x80mm<br \/>\n<strong>Str\u00f8m:<\/strong> 2,2KW<br \/>\n<strong>Sp\u00e6nding:<\/strong>\u00a0220V\/380V\/415V<br \/>\n<strong>Pakningsdimension:<\/strong> 1000x700x1000mm<br \/>\n<strong>NW (kg):<\/strong> 404<br \/>\n<strong>GW (kg):<\/strong> 450<\/p>","protected":false},"featured_media":546,"template":"","meta":{"_kad_post_transparent":"default","_kad_post_title":"","_kad_post_layout":"default","_kad_post_sidebar_id":"","_kad_post_content_style":"default","_kad_post_vertical_padding":"default","_kad_post_feature":"","_kad_post_feature_position":"","_kad_post_header":false,"_kad_post_footer":false},"product_brand":[],"product_cat":[30,26],"product_tag":[91,93,95,98,102,103,104,105],"class_list":{"0":"post-544","1":"product","2":"type-product","3":"status-publish","4":"has-post-thumbnail","6":"product_cat-electric-pipe-processing-machine","7":"product_cat-electric-pipe-bending-machine","8":"product_tag-electric-hydraulic-pipe-bender-manufacturers-suppliers","9":"product_tag-electric-pipe-bender","10":"product_tag-electric-pipe-benders-for-sale","11":"product_tag-hydraulic-pipe-bender-for-sale","12":"product_tag-round-pipe-and-square-tube-moulds-for-pipe-bending-machine","13":"product_tag-round-pipe-bending-machine-for-sale","14":"product_tag-square-tube-bender-for-sale","15":"product_tag-tube-pipe-bending-machine-withe-cheapest-price","17":"first","18":"instock","19":"shipping-taxable","20":"product-type-simple","21":"entry","22":"content-bg","23":"loop-entry"},"_links":{"self":[{"href":"https:\/\/zzlcmachinery.com\/da\/wp-json\/wp\/v2\/product\/544","targetHints":{"allow":["GET"]}}],"collection":[{"href":"https:\/\/zzlcmachinery.com\/da\/wp-json\/wp\/v2\/product"}],"about":[{"href":"https:\/\/zzlcmachinery.com\/da\/wp-json\/wp\/v2\/types\/product"}],"version-history":[{"count":0,"href":"https:\/\/zzlcmachinery.com\/da\/wp-json\/wp\/v2\/product\/544\/revisions"}],"wp:featuredmedia":[{"embeddable":true,"href":"https:\/\/zzlcmachinery.com\/da\/wp-json\/wp\/v2\/media\/546"}],"wp:attachment":[{"href":"https:\/\/zzlcmachinery.com\/da\/wp-json\/wp\/v2\/media?parent=544"}],"wp:term":[{"taxonomy":"product_brand","embeddable":true,"href":"https:\/\/zzlcmachinery.com\/da\/wp-json\/wp\/v2\/product_brand?post=544"},{"taxonomy":"product_cat","embeddable":true,"href":"https:\/\/zzlcmachinery.com\/da\/wp-json\/wp\/v2\/product_cat?post=544"},{"taxonomy":"product_tag","embeddable":true,"href":"https:\/\/zzlcmachinery.com\/da\/wp-json\/wp\/v2\/product_tag?post=544"}],"curies":[{"name":"wp","href":"https:\/\/api.w.org\/{rel}","templated":true}]}}