{"id":518,"date":"2022-09-21T19:15:14","date_gmt":"2022-09-21T11:15:14","guid":{"rendered":"https:\/\/zzlcmachinery.com\/?post_type=product&#038;p=518"},"modified":"2022-11-22T16:37:52","modified_gmt":"2022-11-22T08:37:52","slug":"lc-f4-electric-multifunction-flat-steel-fishtail-end-forming-machine-for-metal-craft","status":"publish","type":"product","link":"https:\/\/zzlcmachinery.com\/da\/vare\/lc-f4-electric-multifunction-flat-steel-fishtail-end-forming-machine-for-metal-craft\/","title":{"rendered":"LC-F4 Elektrisk Multifunktion Flad St\u00e5l Fishtail End Forming Machine Til Metal Craft"},"content":{"rendered":"","protected":false},"excerpt":{"rendered":"<p>Denne LC-F4 elektriske multifunktions-fladst\u00e5l fiskehale-endeformningsmaskine til metalh\u00e5ndv\u00e6rk er en multifunktions-fiskehalebearbejdningsmaskine, som ikke kun kan forarbejde fladjern, rundst\u00e5l, firkantet st\u00e5l til form af fiskehale (fiskehale med fint m\u00f8nster eller fiskehale med tykt m\u00f8nster), men kan ogs\u00e5 ekstrudere spidse og flade m\u00f8nstre. Denne maskine er meget omkostningseffektiv ved k\u00f8b af fiskehalebearbejdningsmaskiner! Det skal bem\u00e6rkes, at denne LC-F4 fiskehalebearbejdningsmaskine f\u00f8rst skal opvarme materialet og derefter behandle det, som er en varmpressemaskine.<br \/>\nDenne maskine er designet med en speciel excentrisk skaftform, levetiden er tre gange s\u00e5 lang som F3 fiskehalemaskinen.<br \/>\n24 timers online service, lad os vide, hvis du har sp\u00f8rgsm\u00e5l!<br \/>\n<strong>TEKNISK PARAMETER<br \/>\n<\/strong><strong>Model: LC-F4<br \/>\nFladjern:<\/strong> \u22648\u00d750 mm<br \/>\n<strong>Rundt st\u00e5l:<\/strong> \u03c616 mm<br \/>\n<strong>Firkantet st\u00e5l:<\/strong> \u226416\u00d716mm<br \/>\n<strong>Str\u00f8m:<\/strong> 2,2KW<br \/>\n<strong>Sp\u00e6nding:<\/strong>\u00a0220V\/380V\/415V<br \/>\n<strong>Pakningsdimension:<\/strong> 1220\u00d7600\u00d71250 mm<br \/>\n<strong>NW (kg):<\/strong> 290<br \/>\n<strong>GW (kg):<\/strong> 340<\/p>","protected":false},"featured_media":522,"template":"","meta":{"_kad_post_transparent":"default","_kad_post_title":"","_kad_post_layout":"default","_kad_post_sidebar_id":"","_kad_post_content_style":"default","_kad_post_vertical_padding":"default","_kad_post_feature":"","_kad_post_feature_position":"","_kad_post_header":false,"_kad_post_footer":false},"product_brand":[],"product_cat":[29,24],"product_tag":[79,86,87,90,80,88,85,83,89],"class_list":{"0":"post-518","1":"product","2":"type-product","3":"status-publish","4":"has-post-thumbnail","6":"product_cat-electric-wrought-iron-processing-machine","7":"product_cat-wrought-iron-fishtail-forging-machine","8":"product_tag-blacksmith-rolling-mill-for-sale","9":"product_tag-china-hot-roll-fishtail-making-mchine","10":"product_tag-die-for-wrought-iron-fishtail-making-machine","11":"product_tag-electric-multifunction-flat-steel-fishtail-end-forming-machine-for-metal-craft","12":"product_tag-fishtail-end-forging-machine","13":"product_tag-fishtail-machine-supplier-and-manufacturer-in-china","14":"product_tag-flat-steel-fishtail-end-forming-machine","15":"product_tag-hot-roll-fishtail-mill-machine","16":"product_tag-metal-fishtail-coining-machine-wrought-iron-machine","18":"first","19":"instock","20":"shipping-taxable","21":"product-type-simple","22":"entry","23":"content-bg","24":"loop-entry"},"_links":{"self":[{"href":"https:\/\/zzlcmachinery.com\/da\/wp-json\/wp\/v2\/product\/518","targetHints":{"allow":["GET"]}}],"collection":[{"href":"https:\/\/zzlcmachinery.com\/da\/wp-json\/wp\/v2\/product"}],"about":[{"href":"https:\/\/zzlcmachinery.com\/da\/wp-json\/wp\/v2\/types\/product"}],"version-history":[{"count":0,"href":"https:\/\/zzlcmachinery.com\/da\/wp-json\/wp\/v2\/product\/518\/revisions"}],"wp:featuredmedia":[{"embeddable":true,"href":"https:\/\/zzlcmachinery.com\/da\/wp-json\/wp\/v2\/media\/522"}],"wp:attachment":[{"href":"https:\/\/zzlcmachinery.com\/da\/wp-json\/wp\/v2\/media?parent=518"}],"wp:term":[{"taxonomy":"product_brand","embeddable":true,"href":"https:\/\/zzlcmachinery.com\/da\/wp-json\/wp\/v2\/product_brand?post=518"},{"taxonomy":"product_cat","embeddable":true,"href":"https:\/\/zzlcmachinery.com\/da\/wp-json\/wp\/v2\/product_cat?post=518"},{"taxonomy":"product_tag","embeddable":true,"href":"https:\/\/zzlcmachinery.com\/da\/wp-json\/wp\/v2\/product_tag?post=518"}],"curies":[{"name":"wp","href":"https:\/\/api.w.org\/{rel}","templated":true}]}}