{"id":514,"date":"2022-09-21T16:28:06","date_gmt":"2022-09-21T08:28:06","guid":{"rendered":"https:\/\/zzlcmachinery.com\/?post_type=product&#038;p=514"},"modified":"2022-11-22T16:23:12","modified_gmt":"2022-11-22T08:23:12","slug":"lc-c2-electric-multi-function-pipe-bending-machine-square-tube-round-pipe-bender","status":"publish","type":"product","link":"https:\/\/zzlcmachinery.com\/da\/vare\/lc-c2-electric-multi-function-pipe-bending-machine-square-tube-round-pipe-bender\/","title":{"rendered":"LC-C2 Elektrisk Multi-funktion R\u00f8r Bukkemaskine Firkantet R\u00f8r Rund R\u00f8r Bukker"},"content":{"rendered":"","protected":false},"excerpt":{"rendered":"<p>Hovedfunktionen af LC-C2 elektrisk multifunktions r\u00f8rb\u00f8jningsmaskine firkantet r\u00f8r runde r\u00f8rbukker er, at den kan bruges til at behandle buede firkantede og runde r\u00f8r. Ved at justere lejets position kan formen p\u00e5 de firkantede og runde r\u00f8r \u00e6ndres, s\u00e5 det forarbejdede materiale kan formes til cirkler og vinkler med forskellige diametre, hvilket er nemt at betjene. B\u00e6rbar og bredere.<br \/>\nMaskinen b\u00e6rer tilf\u00e6ldigt et s\u00e6t af 9 kombinerede forme, gratis brugerdefinerede forme kan laves i henhold til kundens materialest\u00f8rrelse<br \/>\n24 timers online service, lad os vide, hvis du har sp\u00f8rgsm\u00e5l!<br \/>\n<strong>TEKNISK PARAMETER<br \/>\n<\/strong><strong>Model: LC-C2<\/strong><br \/>\n<strong>Rundt st\u00e5l:<\/strong> \u03c616mm-76mm<br \/>\n<strong>Firkantet st\u00e5l:<\/strong> \u226415\u00d715mm-80x80mm<br \/>\n<strong>Str\u00f8m:<\/strong> 1,1KW<br \/>\n<strong>Sp\u00e6nding:<\/strong>\u00a0220V\/380V\/415V<br \/>\n<strong>Pakningsdimension:<\/strong> 1000x700x1000mm<br \/>\n<strong>NW (kg):<\/strong> 210<br \/>\n<strong>GW (kg):<\/strong> 270<\/p>","protected":false},"featured_media":536,"template":"","meta":{"_kad_post_transparent":"default","_kad_post_title":"","_kad_post_layout":"default","_kad_post_sidebar_id":"","_kad_post_content_style":"default","_kad_post_vertical_padding":"default","_kad_post_feature":"","_kad_post_feature_position":"","_kad_post_header":false,"_kad_post_footer":false},"product_brand":[],"product_cat":[30,26],"product_tag":[91,92,93,94,95,96,97,100,101,98,99],"class_list":{"0":"post-514","1":"product","2":"type-product","3":"status-publish","4":"has-post-thumbnail","6":"product_cat-electric-pipe-processing-machine","7":"product_cat-electric-pipe-bending-machine","8":"product_tag-electric-hydraulic-pipe-bender-manufacturers-suppliers","9":"product_tag-electric-multi-function-pipe-bending-machine-square-tube-round-pipe-bender","10":"product_tag-electric-pipe-bender","11":"product_tag-electric-pipe-bender-for-sale","12":"product_tag-electric-pipe-benders-for-sale","13":"product_tag-electric-pipe-tube-bender","14":"product_tag-electric-pipe-tube-bendng-machine","15":"product_tag-electric-round-tube-bending-machine","16":"product_tag-electric-square-tube-bending-machine","17":"product_tag-hydraulic-pipe-bender-for-sale","18":"product_tag-pipe-bending-solution-for-sale","20":"first","21":"instock","22":"shipping-taxable","23":"product-type-simple","24":"entry","25":"content-bg","26":"loop-entry"},"_links":{"self":[{"href":"https:\/\/zzlcmachinery.com\/da\/wp-json\/wp\/v2\/product\/514","targetHints":{"allow":["GET"]}}],"collection":[{"href":"https:\/\/zzlcmachinery.com\/da\/wp-json\/wp\/v2\/product"}],"about":[{"href":"https:\/\/zzlcmachinery.com\/da\/wp-json\/wp\/v2\/types\/product"}],"version-history":[{"count":0,"href":"https:\/\/zzlcmachinery.com\/da\/wp-json\/wp\/v2\/product\/514\/revisions"}],"wp:featuredmedia":[{"embeddable":true,"href":"https:\/\/zzlcmachinery.com\/da\/wp-json\/wp\/v2\/media\/536"}],"wp:attachment":[{"href":"https:\/\/zzlcmachinery.com\/da\/wp-json\/wp\/v2\/media?parent=514"}],"wp:term":[{"taxonomy":"product_brand","embeddable":true,"href":"https:\/\/zzlcmachinery.com\/da\/wp-json\/wp\/v2\/product_brand?post=514"},{"taxonomy":"product_cat","embeddable":true,"href":"https:\/\/zzlcmachinery.com\/da\/wp-json\/wp\/v2\/product_cat?post=514"},{"taxonomy":"product_tag","embeddable":true,"href":"https:\/\/zzlcmachinery.com\/da\/wp-json\/wp\/v2\/product_tag?post=514"}],"curies":[{"name":"wp","href":"https:\/\/api.w.org\/{rel}","templated":true}]}}