{"id":476,"date":"2022-09-18T16:47:50","date_gmt":"2022-09-18T08:47:50","guid":{"rendered":"https:\/\/zzlcmachinery.com\/?post_type=product&#038;p=476"},"modified":"2022-11-22T16:06:50","modified_gmt":"2022-11-22T08:06:50","slug":"lc-dw16d-wrought-iron-metal-scroll-bender-automatic-scroll-bending-machine-for-processing-gate-and-windows","status":"publish","type":"product","link":"https:\/\/zzlcmachinery.com\/da\/vare\/lc-dw16d-wrought-iron-metal-scroll-bender-automatic-scroll-bending-machine-for-processing-gate-and-windows\/","title":{"rendered":"LC-DW16D Smedejern Metal Scroll Bender Automatisk Scroll Bukkemaskine til behandling af porte og vinduer"},"content":{"rendered":"","protected":false},"excerpt":{"rendered":"<p>Denne LC-DW16D smedejernsmetalrulleb\u00f8jer automatisk rullebukkermaskine til bearbejdning af porte og vinduer er meget velegnet til chefen, der driver en smedebutik eller en europ\u00e6isk metalbearbejdningsinstitution for begyndere. Denne maskine leveres med 9 s\u00e6t gratis forme , hvoraf 6 s\u00e6t matricer bruges til at b\u00f8je &quot;C&quot;, &quot;P&quot;, &quot;S&quot; m\u00f8nstre i forskellige st\u00f8rrelser, og de andre 3 s\u00e6t forme bruges til at behandle specialformede m\u00f8nstre, s\u00e5som buede buer, buede hj\u00f8rner , rettede, batchbuede sm\u00e5 cirkler osv.<br \/>\n24 timers online service, venter p\u00e5 din foresp\u00f8rgsel!<br \/>\n<strong>TEKNISK PARAMETER<br \/>\n<\/strong><strong>Model: LC-DW16D<br \/>\nFladjern:<\/strong> \u22648\u00d750 mm<br \/>\n<strong>Rundt st\u00e5l:<\/strong> \u03c616 mm<br \/>\n<strong>Firkantet st\u00e5l:<\/strong> \u226416\u00d716mm<br \/>\n<strong>Rullehastighed:<\/strong> 500 stk \/H<br \/>\n<strong>Str\u00f8m:<\/strong> 2,2KW<br \/>\n<strong>Sp\u00e6nding:<\/strong>\u00a0220V\/380V\/415V<br \/>\n<strong>Pakningsdimension:<\/strong> 1000\u00d7700\u00d71200 mm<br \/>\n<strong>NW (kg):<\/strong> 420<br \/>\n<strong>GW (kg):<\/strong> 450<\/p>","protected":false},"featured_media":478,"template":"","meta":{"_kad_post_transparent":"default","_kad_post_title":"","_kad_post_layout":"default","_kad_post_sidebar_id":"","_kad_post_content_style":"default","_kad_post_vertical_padding":"default","_kad_post_feature":"","_kad_post_feature_position":"","_kad_post_header":false,"_kad_post_footer":false},"product_brand":[],"product_cat":[29,27],"product_tag":[68,64,65,66,67,51],"class_list":{"0":"post-476","1":"product","2":"type-product","3":"status-publish","4":"has-post-thumbnail","6":"product_cat-electric-wrought-iron-processing-machine","7":"product_cat-electric-scroll-bending-machine","8":"product_tag-3-special-shaped-device-molds-for-electric-scroll-bending-machine","9":"product_tag-electric-metal-bender-for-sale","10":"product_tag-induction-forge-for-sale","11":"product_tag-metal-roller-bender-for-sale","12":"product_tag-scroll-bender","13":"product_tag-wrought-iron-bending-machine","15":"first","16":"instock","17":"shipping-taxable","18":"product-type-simple","19":"entry","20":"content-bg","21":"loop-entry"},"_links":{"self":[{"href":"https:\/\/zzlcmachinery.com\/da\/wp-json\/wp\/v2\/product\/476","targetHints":{"allow":["GET"]}}],"collection":[{"href":"https:\/\/zzlcmachinery.com\/da\/wp-json\/wp\/v2\/product"}],"about":[{"href":"https:\/\/zzlcmachinery.com\/da\/wp-json\/wp\/v2\/types\/product"}],"version-history":[{"count":0,"href":"https:\/\/zzlcmachinery.com\/da\/wp-json\/wp\/v2\/product\/476\/revisions"}],"wp:featuredmedia":[{"embeddable":true,"href":"https:\/\/zzlcmachinery.com\/da\/wp-json\/wp\/v2\/media\/478"}],"wp:attachment":[{"href":"https:\/\/zzlcmachinery.com\/da\/wp-json\/wp\/v2\/media?parent=476"}],"wp:term":[{"taxonomy":"product_brand","embeddable":true,"href":"https:\/\/zzlcmachinery.com\/da\/wp-json\/wp\/v2\/product_brand?post=476"},{"taxonomy":"product_cat","embeddable":true,"href":"https:\/\/zzlcmachinery.com\/da\/wp-json\/wp\/v2\/product_cat?post=476"},{"taxonomy":"product_tag","embeddable":true,"href":"https:\/\/zzlcmachinery.com\/da\/wp-json\/wp\/v2\/product_tag?post=476"}],"curies":[{"name":"wp","href":"https:\/\/api.w.org\/{rel}","templated":true}]}}