{"id":456,"date":"2022-09-16T14:18:00","date_gmt":"2022-09-16T06:18:00","guid":{"rendered":"https:\/\/zzlcmachinery.com\/?post_type=product&#038;p=456"},"modified":"2022-09-21T21:59:14","modified_gmt":"2022-09-21T13:59:14","slug":"lc-dl60c-metal-tube-wrought-iron-cold-rolling-embossing-machine-for-sale","status":"publish","type":"product","link":"https:\/\/zzlcmachinery.com\/da\/vare\/lc-dl60c-metal-tube-wrought-iron-cold-rolling-embossing-machine-for-sale\/","title":{"rendered":"LC-DL60C metalr\u00f8r smedejern koldvalsende pr\u00e6gemaskine til salg"},"content":{"rendered":"","protected":false},"excerpt":{"rendered":"<p>Denne LC-DL60C metalr\u00f8r smedejern koldvalsende pr\u00e6gemaskine til salg er et professionelt udstyr til koldvalsning eller smedning af metalmaterialer. Den mest fremtr\u00e6dende funktion af denne maskine er, at den kan behandle trappegel\u00e6nderr\u00f8r og omdanne et almindeligt rundt r\u00f8r til et trappegel\u00e6nder ved at deformere det runde r\u00f8r. form, tilf\u00e6ldig 2 s\u00e6t gratis st\u00f8beforme til trappegel\u00e6ndere og 15 s\u00e6t andre gratis st\u00f8beforme (st\u00f8beforme til fladjern, firkantet st\u00e5l, rundst\u00e5l, firkantede r\u00f8rmaterialer), vi leverer gratis tilpasset formservice, ser frem til din foresp\u00f8rgsel!<br \/>\n<strong>TEKNISK PARAMETER<br \/>\n<\/strong><strong>Model: LC-DL60C<\/strong><br \/>\n<strong>Fladjern:<\/strong>\u00a0\u226410\u00d760 mm<br \/>\n<strong>Firkantet st\u00e5l:<\/strong>\u00a0\u226425\u00d725 mm<br \/>\n<strong>Firkantet r\u00f8r:<\/strong>\u00a0\u226460\u00d760 mm<br \/>\n<strong>Rullehastighed:<\/strong> 308 M\/H<br \/>\n<strong>Str\u00f8m:<\/strong> 7,5KW<br \/>\n<strong>Sp\u00e6nding:<\/strong> 220V\/380V\/415V 50HZ<br \/>\n<strong>Pakningsdimension:<\/strong>\u00a01900\u00d7710\u00d71420 mm<br \/>\n<strong>NW (kg):<\/strong> 1310<br \/>\n<strong>GW (kg):<\/strong> 1410<\/p>","protected":false},"featured_media":463,"template":"","meta":{"_kad_post_transparent":"default","_kad_post_title":"hide","_kad_post_layout":"fullwidth","_kad_post_sidebar_id":"","_kad_post_content_style":"unboxed","_kad_post_vertical_padding":"hide","_kad_post_feature":"hide","_kad_post_feature_position":"","_kad_post_header":false,"_kad_post_footer":false},"product_brand":[],"product_cat":[29,19],"product_tag":[47,62,61,63,45,60,58,59],"class_list":{"0":"post-456","1":"product","2":"type-product","3":"status-publish","4":"has-post-thumbnail","6":"product_cat-electric-wrought-iron-processing-machine","7":"product_cat-cold-rolling-embossing-machine","8":"product_tag-cold-rolling-embossing-machine","9":"product_tag-electric-wrought-iron-machine","10":"product_tag-iron-ornamental-embossing-machine","11":"product_tag-lc-dl60c-handrail-dies-options-for-round-pipe-embossing-machine","12":"product_tag-steel-pipe-roller-embossing-machine","13":"product_tag-the-round-tube-becomes-a-stair-handrail-after-being-processed-by-the-tube-embossing-machine","14":"product_tag-tube-embossing-machine","15":"product_tag-wrought-iron-cold-rolling-embossing-machine","17":"first","18":"instock","19":"shipping-taxable","20":"product-type-simple","21":"entry","22":"content-bg","23":"loop-entry"},"_links":{"self":[{"href":"https:\/\/zzlcmachinery.com\/da\/wp-json\/wp\/v2\/product\/456","targetHints":{"allow":["GET"]}}],"collection":[{"href":"https:\/\/zzlcmachinery.com\/da\/wp-json\/wp\/v2\/product"}],"about":[{"href":"https:\/\/zzlcmachinery.com\/da\/wp-json\/wp\/v2\/types\/product"}],"version-history":[{"count":0,"href":"https:\/\/zzlcmachinery.com\/da\/wp-json\/wp\/v2\/product\/456\/revisions"}],"wp:featuredmedia":[{"embeddable":true,"href":"https:\/\/zzlcmachinery.com\/da\/wp-json\/wp\/v2\/media\/463"}],"wp:attachment":[{"href":"https:\/\/zzlcmachinery.com\/da\/wp-json\/wp\/v2\/media?parent=456"}],"wp:term":[{"taxonomy":"product_brand","embeddable":true,"href":"https:\/\/zzlcmachinery.com\/da\/wp-json\/wp\/v2\/product_brand?post=456"},{"taxonomy":"product_cat","embeddable":true,"href":"https:\/\/zzlcmachinery.com\/da\/wp-json\/wp\/v2\/product_cat?post=456"},{"taxonomy":"product_tag","embeddable":true,"href":"https:\/\/zzlcmachinery.com\/da\/wp-json\/wp\/v2\/product_tag?post=456"}],"curies":[{"name":"wp","href":"https:\/\/api.w.org\/{rel}","templated":true}]}}