{"id":361,"date":"2022-12-14T00:01:11","date_gmt":"2022-12-13T16:01:11","guid":{"rendered":"https:\/\/zzlcmachinery.com\/?post_type=product&#038;p=361"},"modified":"2022-12-14T00:41:27","modified_gmt":"2022-12-13T16:41:27","slug":"jk-100-metal-sheet-embossing-machine-manufacturers-suppliers","status":"publish","type":"product","link":"https:\/\/zzlcmachinery.com\/da\/vare\/jk-100-metal-sheet-embossing-machine-manufacturers-suppliers\/","title":{"rendered":"JK-100 metalpladepr\u00e6gemaskineproducenter og -leverand\u00f8rer"},"content":{"rendered":"","protected":false},"excerpt":{"rendered":"<p>Denne JK-100 metalpladepr\u00e6gemaskineproducenter og leverand\u00f8rer er et professionelt maskineri til forarbejdning af jernplader. Materialet, der kan forarbejdes, er: jernplade, aluminiumsplade, kobberplade, rustfri st\u00e5lplade og s\u00e5 videre. Det har mange fordele, der g\u00f8r det til et vigtigt maskinvalg til smedejernsarbejde:<br \/>\n1. M\u00f8nsteret kan v\u00e6lges frit, vi leverer formtilpasningsservice.<br \/>\n2. Maskinens behandlingshastighed kan justeres.<br \/>\n3. Koldvalset metalplade, m\u00f8nsteret er uds\u00f8gt og vil ikke blive deformeret.<br \/>\n4. Bredden og tykkelsen af maskinens behandlingsmateriale kan tilpasses efter kundens materiale.<br \/>\n5. Billig pris h\u00f8j kvalitet, lille CBM og billig fragt.<br \/>\n<strong>TEKNISK PARAMETER<\/strong><br \/>\n<strong>Materiale:<\/strong>\u00a0Jernplade, Aluminiumsplade, Kobberplade, Rustfri st\u00e5lplade<br \/>\n<strong>Materiale bredde: 100<\/strong>mm<br \/>\n<strong>Materiale tykkelse<\/strong>: maks. 2 mm<br \/>\n<strong>Str\u00f8m:<\/strong> 2,2KW (I henhold til bredden og tykkelsen af det valsede materiale i henhold til kundernes faktiske behov)<br \/>\n<strong>Sp\u00e6nding:<\/strong>\u00a0220V\/380V\/415V<br \/>\n<strong>Pakningsdimension:<\/strong>\u00a01500\u00d7710\u00d7800 mm<br \/>\n<strong>NW (kg):<\/strong>\u00a0350<br \/>\n<strong>GW (kg):<\/strong>\u00a0400<\/p>","protected":false},"featured_media":1542,"template":"","meta":{"_kad_post_transparent":"default","_kad_post_title":"","_kad_post_layout":"default","_kad_post_sidebar_id":"","_kad_post_content_style":"default","_kad_post_vertical_padding":"default","_kad_post_feature":"","_kad_post_feature_position":"","_kad_post_header":false,"_kad_post_footer":false},"product_brand":[],"product_cat":[19,29],"product_tag":[528,526,525,527,529,520,524,523],"class_list":{"0":"post-361","1":"product","2":"type-product","3":"status-publish","4":"has-post-thumbnail","6":"product_cat-cold-rolling-embossing-machine","7":"product_cat-electric-wrought-iron-processing-machine","8":"product_tag-china-metal-sheet-embossing-machine-factory-suppliers","9":"product_tag-low-price-automatic-metal-sheet-embossing-machine","10":"product_tag-metal-embossing-machine-line","11":"product_tag-metal-sheet-embossing-machine","12":"product_tag-metal-sheet-embossing-machine-at-best-price","13":"product_tag-metal-sheet-embossing-machine-manufacturers-suppliers","14":"product_tag-sheet-metal-embossing-machine","15":"product_tag-sheet-metal-manufacturing","17":"first","18":"instock","19":"shipping-taxable","20":"product-type-simple","21":"entry","22":"content-bg","23":"loop-entry"},"_links":{"self":[{"href":"https:\/\/zzlcmachinery.com\/da\/wp-json\/wp\/v2\/product\/361","targetHints":{"allow":["GET"]}}],"collection":[{"href":"https:\/\/zzlcmachinery.com\/da\/wp-json\/wp\/v2\/product"}],"about":[{"href":"https:\/\/zzlcmachinery.com\/da\/wp-json\/wp\/v2\/types\/product"}],"version-history":[{"count":0,"href":"https:\/\/zzlcmachinery.com\/da\/wp-json\/wp\/v2\/product\/361\/revisions"}],"wp:featuredmedia":[{"embeddable":true,"href":"https:\/\/zzlcmachinery.com\/da\/wp-json\/wp\/v2\/media\/1542"}],"wp:attachment":[{"href":"https:\/\/zzlcmachinery.com\/da\/wp-json\/wp\/v2\/media?parent=361"}],"wp:term":[{"taxonomy":"product_brand","embeddable":true,"href":"https:\/\/zzlcmachinery.com\/da\/wp-json\/wp\/v2\/product_brand?post=361"},{"taxonomy":"product_cat","embeddable":true,"href":"https:\/\/zzlcmachinery.com\/da\/wp-json\/wp\/v2\/product_cat?post=361"},{"taxonomy":"product_tag","embeddable":true,"href":"https:\/\/zzlcmachinery.com\/da\/wp-json\/wp\/v2\/product_tag?post=361"}],"curies":[{"name":"wp","href":"https:\/\/api.w.org\/{rel}","templated":true}]}}