{"id":1552,"date":"2022-12-14T00:42:52","date_gmt":"2022-12-13T16:42:52","guid":{"rendered":"https:\/\/zzlcmachinery.com\/?post_type=product&#038;p=1552"},"modified":"2023-03-08T12:35:05","modified_gmt":"2023-03-08T04:35:05","slug":"jk-300-factory-directly-automatic-metal-sheet-embossing-machine","status":"publish","type":"product","link":"https:\/\/zzlcmachinery.com\/da\/vare\/jk-300-factory-directly-automatic-metal-sheet-embossing-machine\/","title":{"rendered":"JK-300 fabriksdirekte automatisk metalpladepr\u00e6gemaskine"},"content":{"rendered":"","protected":false},"excerpt":{"rendered":"<p>Denne JK-300 Factory direkte automatiske metalpladepr\u00e6gemaskine kan behandle koldvalsede pladejernsplader, aluminiumplader, rustfri st\u00e5lplader og kobberplader til de m\u00f8nstre, kunderne \u00f8nsker. Et s\u00e6t forme f\u00f8lger tilf\u00e6ldigt med maskinen. Vores tekniske team kan tilbyde gratis tilpassede designtjenester til forme. En r\u00e6kke m\u00f8nstervalg vil helt sikkert give kunderne mulighed for at konkurrere p\u00e5 det h\u00e5rde lokale marked. Den skiller sig ud fra konkurrenterne p\u00e5 grund af sit unikke m\u00f8nster.<br \/>\nDet forarbejdede f\u00e6rdige produkt kan fortsat stemples i den form, som kunden \u00f8nsker til d\u00f8rkarm, gitter, vinduesramme, d\u00f8rpanel, gr\u00f8nt gel\u00e6nder osv. Alt sammen kan bruges i tynde jernplader med m\u00f8nstre.<br \/>\n<strong>TEKNISK PARAMETER<\/strong><br \/>\n<strong>Materiale:<\/strong>\u00a0Jernplade, Aluminiumsplade, Kobberplade, Rustfri st\u00e5lplade<br \/>\n<strong>Materiale bredde: 300<\/strong>mm<br \/>\n<strong>Materiale tykkelse<\/strong>: maks. 2 mm<br \/>\n<strong>Str\u00f8m:<\/strong> 4KW (I henhold til bredden og tykkelsen af det valsede materiale i henhold til kundernes faktiske behov)<br \/>\n<strong>Sp\u00e6nding:<\/strong>\u00a0220V\/380V\/415V<br \/>\n<strong>Pakningsdimension:<\/strong>\u00a01500\u00d7710\u00d7800 mm<br \/>\n<strong>NW (kg):<\/strong>\u00a0350<br \/>\n<strong>GW (kg):<\/strong>\u00a0400<\/p>","protected":false},"featured_media":1562,"template":"","meta":{"_kad_post_transparent":"default","_kad_post_title":"hide","_kad_post_layout":"fullwidth","_kad_post_sidebar_id":"","_kad_post_content_style":"unboxed","_kad_post_vertical_padding":"hide","_kad_post_feature":"hide","_kad_post_feature_position":"","_kad_post_header":false,"_kad_post_footer":false},"product_brand":[],"product_cat":[19,29],"product_tag":[537,535,533,531,530,536,532,538,534],"class_list":{"0":"post-1552","1":"product","2":"type-product","3":"status-publish","4":"has-post-thumbnail","6":"product_cat-cold-rolling-embossing-machine","7":"product_cat-electric-wrought-iron-processing-machine","8":"product_tag-aluminum-sheet-cold-embossing-machine","9":"product_tag-buy-cold-steel-sheet-embossing-machine","10":"product_tag-cold-roll-former-line","11":"product_tag-copper-sheet-embossing-machine","12":"product_tag-factory-directly-automatic-metal-sheet-embossing-machine","13":"product_tag-iron-sheet-cold-embossing-machine","14":"product_tag-roll-forming-machine-manufacturer","15":"product_tag-stainless-steel-sheet-cold-embossing-machine","16":"product_tag-steel-plate-embossing-machinery","18":"first","19":"instock","20":"shipping-taxable","21":"product-type-simple","22":"entry","23":"content-bg","24":"loop-entry"},"_links":{"self":[{"href":"https:\/\/zzlcmachinery.com\/da\/wp-json\/wp\/v2\/product\/1552","targetHints":{"allow":["GET"]}}],"collection":[{"href":"https:\/\/zzlcmachinery.com\/da\/wp-json\/wp\/v2\/product"}],"about":[{"href":"https:\/\/zzlcmachinery.com\/da\/wp-json\/wp\/v2\/types\/product"}],"version-history":[{"count":0,"href":"https:\/\/zzlcmachinery.com\/da\/wp-json\/wp\/v2\/product\/1552\/revisions"}],"wp:featuredmedia":[{"embeddable":true,"href":"https:\/\/zzlcmachinery.com\/da\/wp-json\/wp\/v2\/media\/1562"}],"wp:attachment":[{"href":"https:\/\/zzlcmachinery.com\/da\/wp-json\/wp\/v2\/media?parent=1552"}],"wp:term":[{"taxonomy":"product_brand","embeddable":true,"href":"https:\/\/zzlcmachinery.com\/da\/wp-json\/wp\/v2\/product_brand?post=1552"},{"taxonomy":"product_cat","embeddable":true,"href":"https:\/\/zzlcmachinery.com\/da\/wp-json\/wp\/v2\/product_cat?post=1552"},{"taxonomy":"product_tag","embeddable":true,"href":"https:\/\/zzlcmachinery.com\/da\/wp-json\/wp\/v2\/product_tag?post=1552"}],"curies":[{"name":"wp","href":"https:\/\/api.w.org\/{rel}","templated":true}]}}