{"id":991,"date":"2022-11-19T00:07:35","date_gmt":"2022-11-18T16:07:35","guid":{"rendered":"https:\/\/zzlcmachinery.com\/?post_type=product&#038;p=991"},"modified":"2022-11-22T14:45:01","modified_gmt":"2022-11-22T06:45:01","slug":"c41-1000kg-pneumatic-air-hammer-with-super-processing-capacity","status":"publish","type":"product","link":"https:\/\/zzlcmachinery.com\/cs\/produkt\/c41-1000kg-pneumatic-air-hammer-with-super-processing-capacity\/","title":{"rendered":"C41-1000KG Pneumatick\u00e9 vzduchov\u00e9 kladivo se super zpracovatelskou kapacitou"},"content":{"rendered":"","protected":false},"excerpt":{"rendered":"<p>Toto pneumatick\u00e9 pneumatick\u00e9 kladivo C41-1000KG se super zpracovatelskou kapacitou m\u00e1 mal\u00e9 rozm\u011bry, n\u00edzkou hlu\u010dnost, jednoduchou konstrukci, snadno se obsluhuje, je flexibiln\u00ed v akci a je pohodln\u00e9 p\u0159i manipulaci, instalaci a \u00fadr\u017eb\u011b. Tento model je vhodn\u00fd pro r\u016fzn\u00e9 voln\u00e9 kov\u00e1n\u00ed: jako je p\u011bchov\u00e1n\u00ed, ta\u017een\u00ed, d\u011brov\u00e1n\u00ed, oh\u00fdb\u00e1n\u00ed, kroucen\u00ed, st\u0159\u00edh\u00e1n\u00ed za tepla, spojov\u00e1n\u00ed svorek, atd. Sou\u010dasn\u011b lze prov\u00e1d\u011bt r\u016fzn\u00e9 voln\u00e9 v\u00fdkovky pomoc\u00ed z\u00e1pustkov\u00fdch z\u00e1pustek. Je vhodn\u00fd pro voln\u00e9 kov\u00e1n\u00ed d\u00edl\u016f r\u016fzn\u00fdch tvar\u016f, zvl\u00e1\u0161t\u011b vhodn\u00fd pro podniky venkovsk\u00fdch m\u011bst a profesion\u00e1ln\u00ed dom\u00e1cnosti kov\u00e1n\u00ed srp\u016f, badin\u016f, dobytka a podkov a motyk. R\u016fzn\u00e9 tov\u00e1rny a doly z\u00e1rove\u0148 pou\u017e\u00edvaj\u00ed vzduchov\u00e1 kladiva na kov\u00e1n\u00ed ocelov\u00fdch koul\u00ed, le\u0161en\u00ed a dal\u0161\u00ed tov\u00e1rny, doly a stavebn\u00ed pot\u0159eby. Krom\u011b toho je tato \u0159ada vzduchov\u00fdch kladiv tak\u00e9 profesion\u00e1ln\u00edm kovan\u00fdm \u017eelezn\u00fdm n\u00e1strojem, kter\u00fd b\u011b\u017en\u011b pou\u017e\u00edvaj\u00ed kov\u00e1\u0159i. M\u016f\u017ee vyr\u00e1b\u011bt r\u016fzn\u00e9 styly forem a kovat r\u016fzn\u00e9 kovan\u00e9 kv\u011btiny, pt\u00e1\u010dky a dal\u0161\u00ed kr\u00e1sn\u00e9 dekorace.<\/p>\n<p><strong>TECHNICK\u00c9 PARAMETRY<br \/>\nModel: C41-1000KG<br \/>\nHmotnost padaj\u00edc\u00edch d\u00edl\u016f (KG):<\/strong>1000 kg<br \/>\n<strong>Typ struktury:<\/strong>D\u011blen\u00e9 vzduchov\u00e9 kladivo\u00a0<strong><br \/>\nMaxim\u00e1ln\u00ed energie \u00faderu (KJ):<\/strong>27 kJ<strong><br \/>\nMax. kovan\u00fd rozm\u011br (pr\u016fm\u011br) na kruhov\u00e9 oceli:<\/strong>\u03c6320 mm<br \/>\n<strong>Max. kovan\u00fd rozm\u011br (pr\u016fm\u011br) na \u010dtvercov\u00e9 oceli:<\/strong>290*290 mm<br \/>\n<strong>Nap\u00e1jen\u00ed:<\/strong> 75 kW<br \/>\n<strong>Nap\u011bt\u00ed:<\/strong>\u00a0220V\/380V<br \/>\n<strong>Rozm\u011br balen\u00ed:<\/strong> 7700*1500*4125mm<br \/>\n<strong>Anwilova v\u00e1ha<\/strong>: 13 000 kg<br \/>\n<strong>Celkov\u00e1 GW (kg):32 840<\/strong><\/p>","protected":false},"featured_media":998,"template":"","meta":{"_kad_post_transparent":"default","_kad_post_title":"hide","_kad_post_layout":"fullwidth","_kad_post_sidebar_id":"","_kad_post_content_style":"unboxed","_kad_post_vertical_padding":"hide","_kad_post_feature":"hide","_kad_post_feature_position":"","_kad_post_header":false,"_kad_post_footer":false},"product_brand":[],"product_cat":[28],"product_tag":[460,505,503,461,428,507,463,508,504,506],"class_list":{"0":"post-991","1":"product","2":"type-product","3":"status-publish","4":"has-post-thumbnail","6":"product_cat-blacksmith-power-hammer","7":"product_tag-air-forging-hammer-pneumatic-iron-hammer-1000kg","8":"product_tag-air-hammer-pneumatic-iron-hammer-for-forging","9":"product_tag-electric-pneumatic-hammer","10":"product_tag-hottest-sale-150kg-250kg-400kg-750kg-1000kg-blacksmith-pneumatic-hammer","11":"product_tag-pneumatic-hammer-for-blacksmith","12":"product_tag-price-of-pneumatic-forging-hammer","13":"product_tag-widely-used-iron-blacksmith-forging-air-hammer-machine","14":"product_tag-wrought-iron-forging-1000kg-blacksmith-hammer-with-anvil","15":"product_tag-wrought-iron-forging-power-hammer-for-sale","16":"product_tag-wrought-iron-pneumatic-metal-forging-hammer-for-sale","18":"first","19":"instock","20":"shipping-taxable","21":"product-type-simple","22":"entry","23":"content-bg","24":"loop-entry"},"_links":{"self":[{"href":"https:\/\/zzlcmachinery.com\/cs\/wp-json\/wp\/v2\/product\/991","targetHints":{"allow":["GET"]}}],"collection":[{"href":"https:\/\/zzlcmachinery.com\/cs\/wp-json\/wp\/v2\/product"}],"about":[{"href":"https:\/\/zzlcmachinery.com\/cs\/wp-json\/wp\/v2\/types\/product"}],"version-history":[{"count":0,"href":"https:\/\/zzlcmachinery.com\/cs\/wp-json\/wp\/v2\/product\/991\/revisions"}],"wp:featuredmedia":[{"embeddable":true,"href":"https:\/\/zzlcmachinery.com\/cs\/wp-json\/wp\/v2\/media\/998"}],"wp:attachment":[{"href":"https:\/\/zzlcmachinery.com\/cs\/wp-json\/wp\/v2\/media?parent=991"}],"wp:term":[{"taxonomy":"product_brand","embeddable":true,"href":"https:\/\/zzlcmachinery.com\/cs\/wp-json\/wp\/v2\/product_brand?post=991"},{"taxonomy":"product_cat","embeddable":true,"href":"https:\/\/zzlcmachinery.com\/cs\/wp-json\/wp\/v2\/product_cat?post=991"},{"taxonomy":"product_tag","embeddable":true,"href":"https:\/\/zzlcmachinery.com\/cs\/wp-json\/wp\/v2\/product_tag?post=991"}],"curies":[{"name":"wp","href":"https:\/\/api.w.org\/{rel}","templated":true}]}}