{"id":989,"date":"2022-11-19T00:04:14","date_gmt":"2022-11-18T16:04:14","guid":{"rendered":"https:\/\/zzlcmachinery.com\/?post_type=product&#038;p=989"},"modified":"2022-11-22T14:44:07","modified_gmt":"2022-11-22T06:44:07","slug":"widely-used-wrought-iron-blacksmith-750kg-forging-power-hammer","status":"publish","type":"product","link":"https:\/\/zzlcmachinery.com\/cs\/produkt\/widely-used-wrought-iron-blacksmith-750kg-forging-power-hammer\/","title":{"rendered":"\u0160iroce pou\u017e\u00edvan\u00e9 Kov\u00e1\u0159sk\u00e9 kladivo 750 kg"},"content":{"rendered":"","protected":false},"excerpt":{"rendered":"<p>Toto \u0161iroce pou\u017e\u00edvan\u00e9 kovan\u00e9 kov\u00e1\u0159sk\u00e9 kladivo o hmotnosti 750 kg je druhem voln\u00e9ho kov\u00e1n\u00ed. Vzduch je stla\u010dov\u00e1n v\u00e1lcem kompresoru a pos\u00edl\u00e1n do pracovn\u00edho v\u00e1lce p\u0159es rozvodn\u00fd ventil, aby poh\u00e1n\u011bl p\u00edst a hlavu kladiva, aby se pohybovaly nahoru a dol\u016f za \u00fa\u010delem p\u0159\u00edklepu. Provoz je flexibiln\u00ed. Tento model je vhodn\u00fd pro r\u016fzn\u00e9 voln\u00e9 kov\u00e1n\u00ed, jako je prodlu\u017eov\u00e1n\u00ed, p\u011bchov\u00e1n\u00ed, d\u011brov\u00e1n\u00ed, st\u0159\u00edh\u00e1n\u00ed, kovac\u00ed sva\u0159ov\u00e1n\u00ed, krut, oh\u00fdb\u00e1n\u00ed atd. Lze jej pou\u017e\u00edt pro r\u016fzn\u00e9 voln\u00e9 z\u00e1pustkov\u00e9 kov\u00e1n\u00ed. Charakteristiky jsou n\u00e1sleduj\u00edc\u00ed:<br \/>\n1. Poh\u00e1n\u011bno stla\u010den\u00fdm vzduchem, \u00faderovou s\u00edlu a frekvenci lze \u0159\u00eddit \u00fapravou tlaku vzduchu tak, aby vyhovovala pot\u0159eb\u00e1m bezpe\u010dn\u00e9 v\u00fdroby<br \/>\n2. T\u011blo stroje je vyrobeno z litiny a velk\u00e1 ton\u00e1\u017e vzduchov\u00e9ho kladiva je vyrobena z lit\u00e9 oceli<br \/>\n3. Mechanismus je jednoduch\u00fd a nen\u00ed snadn\u00e9 jej po\u0161kodit<br \/>\nM\u016f\u017eeme dodat 6 kg, 16 kg, 25 kg, 40 kg, 55 kg, 75 kg, 100 kg, 150 kg, 250 kg, 400 kg, 560 kg, 750 kg, 1000 kg, 2000 kg pro v\u00fdb\u011br podle r\u016fzn\u00fdch pot\u0159eb kovac\u00ed pr\u00e1ce .Model si m\u016f\u017eete vybrat podle n\u00e1sleduj\u00edc\u00edch specifikac\u00ed<\/p>\n<p><strong>TECHNICK\u00c9 PARAMETRY<br \/>\nModel: C41-750KG<br \/>\nHmotnost padaj\u00edc\u00edch d\u00edl\u016f (KG): 750<\/strong>KG<br \/>\n<strong>Typ struktury:<\/strong>D\u011blen\u00e9 vzduchov\u00e9 kladivo\u00a0<strong><br \/>\nMax.energie z\u00e1sahu (KJ):13,6<\/strong>KJ<strong><br \/>\nMax. kovan\u00fd rozm\u011br (pr\u016fm\u011br) na kruhov\u00e9 oceli:<\/strong>\u03c6300 mm<br \/>\n<strong>Max. kovan\u00fd rozm\u011br (pr\u016fm\u011br) na \u010dtvercov\u00e9 oceli:<\/strong>270*270 mm<br \/>\n<strong>Nap\u00e1jen\u00ed:<\/strong> 55 kW<br \/>\n<strong>Nap\u011bt\u00ed:<\/strong>\u00a0220V\/380V<br \/>\n<strong>Rozm\u011br balen\u00ed:<\/strong> 3095*1370*3175mm<br \/>\n<strong>Anwilova v\u00e1ha<\/strong>: 9000 kg<br \/>\n<strong>Celkov\u00e1 GW (kg):26 000<\/strong><\/p>","protected":false},"featured_media":999,"template":"","meta":{"_kad_post_transparent":"default","_kad_post_title":"hide","_kad_post_layout":"fullwidth","_kad_post_sidebar_id":"","_kad_post_content_style":"unboxed","_kad_post_vertical_padding":"hide","_kad_post_feature":"hide","_kad_post_feature_position":"","_kad_post_header":false,"_kad_post_footer":false},"product_brand":[],"product_cat":[28],"product_tag":[462,428,463,499,464],"class_list":{"0":"post-989","1":"product","2":"type-product","3":"status-publish","4":"has-post-thumbnail","6":"product_cat-blacksmith-power-hammer","7":"product_tag-750kg-air-hammer-metal-forging-hammer-for-sale","8":"product_tag-pneumatic-hammer-for-blacksmith","9":"product_tag-widely-used-iron-blacksmith-forging-air-hammer-machine","10":"product_tag-widely-used-wrought-iron-blacksmith-750kg-forging-power-hammer","11":"product_tag-wrought-iron-metal-forging-power-hammer-for-sale","13":"first","14":"instock","15":"shipping-taxable","16":"product-type-simple","17":"entry","18":"content-bg","19":"loop-entry"},"_links":{"self":[{"href":"https:\/\/zzlcmachinery.com\/cs\/wp-json\/wp\/v2\/product\/989","targetHints":{"allow":["GET"]}}],"collection":[{"href":"https:\/\/zzlcmachinery.com\/cs\/wp-json\/wp\/v2\/product"}],"about":[{"href":"https:\/\/zzlcmachinery.com\/cs\/wp-json\/wp\/v2\/types\/product"}],"version-history":[{"count":0,"href":"https:\/\/zzlcmachinery.com\/cs\/wp-json\/wp\/v2\/product\/989\/revisions"}],"wp:featuredmedia":[{"embeddable":true,"href":"https:\/\/zzlcmachinery.com\/cs\/wp-json\/wp\/v2\/media\/999"}],"wp:attachment":[{"href":"https:\/\/zzlcmachinery.com\/cs\/wp-json\/wp\/v2\/media?parent=989"}],"wp:term":[{"taxonomy":"product_brand","embeddable":true,"href":"https:\/\/zzlcmachinery.com\/cs\/wp-json\/wp\/v2\/product_brand?post=989"},{"taxonomy":"product_cat","embeddable":true,"href":"https:\/\/zzlcmachinery.com\/cs\/wp-json\/wp\/v2\/product_cat?post=989"},{"taxonomy":"product_tag","embeddable":true,"href":"https:\/\/zzlcmachinery.com\/cs\/wp-json\/wp\/v2\/product_tag?post=989"}],"curies":[{"name":"wp","href":"https:\/\/api.w.org\/{rel}","templated":true}]}}