{"id":987,"date":"2022-11-19T00:02:00","date_gmt":"2022-11-18T16:02:00","guid":{"rendered":"https:\/\/zzlcmachinery.com\/?post_type=product&#038;p=987"},"modified":"2022-11-22T14:41:46","modified_gmt":"2022-11-22T06:41:46","slug":"c41-560kg-heavy-duty-wrought-iron-blacksmith-forging-hammer-for-sale","status":"publish","type":"product","link":"https:\/\/zzlcmachinery.com\/cs\/produkt\/c41-560kg-heavy-duty-wrought-iron-blacksmith-forging-hammer-for-sale\/","title":{"rendered":"Kov\u00e1\u0159sk\u00e9 kov\u00e1\u0159sk\u00e9 kladivo C41-560KG pro velk\u00e9 zat\u00ed\u017een\u00ed na prodej"},"content":{"rendered":"","protected":false},"excerpt":{"rendered":"<p>Toto kovan\u00e9 kov\u00e1\u0159sk\u00e9 kladivo C41-560KG Heavy duty kovan\u00e9 \u017eelezn\u00e9 kov\u00e1\u0159sk\u00e9 kladivo na prodej je n\u00edzkohlu\u010dn\u00e9, m\u00e1 jednoduchou strukturu, snadno se ovl\u00e1d\u00e1, je flexibiln\u00ed v akci a je pohodln\u00e9 p\u0159i manipulaci, instalaci a \u00fadr\u017eb\u011b. Tento model je vhodn\u00fd pro r\u016fzn\u00e9 voln\u00e9 kov\u00e1n\u00ed: jako je p\u011bchov\u00e1n\u00ed, ta\u017een\u00ed, d\u011brov\u00e1n\u00ed, oh\u00fdb\u00e1n\u00ed, kroucen\u00ed, st\u0159\u00edh\u00e1n\u00ed za tepla, spojov\u00e1n\u00ed svorek, atd. Sou\u010dasn\u011b lze prov\u00e1d\u011bt r\u016fzn\u00e9 voln\u00e9 v\u00fdkovky pomoc\u00ed z\u00e1pustkov\u00fdch z\u00e1pustek. Je vhodn\u00fd pro voln\u00e9 kov\u00e1n\u00ed d\u00edl\u016f r\u016fzn\u00fdch tvar\u016f, zvl\u00e1\u0161t\u011b vhodn\u00fd pro podniky venkovsk\u00fdch m\u011bst a profesion\u00e1ln\u00ed dom\u00e1cnosti kov\u00e1n\u00ed srp\u016f, badin\u016f, dobytka a podkov a motyk. R\u016fzn\u00e9 tov\u00e1rny a doly z\u00e1rove\u0148 pou\u017e\u00edvaj\u00ed vzduchov\u00e1 kladiva na kov\u00e1n\u00ed ocelov\u00fdch koul\u00ed, le\u0161en\u00ed a dal\u0161\u00ed tov\u00e1rny, doly a stavebn\u00ed pot\u0159eby. Krom\u011b toho je tato \u0159ada vzduchov\u00fdch kladiv tak\u00e9 profesion\u00e1ln\u00edm kovan\u00fdm \u017eelezn\u00fdm n\u00e1strojem, kter\u00fd b\u011b\u017en\u011b pou\u017e\u00edvaj\u00ed kov\u00e1\u0159i. M\u016f\u017ee vyr\u00e1b\u011bt r\u016fzn\u00e9 styly forem a kovat r\u016fzn\u00e9 kovan\u00e9 kv\u011btiny, pt\u00e1\u010dky a dal\u0161\u00ed kr\u00e1sn\u00e9 dekorace.<br \/>\nM\u016f\u017eeme dodat 6 kg, 16 kg, 25 kg, 40 kg, 55 kg, 75 kg, 100 kg, 150 kg, 250 kg, 400 kg, 560 kg, 750 kg, 1000 kg, 2000 kg pro v\u00fdb\u011br podle r\u016fzn\u00fdch pot\u0159eb kovac\u00ed pr\u00e1ce .Model si m\u016f\u017eete vybrat podle n\u00e1sleduj\u00edc\u00edch specifikac\u00ed<\/p>\n<p><strong>TECHNICK\u00c9 PARAMETRY<br \/>\nModel: C41-560KG<br \/>\nHmotnost padaj\u00edc\u00edch d\u00edl\u016f (KG): 560<\/strong>KG<br \/>\n<strong>Typ struktury:<\/strong>D\u011blen\u00e9 vzduchov\u00e9 kladivo\u00a0<strong><br \/>\nMax.energie z\u00e1sahu (KJ):13,6<\/strong>KJ<strong><br \/>\nMax. kovan\u00fd rozm\u011br (pr\u016fm\u011br) na kruhov\u00e9 oceli:<\/strong>\u03c6280 mm<br \/>\n<strong>Max. kovan\u00fd rozm\u011br (pr\u016fm\u011br) na \u010dtvercov\u00e9 oceli:<\/strong>Rozm\u011br 270 x 270 mm<br \/>\n<strong>Nap\u00e1jen\u00ed:<\/strong> 45 kW<br \/>\n<strong>Nap\u011bt\u00ed:<\/strong>\u00a0220V\/380V<br \/>\n<strong>Rozm\u011br balen\u00ed:<\/strong> 3464*1500*3157<br \/>\n<strong>GW (kg):<\/strong> 16520<\/p>","protected":false},"featured_media":1024,"template":"","meta":{"_kad_post_transparent":"default","_kad_post_title":"hide","_kad_post_layout":"fullwidth","_kad_post_sidebar_id":"","_kad_post_content_style":"unboxed","_kad_post_vertical_padding":"hide","_kad_post_feature":"hide","_kad_post_feature_position":"","_kad_post_header":false,"_kad_post_footer":false},"product_brand":[],"product_cat":[28],"product_tag":[476,498,477,478,479],"class_list":{"0":"post-987","1":"product","2":"type-product","3":"status-publish","4":"has-post-thumbnail","6":"product_cat-blacksmith-power-hammer","7":"product_tag-all-kinds-of-wrought-iron-forging-power-hammer-dies-for-sale","8":"product_tag-c41-560kg-heavy-duty-wrought-iron-blacksmith-forging-hammer-for-sale","9":"product_tag-china-the-biggest-manufacture-anyang-pneumatic-hammer-from-lanchen","10":"product_tag-heavy-duty-560kg-wrought-iron-blacksmith-forging-hammer-for-sale","11":"product_tag-high-quality-cheap-price-air-hammer-c41-560kg-for-sale","13":"first","14":"instock","15":"shipping-taxable","16":"product-type-simple","17":"entry","18":"content-bg","19":"loop-entry"},"_links":{"self":[{"href":"https:\/\/zzlcmachinery.com\/cs\/wp-json\/wp\/v2\/product\/987","targetHints":{"allow":["GET"]}}],"collection":[{"href":"https:\/\/zzlcmachinery.com\/cs\/wp-json\/wp\/v2\/product"}],"about":[{"href":"https:\/\/zzlcmachinery.com\/cs\/wp-json\/wp\/v2\/types\/product"}],"version-history":[{"count":0,"href":"https:\/\/zzlcmachinery.com\/cs\/wp-json\/wp\/v2\/product\/987\/revisions"}],"wp:featuredmedia":[{"embeddable":true,"href":"https:\/\/zzlcmachinery.com\/cs\/wp-json\/wp\/v2\/media\/1024"}],"wp:attachment":[{"href":"https:\/\/zzlcmachinery.com\/cs\/wp-json\/wp\/v2\/media?parent=987"}],"wp:term":[{"taxonomy":"product_brand","embeddable":true,"href":"https:\/\/zzlcmachinery.com\/cs\/wp-json\/wp\/v2\/product_brand?post=987"},{"taxonomy":"product_cat","embeddable":true,"href":"https:\/\/zzlcmachinery.com\/cs\/wp-json\/wp\/v2\/product_cat?post=987"},{"taxonomy":"product_tag","embeddable":true,"href":"https:\/\/zzlcmachinery.com\/cs\/wp-json\/wp\/v2\/product_tag?post=987"}],"curies":[{"name":"wp","href":"https:\/\/api.w.org\/{rel}","templated":true}]}}