{"id":985,"date":"2022-11-18T23:59:31","date_gmt":"2022-11-18T15:59:31","guid":{"rendered":"https:\/\/zzlcmachinery.com\/?post_type=product&#038;p=985"},"modified":"2022-11-22T14:22:36","modified_gmt":"2022-11-22T06:22:36","slug":"c41-400kg-china-biggest-hammer-manufacturer-provide-pneumatic-forging-hammer","status":"publish","type":"product","link":"https:\/\/zzlcmachinery.com\/cs\/produkt\/c41-400kg-china-biggest-hammer-manufacturer-provide-pneumatic-forging-hammer\/","title":{"rendered":"C41-400KG Nejv\u011bt\u0161\u00ed \u010d\u00ednsk\u00fd v\u00fdrobce kladiv poskytuje pneumatick\u00e9 kovac\u00ed kladivo"},"content":{"rendered":"","protected":false},"excerpt":{"rendered":"<p>Tento nejv\u011bt\u0161\u00ed \u010d\u00ednsk\u00fd v\u00fdrobce kladiv C41-400KG poskytuje pneumatick\u00e9 kovac\u00ed kladivo, kter\u00e9 p\u0159ev\u00e1d\u00ed rota\u010dn\u00ed pohyb motoru na pohyb p\u00edstu v\u00e1lce stla\u010den\u00e9ho vzduchu pomoc\u00ed reduktoru, klikov\u00e9ho h\u0159\u00eddele a ojnice. Vzduchov\u00e9 kladivo je ovl\u00e1d\u00e1no no\u017en\u00ed p\u00e1kou a d\u00e1lkov\u00fdm ovlada\u010dem pro ovl\u00e1d\u00e1n\u00ed rychlosti \u00faderu a s\u00edly \u00faderu horn\u00ed kovadliny.<br \/>\nPneumatick\u00fd kladivov\u00fd stroj je \u0161iroce pou\u017e\u00edvan\u00fd a v\u0161estrann\u00fd kovov\u00fd kovac\u00ed n\u00e1stroj, kter\u00fd m\u00e1 mnoho funkc\u00ed, jako je: p\u011bchov\u00e1n\u00ed, prodlu\u017eov\u00e1n\u00ed, kontinu\u00e1ln\u00ed p\u011bchov\u00e1n\u00ed, ra\u017een\u00ed, \u0159ez\u00e1n\u00ed za tepla, sva\u0159ov\u00e1n\u00ed, kov\u00e1n\u00ed, kroucen\u00ed a oh\u00fdb\u00e1n\u00ed.<br \/>\nZ\u00e1kazn\u00edci si mohou vybrat vzduchov\u00e9 kladivo, kter\u00e9 jim vyhovuje podle materi\u00e1lu, kter\u00fd pot\u0159ebuj\u00ed k kov\u00e1n\u00ed, a maxim\u00e1ln\u00ed velikosti materi\u00e1lu. Pou\u017eit\u00ed elektrick\u00e9 energie a v\u00e1lce v\u00fdrazn\u011b zlep\u0161uje pracovn\u00ed \u00fa\u010dinnost vzduchov\u00e9ho kladiva. Je nezbytn\u00fd pro provoz kov\u00e1ren a dol\u016f. kovac\u00ed stroje.<br \/>\nM\u016f\u017eeme dodat 6 kg, 16 kg, 25 kg, 40 kg, 55 kg, 75 kg, 100 kg, 150 kg, 250 kg, 400 kg, 560 kg, 750 kg, 1000 kg, 2000 kg pro v\u00fdb\u011br podle r\u016fzn\u00fdch pot\u0159eb kovac\u00ed pr\u00e1ce .Model si m\u016f\u017eete vybrat podle n\u00e1sleduj\u00edc\u00edch specifikac\u00ed<\/p>\n<p><strong>TECHNICK\u00c9 PARAMETRY<br \/>\nModel: C41-400KG<br \/>\nHmotnost padaj\u00edc\u00edch d\u00edl\u016f (KG): 400<\/strong>KG<br \/>\n<strong>Typ struktury:<\/strong>D\u011blen\u00e9 Vzduchov\u00e9 Kladivo Se Z\u00e1kladnou<strong><br \/>\nMax.energie z\u00e1sahu (KJ):9,5<\/strong>KJ<strong><br \/>\nMax. kovan\u00fd rozm\u011br (pr\u016fm\u011br) na kruhov\u00e9 oceli:<\/strong>\u03c6240 mm<br \/>\n<strong>Max. kovan\u00fd rozm\u011br (pr\u016fm\u011br) na \u010dtvercov\u00e9 oceli:<\/strong>220*220 mm<br \/>\n<strong>Nap\u00e1jen\u00ed:<\/strong> 37 kW<br \/>\n<strong>Nap\u011bt\u00ed:<\/strong>\u00a0220V\/380V<br \/>\n<strong>Rozm\u011br balen\u00ed:<\/strong> 2785*1400*2885mm<br \/>\n<strong>V\u00e1ha navilu<\/strong>Hmotnost: 4800 kg<br \/>\n<strong>Celkov\u00e1 GW (kg):<\/strong> 12800 kg<\/p>","protected":false},"featured_media":1004,"template":"","meta":{"_kad_post_transparent":"default","_kad_post_title":"hide","_kad_post_layout":"fullwidth","_kad_post_sidebar_id":"","_kad_post_content_style":"unboxed","_kad_post_vertical_padding":"hide","_kad_post_feature":"hide","_kad_post_feature_position":"","_kad_post_header":false,"_kad_post_footer":false},"product_brand":[],"product_cat":[28],"product_tag":[465,497,466,467,468,428,469,470],"class_list":{"0":"post-985","1":"product","2":"type-product","3":"status-publish","4":"has-post-thumbnail","6":"product_cat-blacksmith-power-hammer","7":"product_tag-400kg-air-hammer-metal-forging-hammer-for-sale","8":"product_tag-c41-400kg-china-biggest-hammer-manufacturer-provide-pneumatic-forging-hammer","9":"product_tag-c41-400kg-model-power-hammer-machine-for-iron-forging","10":"product_tag-china-automatic-anyang-forging-hammer-400kg","11":"product_tag-factory-direct-sale-wrought-iron-hammer-or-smith-forging-tool-for-sale","12":"product_tag-pneumatic-hammer-for-blacksmith","13":"product_tag-widely-used-wrought-iron-blacksmith-75kg-150kg-250kg-400kg-forging-power-hammer-for-hot-sale","14":"product_tag-wrought-iron-homemade-forging-hammer-machine-with-forging-hammer-dies","16":"first","17":"instock","18":"shipping-taxable","19":"product-type-simple","20":"entry","21":"content-bg","22":"loop-entry"},"_links":{"self":[{"href":"https:\/\/zzlcmachinery.com\/cs\/wp-json\/wp\/v2\/product\/985","targetHints":{"allow":["GET"]}}],"collection":[{"href":"https:\/\/zzlcmachinery.com\/cs\/wp-json\/wp\/v2\/product"}],"about":[{"href":"https:\/\/zzlcmachinery.com\/cs\/wp-json\/wp\/v2\/types\/product"}],"version-history":[{"count":0,"href":"https:\/\/zzlcmachinery.com\/cs\/wp-json\/wp\/v2\/product\/985\/revisions"}],"wp:featuredmedia":[{"embeddable":true,"href":"https:\/\/zzlcmachinery.com\/cs\/wp-json\/wp\/v2\/media\/1004"}],"wp:attachment":[{"href":"https:\/\/zzlcmachinery.com\/cs\/wp-json\/wp\/v2\/media?parent=985"}],"wp:term":[{"taxonomy":"product_brand","embeddable":true,"href":"https:\/\/zzlcmachinery.com\/cs\/wp-json\/wp\/v2\/product_brand?post=985"},{"taxonomy":"product_cat","embeddable":true,"href":"https:\/\/zzlcmachinery.com\/cs\/wp-json\/wp\/v2\/product_cat?post=985"},{"taxonomy":"product_tag","embeddable":true,"href":"https:\/\/zzlcmachinery.com\/cs\/wp-json\/wp\/v2\/product_tag?post=985"}],"curies":[{"name":"wp","href":"https:\/\/api.w.org\/{rel}","templated":true}]}}