{"id":982,"date":"2022-11-18T23:57:53","date_gmt":"2022-11-18T15:57:53","guid":{"rendered":"https:\/\/zzlcmachinery.com\/?post_type=product&#038;p=982"},"modified":"2022-11-22T14:20:16","modified_gmt":"2022-11-22T06:20:16","slug":"c41-250kg-wrought-iron-metal-forging-power-hammer-for-sale","status":"publish","type":"product","link":"https:\/\/zzlcmachinery.com\/cs\/produkt\/c41-250kg-wrought-iron-metal-forging-power-hammer-for-sale\/","title":{"rendered":"C41-250KG Kovov\u00e9 kov\u00e1\u0159sk\u00e9 kladivo na prodej"},"content":{"rendered":"","protected":false},"excerpt":{"rendered":"<p>Toto kovan\u00e9 kladivo z tepan\u00e9ho \u017eeleza C41-250KG na prodej je druh voln\u00e9ho kovac\u00edho kladiva. Lze jej pou\u017e\u00edt pro v\u0161echny druhy voln\u00fdch v\u00fdkovk\u016f, jako je natahov\u00e1n\u00ed, p\u011bchov\u00e1n\u00ed, protla\u010dov\u00e1n\u00ed, st\u0159\u00edh\u00e1n\u00ed za tepla, kovan\u00e9 sva\u0159ov\u00e1n\u00ed, oh\u00fdb\u00e1n\u00ed a kroucen\u00ed. lze pou\u017e\u00edt pro z\u00e1pustkov\u00e9 kov\u00e1n\u00ed s pomocn\u00fdmi z\u00e1pustkami, ale nelze je pou\u017e\u00edt pro kov\u00e1n\u00ed v uzav\u0159en\u00fdch z\u00e1pustk\u00e1ch, proto\u017ee energie \u00faderu t\u011bsn\u00e9ho z\u00e1pustkov\u00e9ho kov\u00e1n\u00ed je velmi velk\u00e1, ty\u010d kladiva, vod\u00edtko, pracovn\u00ed v\u00e1lec ... atd. budou po\u0161kozeny.<br \/>\nM\u016f\u017eeme dodat 6 kg, 16 kg, 25 kg, 40 kg, 55 kg, 75 kg, 100 kg, 150 kg, 250 kg, 400 kg, 560 kg, 750 kg, 1000 kg, 2000 kg pro v\u00fdb\u011br podle r\u016fzn\u00fdch pot\u0159eb kovac\u00ed pr\u00e1ce .Model si m\u016f\u017eete vybrat podle n\u00e1sleduj\u00edc\u00edch specifikac\u00ed<\/p>\n<p><strong>TECHNICK\u00c9 PARAMETRY<br \/>\nModel: C41-250KG<br \/>\nHmotnost padaj\u00edc\u00edch d\u00edl\u016f (KG): 250<\/strong>KG<br \/>\n<strong>Typ struktury:<\/strong>D\u011blen\u00e9 Vzduchov\u00e9 Kladivo Se Z\u00e1kladnou<strong><br \/>\nMax.energie z\u00e1sahu (KJ):5,6<\/strong>KJ<strong><br \/>\nMax. kovan\u00fd rozm\u011br (pr\u016fm\u011br) na kruhov\u00e9 oceli:<\/strong>\u03c6175 mm<br \/>\n<strong>Max. kovan\u00fd rozm\u011br (pr\u016fm\u011br) na \u010dtvercov\u00e9 oceli:<\/strong>145*145mm<br \/>\n<strong>Nap\u00e1jen\u00ed:<\/strong> 22 kW<br \/>\n<strong>Nap\u011bt\u00ed:<\/strong>\u00a0220V\/380V<br \/>\n<strong>Rozm\u011br balen\u00ed:<\/strong> 2875*1405*2570mm<br \/>\n<strong>Hmotnost kovadliny:<\/strong>2800 kg<br \/>\n<strong>GW (kg):<\/strong> 8200<\/p>","protected":false},"featured_media":1016,"template":"","meta":{"_kad_post_transparent":"default","_kad_post_title":"hide","_kad_post_layout":"fullwidth","_kad_post_sidebar_id":"","_kad_post_content_style":"unboxed","_kad_post_vertical_padding":"hide","_kad_post_feature":"hide","_kad_post_feature_position":"","_kad_post_header":false,"_kad_post_footer":false},"product_brand":[],"product_cat":[28],"product_tag":[480,481,482,483,484,485,486,487],"class_list":{"0":"post-982","1":"product","2":"type-product","3":"status-publish","4":"has-post-thumbnail","6":"product_cat-blacksmith-power-hammer","7":"product_tag-16kg-2000kg-anyang-pneumatic-hammer-for-whole-world","8":"product_tag-250kg-air-planishing-hammer-for-blacksmith","9":"product_tag-blacksmith-anvil-wrought-iron-machinery-for-hammer","10":"product_tag-c41-40kg-75kg-150kg-250kg-blacksmith-air-forging-hammer-for-sale","11":"product_tag-hot-sale-250-kg-power-hammer-in-uk-usa","12":"product_tag-hot-sale-different-types-wrought-iron-metal-forging-air-hammer","13":"product_tag-hottest-sell-c41-250kg-electro-hydraulic-forging-hammer-for-sale","14":"product_tag-widely-used-iron-forging-250kg-air-pneumatic-hammer-with-ce","16":"first","17":"instock","18":"shipping-taxable","19":"product-type-simple","20":"entry","21":"content-bg","22":"loop-entry"},"_links":{"self":[{"href":"https:\/\/zzlcmachinery.com\/cs\/wp-json\/wp\/v2\/product\/982","targetHints":{"allow":["GET"]}}],"collection":[{"href":"https:\/\/zzlcmachinery.com\/cs\/wp-json\/wp\/v2\/product"}],"about":[{"href":"https:\/\/zzlcmachinery.com\/cs\/wp-json\/wp\/v2\/types\/product"}],"version-history":[{"count":0,"href":"https:\/\/zzlcmachinery.com\/cs\/wp-json\/wp\/v2\/product\/982\/revisions"}],"wp:featuredmedia":[{"embeddable":true,"href":"https:\/\/zzlcmachinery.com\/cs\/wp-json\/wp\/v2\/media\/1016"}],"wp:attachment":[{"href":"https:\/\/zzlcmachinery.com\/cs\/wp-json\/wp\/v2\/media?parent=982"}],"wp:term":[{"taxonomy":"product_brand","embeddable":true,"href":"https:\/\/zzlcmachinery.com\/cs\/wp-json\/wp\/v2\/product_brand?post=982"},{"taxonomy":"product_cat","embeddable":true,"href":"https:\/\/zzlcmachinery.com\/cs\/wp-json\/wp\/v2\/product_cat?post=982"},{"taxonomy":"product_tag","embeddable":true,"href":"https:\/\/zzlcmachinery.com\/cs\/wp-json\/wp\/v2\/product_tag?post=982"}],"curies":[{"name":"wp","href":"https:\/\/api.w.org\/{rel}","templated":true}]}}