{"id":980,"date":"2022-11-18T23:43:03","date_gmt":"2022-11-18T15:43:03","guid":{"rendered":"https:\/\/zzlcmachinery.com\/?post_type=product&#038;p=980"},"modified":"2022-11-22T14:17:32","modified_gmt":"2022-11-22T06:17:32","slug":"c41-150kg-air-hammer-metal-forging-hammer-for-sale","status":"publish","type":"product","link":"https:\/\/zzlcmachinery.com\/cs\/produkt\/c41-150kg-air-hammer-metal-forging-hammer-for-sale\/","title":{"rendered":"C41-150KG Vzduchov\u00e9 kladivo Kovov\u00e9 kladivo na prodej"},"content":{"rendered":"","protected":false},"excerpt":{"rendered":"<p>Toto kovov\u00e9 kovac\u00ed kladivo C41-150KG na prodej je \u0161iroce pou\u017e\u00edv\u00e1no pro obecn\u00e9 kov\u00e1\u0159sk\u00e9 pr\u00e1ce, jako je ta\u017een\u00ed, p\u011bchov\u00e1n\u00ed, d\u011brov\u00e1n\u00ed, sek\u00e1n\u00ed, kov\u00e1n\u00ed, sva\u0159ov\u00e1n\u00ed, oh\u00fdb\u00e1n\u00ed a kroucen\u00ed, pou\u017e\u00edv\u00e1 se tak\u00e9 pro kov\u00e1n\u00ed v z\u00e1pustk\u00e1ch kol\u00e9bky.<br \/>\nPneumatick\u00e9 kovac\u00ed kladivo je \u0161iroce pou\u017e\u00edv\u00e1no pro v\u0161eobecn\u00e9 kovac\u00ed pr\u00e1ce, jako je ta\u017een\u00ed, p\u011bchov\u00e1n\u00ed, d\u011brov\u00e1n\u00ed, sek\u00e1n\u00ed, kov\u00e1n\u00ed, sva\u0159ov\u00e1n\u00ed, oh\u00fdb\u00e1n\u00ed a kroucen\u00ed. Pou\u017e\u00edv\u00e1 se tak\u00e9 pro kov\u00e1rny v z\u00e1pustk\u00e1ch. Vzduchov\u00e9 kladivo se tak\u00e9 naz\u00fdv\u00e1 kovac\u00ed kladivo, kov\u00e1\u0159sk\u00e9 kladivo, pneumatick\u00e9 kovac\u00ed kladivo, elektrick\u00e9 kladivo a tak d\u00e1le. Klesaj\u00edc\u00ed hmotnost vzduchov\u00e9ho kladiva p\u0159i 6 kg, 16 kg, 20 kg, 25 kg, 40 kg, 55 kg, 75 kg, 150 kg, 250 kg hlavn\u011b pro um\u011bleck\u00e9 kovan\u00e9 \u017eelezo, um\u011bleck\u00e9 kov\u00e1n\u00ed, kov\u00e1\u0159sk\u00e9, zem\u011bd\u011blsk\u00e9 n\u00e1stroje a mal\u00e9 d\u00edly pro voln\u00e9 kov\u00e1n\u00ed.<br \/>\nM\u016f\u017eeme dodat 6 kg, 16 kg, 25 kg, 40 kg, 55 kg, 75 kg, 100 kg, 150 kg, 250 kg, 400 kg, 560 kg, 750 kg, 1000 kg, 2000 kg pro v\u00fdb\u011br podle r\u016fzn\u00fdch pot\u0159eb kovac\u00ed pr\u00e1ce .Model si m\u016f\u017eete vybrat podle n\u00e1sleduj\u00edc\u00edch specifikac\u00ed<\/p>\n<p><strong>TECHNICK\u00c9 PARAMETRY<br \/>\nModel: C41-150KG<br \/>\nHmotnost padaj\u00edc\u00edch d\u00edl\u016f (KG): 150<\/strong>KG<br \/>\n<strong>Typ konstrukce: Samostatn\u00e1<\/strong> Vzduchov\u00e9 kladivo<strong><br \/>\nMax.energie z\u00e1sahu (KJ):2,2<\/strong>KJ<strong><br \/>\nMax. kovan\u00fd rozm\u011br (pr\u016fm\u011br) na kruhov\u00e9 oceli:<\/strong>\u03c6145 mm<br \/>\n<strong>Max. kovan\u00fd rozm\u011br (pr\u016fm\u011br) na \u010dtvercov\u00e9 oceli:<\/strong>130*130 mm<br \/>\n<strong>Nap\u00e1jen\u00ed:<\/strong> 15 kW<br \/>\n<strong>Nap\u011bt\u00ed:<\/strong>\u00a0220V\/380V<br \/>\n<strong>Rozm\u011br balen\u00ed:<\/strong> 2080*1240*2350mm<br \/>\nHmotnost kovadliny: 1800 kg<br \/>\n<strong>GW (kg):<\/strong> 5060 kg<\/p>","protected":false},"featured_media":1023,"template":"","meta":{"_kad_post_transparent":"default","_kad_post_title":"hide","_kad_post_layout":"fullwidth","_kad_post_sidebar_id":"","_kad_post_content_style":"unboxed","_kad_post_vertical_padding":"hide","_kad_post_feature":"hide","_kad_post_feature_position":"","_kad_post_header":false,"_kad_post_footer":false},"product_brand":[],"product_cat":[28],"product_tag":[471,494,496,495,489,491,492,472,473,490,488,408,493,474,475],"class_list":{"0":"post-980","1":"product","2":"type-product","3":"status-publish","4":"has-post-thumbnail","6":"product_cat-blacksmith-power-hammer","7":"product_tag-150kg-air-planishing-hammer-for-blacksmith","8":"product_tag-250kg-mainly-for-artistic-wrought-iron","9":"product_tag-agriculture-tools-and-small-open-die-forging-parts","10":"product_tag-artistic-forging","11":"product_tag-bending-and-twisting","12":"product_tag-bending-and-twisting-it-is-also-used-for-forge-in-bolster-dies-air-hammer-is-also-called-forging-hammer","13":"product_tag-blacksmithing-hammer","14":"product_tag-c41-150kg-blacksmith-forge-pneumatic-hammer","15":"product_tag-heavy-duty-150kg-wrought-iron-blacksmith-forging-hammer-for-sale","16":"product_tag-it-is-also-used-for-forge-in-bolster-dies-pneumatic-forging-hammer-is-widely-used-for-general-forging-works","17":"product_tag-our-pneumatic-forging-hammer-is-widely-used-for-general-forging-works","18":"product_tag-pneumatic-forging-hammer","19":"product_tag-power-hammer-and-so-on-air-hammer-falling-weight-at-6kg","20":"product_tag-power-hammer-blacksmith-anvil-wrought-iron-machinery","21":"product_tag-power-hammer-for-blade-maker-c41-150","23":"first","24":"instock","25":"shipping-taxable","26":"product-type-simple","27":"entry","28":"content-bg","29":"loop-entry"},"_links":{"self":[{"href":"https:\/\/zzlcmachinery.com\/cs\/wp-json\/wp\/v2\/product\/980","targetHints":{"allow":["GET"]}}],"collection":[{"href":"https:\/\/zzlcmachinery.com\/cs\/wp-json\/wp\/v2\/product"}],"about":[{"href":"https:\/\/zzlcmachinery.com\/cs\/wp-json\/wp\/v2\/types\/product"}],"version-history":[{"count":0,"href":"https:\/\/zzlcmachinery.com\/cs\/wp-json\/wp\/v2\/product\/980\/revisions"}],"wp:featuredmedia":[{"embeddable":true,"href":"https:\/\/zzlcmachinery.com\/cs\/wp-json\/wp\/v2\/media\/1023"}],"wp:attachment":[{"href":"https:\/\/zzlcmachinery.com\/cs\/wp-json\/wp\/v2\/media?parent=980"}],"wp:term":[{"taxonomy":"product_brand","embeddable":true,"href":"https:\/\/zzlcmachinery.com\/cs\/wp-json\/wp\/v2\/product_brand?post=980"},{"taxonomy":"product_cat","embeddable":true,"href":"https:\/\/zzlcmachinery.com\/cs\/wp-json\/wp\/v2\/product_cat?post=980"},{"taxonomy":"product_tag","embeddable":true,"href":"https:\/\/zzlcmachinery.com\/cs\/wp-json\/wp\/v2\/product_tag?post=980"}],"curies":[{"name":"wp","href":"https:\/\/api.w.org\/{rel}","templated":true}]}}