{"id":971,"date":"2022-11-18T20:50:35","date_gmt":"2022-11-18T12:50:35","guid":{"rendered":"https:\/\/zzlcmachinery.com\/?post_type=product&#038;p=971"},"modified":"2022-11-22T14:15:22","modified_gmt":"2022-11-22T06:15:22","slug":"hot-sale-c41-75kg-hammer-forging-machines-for-blacksmith","status":"publish","type":"product","link":"https:\/\/zzlcmachinery.com\/cs\/produkt\/hot-sale-c41-75kg-hammer-forging-machines-for-blacksmith\/","title":{"rendered":"Hot Sale C41-75KG Kovac\u00ed kladivov\u00e9 stroje pro kov\u00e1\u0159e"},"content":{"rendered":"","protected":false},"excerpt":{"rendered":"<p>Tento Hot sale C41-75KG kladivov\u00e9 kov\u00e1\u0159sk\u00e9 stroje pro kov\u00e1\u0159e je st\u0159edn\u011b v\u00fdkonn\u00fd kovov\u00fd kovac\u00ed stroj ve vzduchov\u00e9m bucharu, kter\u00fd dok\u00e1\u017ee splnit v\u0161echny kov\u00e1\u0159sk\u00e9 pot\u0159eby dom\u00e1cnost\u00ed a mal\u00fdch a st\u0159edn\u00edch kov\u00e1\u0159sk\u00fdch provoz\u016f. Je zvl\u00e1\u0161t\u011b vhodn\u00fd pro kov\u00e1n\u00ed drobn\u00e9ho zem\u011bd\u011blsk\u00e9ho n\u00e1\u0159ad\u00ed jako jsou srpy, badiny, dobytek a podkovy a motyky. Vzduch p\u0159itom vyu\u017e\u00edvaj\u00ed i r\u016fzn\u00e9 tov\u00e1rny a doly. Kladivo pro kov\u00e1n\u00ed ocelov\u00fdch kuli\u010dek, le\u0161en\u00ed a dal\u0161\u00edch tov\u00e1rn\u00edch, d\u016fln\u00edch a stavebn\u00edch pot\u0159eb.<br \/>\nM\u016f\u017eeme dodat 6 kg, 16 kg, 25 kg, 40 kg, 55 kg, 75 kg, 100 kg, 150 kg, 250 kg, 400 kg, 560 kg, 750 kg, 1000 kg, 2000 kg pro v\u00fdb\u011br podle r\u016fzn\u00fdch pot\u0159eb kovac\u00ed pr\u00e1ce .Model si m\u016f\u017eete vybrat podle n\u00e1sleduj\u00edc\u00edch specifikac\u00ed<\/p>\n<p><strong>TECHNICK\u00c9 PARAMETRY<br \/>\nModel: C41-75KG<br \/>\nHmotnost padaj\u00edc\u00edch d\u00edl\u016f (KG): 75<\/strong>KG<br \/>\n<strong>Typ struktury:<\/strong> Samostatn\u00e9 kladivo se z\u00e1kladnou<strong><br \/>\nMax.energie z\u00e1sahu (KJ):1<\/strong>KJ<strong><br \/>\nMax. kovan\u00fd rozm\u011br (pr\u016fm\u011br) na kruhov\u00e9 oceli:<\/strong>\u03c685 mm<br \/>\n<strong>Max. kovan\u00fd rozm\u011br (pr\u016fm\u011br) na \u010dtvercov\u00e9 oceli:<\/strong>Rozm\u011br 65 x 65 mm<br \/>\n<strong>Nap\u00e1jen\u00ed:<\/strong> 7,5 kW<br \/>\n<strong>Nap\u011bt\u00ed:<\/strong>\u00a0220V\/380V<br \/>\n<strong>Rozm\u011br balen\u00ed:<\/strong> 1420*720*2050<br \/>\n<strong>GW (kg):<\/strong> 2200<\/p>","protected":false},"featured_media":974,"template":"","meta":{"_kad_post_transparent":"default","_kad_post_title":"hide","_kad_post_layout":"fullwidth","_kad_post_sidebar_id":"","_kad_post_content_style":"unboxed","_kad_post_vertical_padding":"hide","_kad_post_feature":"hide","_kad_post_feature_position":"","_kad_post_header":false,"_kad_post_footer":false},"product_brand":[],"product_cat":[28],"product_tag":[455,456,457,458,459,447],"class_list":{"0":"post-971","1":"product","2":"type-product","3":"status-publish","4":"has-post-thumbnail","6":"product_cat-blacksmith-power-hammer","7":"product_tag-c41-75kg-150kg-type-automatic-blacksmith-hammer-for-forging","8":"product_tag-c41-75kg-air-power-forging-hammer-homemade","9":"product_tag-c41-75kg-hammer-strength-power-rack","10":"product_tag-ellsen-brand-c41-75kg-air-hammer-metal-forging-hammer-for-sale","11":"product_tag-hot-sale-75kg-hammer-forging-machines-for-blacksmith","12":"product_tag-pneumatic-forging-hammer-for-wrought-iron-blacksmith","14":"first","15":"instock","16":"shipping-taxable","17":"product-type-simple","18":"entry","19":"content-bg","20":"loop-entry"},"_links":{"self":[{"href":"https:\/\/zzlcmachinery.com\/cs\/wp-json\/wp\/v2\/product\/971","targetHints":{"allow":["GET"]}}],"collection":[{"href":"https:\/\/zzlcmachinery.com\/cs\/wp-json\/wp\/v2\/product"}],"about":[{"href":"https:\/\/zzlcmachinery.com\/cs\/wp-json\/wp\/v2\/types\/product"}],"version-history":[{"count":0,"href":"https:\/\/zzlcmachinery.com\/cs\/wp-json\/wp\/v2\/product\/971\/revisions"}],"wp:featuredmedia":[{"embeddable":true,"href":"https:\/\/zzlcmachinery.com\/cs\/wp-json\/wp\/v2\/media\/974"}],"wp:attachment":[{"href":"https:\/\/zzlcmachinery.com\/cs\/wp-json\/wp\/v2\/media?parent=971"}],"wp:term":[{"taxonomy":"product_brand","embeddable":true,"href":"https:\/\/zzlcmachinery.com\/cs\/wp-json\/wp\/v2\/product_brand?post=971"},{"taxonomy":"product_cat","embeddable":true,"href":"https:\/\/zzlcmachinery.com\/cs\/wp-json\/wp\/v2\/product_cat?post=971"},{"taxonomy":"product_tag","embeddable":true,"href":"https:\/\/zzlcmachinery.com\/cs\/wp-json\/wp\/v2\/product_tag?post=971"}],"curies":[{"name":"wp","href":"https:\/\/api.w.org\/{rel}","templated":true}]}}