{"id":961,"date":"2022-11-17T23:45:25","date_gmt":"2022-11-17T15:45:25","guid":{"rendered":"https:\/\/zzlcmachinery.com\/?post_type=product&#038;p=961"},"modified":"2022-11-22T14:13:53","modified_gmt":"2022-11-22T06:13:53","slug":"c41-55kg-wrought-iron-forging-pneumatic-hammer-for-blacksmith","status":"publish","type":"product","link":"https:\/\/zzlcmachinery.com\/cs\/produkt\/c41-55kg-wrought-iron-forging-pneumatic-hammer-for-blacksmith\/","title":{"rendered":"C41-55KG Kov\u00e1n\u00ed z tepan\u00e9ho \u017eeleza Pneumatick\u00e9 kladivo pro kov\u00e1\u0159e"},"content":{"rendered":"","protected":false},"excerpt":{"rendered":"<p>Toto kovan\u00e9 pneumatick\u00e9 kladivo C41-55KG pro kov\u00e1\u0159e kovan\u00e9 \u017eelezn\u00e9 kladivo C41-55KG m\u00e1 mal\u00e9 rozm\u011bry, n\u00edzkou hlu\u010dnost, jednoduchou konstrukci, pohodln\u00e9 ovl\u00e1d\u00e1n\u00ed, flexibiln\u00ed v akci, pohodln\u00e9 p\u0159i manipulaci, instalaci a \u00fadr\u017eb\u011b. Tento stroj je samotn\u00fd stroj s jednod\u00edlnou konstrukc\u00ed se z\u00e1kladnou. V\u00fdhodou takov\u00e9ho pneumatick\u00e9ho kladiva je, \u017ee jej lze p\u0159em\u00edstit na libovoln\u00e9 m\u00edsto, kter\u00e9 z\u00e1kazn\u00edk pro pr\u00e1ci po\u017eaduje, a je velmi flexibiln\u00ed. Vzduchov\u00e9 kladivo nad 55 kg dok\u00e1\u017ee vykovat v\u011bt\u0161\u00ed kovov\u00e1 t\u011bla. Tento model je vhodn\u00fd pro r\u016fzn\u00e9 voln\u00e9 kov\u00e1n\u00ed: jako je p\u011bchov\u00e1n\u00ed, protahov\u00e1n\u00ed, d\u011brov\u00e1n\u00ed, oh\u00fdb\u00e1n\u00ed, kroucen\u00ed, st\u0159\u00edh\u00e1n\u00ed za tepla, spojov\u00e1n\u00ed svorek atd., a z\u00e1rove\u0148 lze pou\u017e\u00edt z\u00e1pustkov\u00e9 z\u00e1pustky Prov\u00e1d\u011bjte r\u016fzn\u00e9 voln\u00e9 z\u00e1pustkov\u00e9 v\u00fdkovky. Je vhodn\u00fd pro voln\u00e9 kov\u00e1n\u00ed d\u00edl\u016f r\u016fzn\u00fdch tvar\u016f, zejm\u00e9na pro kov\u00e1n\u00ed srp\u016f, badin\u016f, podkov, motyk atd. ve venkovsk\u00fdch podnic\u00edch a profesion\u00e1ln\u00edch dom\u00e1cnostech. R\u016fzn\u00e9 tov\u00e1rny a doly p\u0159itom pou\u017e\u00edvaj\u00ed pneumatick\u00e1 kladiva i na kov\u00e1n\u00ed ocelov\u00fdch koul\u00ed, le\u0161en\u00ed a dal\u0161\u00edch pot\u0159eb pro stavbu tov\u00e1ren a dol\u016f. Krom\u011b toho je tato \u0159ada pneumatick\u00fdch kladiv tak\u00e9 profesion\u00e1ln\u00edm kovan\u00fdm n\u00e1strojem b\u011b\u017en\u011b pou\u017e\u00edvan\u00fdm kov\u00e1\u0159i. M\u016f\u017ee vyr\u00e1b\u011bt r\u016fzn\u00e9 styly forem a kovat v\u0161echny druhy kovan\u00fdch kv\u011btin a pt\u00e1k\u016f a dal\u0161\u00ed n\u00e1dhern\u00e9 dekorace.<br \/>\nM\u016f\u017eeme dodat 6 kg, 16 kg, 25 kg, 40 kg, 55 kg, 75 kg, 100 kg, 150 kg, 250 kg, 400 kg, 560 kg, 750 kg, 1000 kg, 2000 kg pro v\u00fdb\u011br podle r\u016fzn\u00fdch pot\u0159eb kovac\u00ed pr\u00e1ce .Model si m\u016f\u017eete vybrat podle n\u00e1sleduj\u00edc\u00edch specifikac\u00ed<\/p>\n<p><strong>TECHNICK\u00c9 PARAMETRY<br \/>\nModel: C41-55KG<br \/>\nHmotnost padaj\u00edc\u00edch d\u00edl\u016f (KG): 55<\/strong>KG<br \/>\n<strong>Typ struktury:<\/strong>D\u011blen\u00e9 vzduchov\u00e9 kladivo<strong><br \/>\nMaxim\u00e1ln\u00ed energie \u00faderu (KJ):<\/strong>0,27 kJ<strong><br \/>\nMax. kovan\u00fd rozm\u011br (pr\u016fm\u011br) na kruhov\u00e9 oceli:<\/strong>\u03c645 mm<br \/>\n<strong>Max. kovan\u00fd rozm\u011br (pr\u016fm\u011br) na \u010dtvercov\u00e9 oceli:<\/strong>40x40mm<br \/>\n<strong>Nap\u00e1jen\u00ed:<\/strong> 3 kW<br \/>\n<strong>Nap\u011bt\u00ed:<\/strong>\u00a0220V\/380V<br \/>\n<strong>Rozm\u011br balen\u00ed:<\/strong> 980*510*1200<br \/>\n<strong>GW (kg):<\/strong> 560<\/p>","protected":false},"featured_media":967,"template":"","meta":{"_kad_post_transparent":"default","_kad_post_title":"hide","_kad_post_layout":"fullwidth","_kad_post_sidebar_id":"","_kad_post_content_style":"unboxed","_kad_post_vertical_padding":"hide","_kad_post_feature":"hide","_kad_post_feature_position":"","_kad_post_header":false,"_kad_post_footer":false},"product_brand":[],"product_cat":[28],"product_tag":[450,448,445,446,451,453,454,449,447,428,452],"class_list":{"0":"post-961","1":"product","2":"type-product","3":"status-publish","4":"has-post-thumbnail","6":"product_cat-blacksmith-power-hammer","7":"product_tag-c41-series-blacksmith-hydraulic-hammer-for-iron","8":"product_tag-c41-55kg-blacksmith-forging-hammer-for-sale","9":"product_tag-c41-55kg-hammer-strength-power-rack","10":"product_tag-c41-55kg-pneumatic-air-power-hammer-with-anvil-55kg","11":"product_tag-china-the-most-popular-c41-40kg-75kg-150kg-blacksmith-air-hammer-for-sale","12":"product_tag-factory-direct-sale-20kg-25kg-40kg-power-hammer-for-sale-south-africa","13":"product_tag-factory-direct-sale-c41-25kg-homemade-blacksmith-power-hammer","14":"product_tag-hot-sale-anyang-power-hammer-uk-from-ellsen","15":"product_tag-pneumatic-forging-hammer-for-wrought-iron-blacksmith","16":"product_tag-pneumatic-hammer-for-blacksmith","17":"product_tag-wrought-iron-air-power-hammer-for-sale","19":"first","20":"instock","21":"shipping-taxable","22":"product-type-simple","23":"entry","24":"content-bg","25":"loop-entry"},"_links":{"self":[{"href":"https:\/\/zzlcmachinery.com\/cs\/wp-json\/wp\/v2\/product\/961","targetHints":{"allow":["GET"]}}],"collection":[{"href":"https:\/\/zzlcmachinery.com\/cs\/wp-json\/wp\/v2\/product"}],"about":[{"href":"https:\/\/zzlcmachinery.com\/cs\/wp-json\/wp\/v2\/types\/product"}],"version-history":[{"count":0,"href":"https:\/\/zzlcmachinery.com\/cs\/wp-json\/wp\/v2\/product\/961\/revisions"}],"wp:featuredmedia":[{"embeddable":true,"href":"https:\/\/zzlcmachinery.com\/cs\/wp-json\/wp\/v2\/media\/967"}],"wp:attachment":[{"href":"https:\/\/zzlcmachinery.com\/cs\/wp-json\/wp\/v2\/media?parent=961"}],"wp:term":[{"taxonomy":"product_brand","embeddable":true,"href":"https:\/\/zzlcmachinery.com\/cs\/wp-json\/wp\/v2\/product_brand?post=961"},{"taxonomy":"product_cat","embeddable":true,"href":"https:\/\/zzlcmachinery.com\/cs\/wp-json\/wp\/v2\/product_cat?post=961"},{"taxonomy":"product_tag","embeddable":true,"href":"https:\/\/zzlcmachinery.com\/cs\/wp-json\/wp\/v2\/product_tag?post=961"}],"curies":[{"name":"wp","href":"https:\/\/api.w.org\/{rel}","templated":true}]}}