{"id":943,"date":"2022-11-17T19:44:01","date_gmt":"2022-11-17T11:44:01","guid":{"rendered":"https:\/\/zzlcmachinery.com\/?post_type=product&#038;p=943"},"modified":"2022-11-22T14:08:52","modified_gmt":"2022-11-22T06:08:52","slug":"factory-direct-sale-c41-25kg-homemade-blacksmith-power-hammer","status":"publish","type":"product","link":"https:\/\/zzlcmachinery.com\/cs\/produkt\/factory-direct-sale-c41-25kg-homemade-blacksmith-power-hammer\/","title":{"rendered":"P\u0159\u00edm\u00fd tov\u00e1rn\u00ed prodej C41-25kg Dom\u00e1c\u00ed kov\u00e1\u0159sk\u00e9 elektrick\u00e9 kladivo"},"content":{"rendered":"","protected":false},"excerpt":{"rendered":"<p>Toto dom\u00e1c\u00ed kov\u00e1\u0159sk\u00e9 kladivo C41-25kg pro p\u0159\u00edm\u00fd prodej v tov\u00e1rn\u011b m\u00e1 mal\u00e9 rozm\u011bry, n\u00edzkou hlu\u010dnost, jednoduchou konstrukci, snadno se ovl\u00e1d\u00e1, je flexibiln\u00ed v akci a je pohodln\u00e9 p\u0159i manipulaci, instalaci a \u00fadr\u017eb\u011b. Tento model je vhodn\u00fd pro r\u016fzn\u00e9 voln\u00e9 kov\u00e1n\u00ed: jako je p\u011bchov\u00e1n\u00ed, ta\u017een\u00ed, d\u011brov\u00e1n\u00ed, oh\u00fdb\u00e1n\u00ed, kroucen\u00ed, st\u0159\u00edh\u00e1n\u00ed za tepla, spojov\u00e1n\u00ed svorek, atd. Sou\u010dasn\u011b lze prov\u00e1d\u011bt r\u016fzn\u00e9 voln\u00e9 v\u00fdkovky pomoc\u00ed z\u00e1pustkov\u00fdch z\u00e1pustek. Je vhodn\u00fd pro voln\u00e9 kov\u00e1n\u00ed d\u00edl\u016f r\u016fzn\u00fdch tvar\u016f, zvl\u00e1\u0161t\u011b vhodn\u00fd pro podniky venkovsk\u00fdch m\u011bst a profesion\u00e1ln\u00ed dom\u00e1cnosti kov\u00e1n\u00ed srp\u016f, badin\u016f, dobytka a podkov a motyk. R\u016fzn\u00e9 tov\u00e1rny a doly z\u00e1rove\u0148 pou\u017e\u00edvaj\u00ed vzduchov\u00e1 kladiva na kov\u00e1n\u00ed ocelov\u00fdch koul\u00ed, le\u0161en\u00ed a dal\u0161\u00ed tov\u00e1rny, doly a stavebn\u00ed pot\u0159eby. Krom\u011b toho je tato \u0159ada vzduchov\u00fdch kladiv tak\u00e9 profesion\u00e1ln\u00edm kovan\u00fdm \u017eelezn\u00fdm n\u00e1strojem, kter\u00fd b\u011b\u017en\u011b pou\u017e\u00edvaj\u00ed kov\u00e1\u0159i. M\u016f\u017ee vyr\u00e1b\u011bt r\u016fzn\u00e9 styly forem a kovat r\u016fzn\u00e9 kovan\u00e9 kv\u011btiny, pt\u00e1\u010dky a dal\u0161\u00ed kr\u00e1sn\u00e9 dekorace.<br \/>\nM\u016f\u017eeme dodat 6 kg, 16 kg, 25 kg, 40 kg, 55 kg, 75 kg, 100 kg, 150 kg, 250 kg, 400 kg, 560 kg, 750 kg, 1000 kg, 2000 kg pro v\u00fdb\u011br podle r\u016fzn\u00fdch pot\u0159eb kovac\u00ed pr\u00e1ce .Model si m\u016f\u017eete vybrat podle n\u00e1sleduj\u00edc\u00edch specifikac\u00ed<\/p>\n<p><strong>TECHNICK\u00c9 PARAMETRY<br \/>\nModel: C41-25KG<br \/>\nHmotnost padaj\u00edc\u00edch d\u00edl\u016f (KG):<\/strong>25 kg<br \/>\n<strong>Typ struktury:<\/strong>Samostatn\u00e9 vzduchov\u00e9 kladivo<strong><br \/>\nMaxim\u00e1ln\u00ed energie \u00faderu (KJ):<\/strong>0,27 kJ<strong><br \/>\nMax. kovan\u00fd rozm\u011br (pr\u016fm\u011br) na kruhov\u00e9 oceli:<\/strong>\u03c645 mm<br \/>\n<strong>Max. kovan\u00fd rozm\u011br (pr\u016fm\u011br) na \u010dtvercov\u00e9 oceli:<\/strong>40x40mm<br \/>\n<strong>Nap\u00e1jen\u00ed:<\/strong> 3 kW<br \/>\n<strong>Nap\u011bt\u00ed:<\/strong>\u00a0220V\/380V<br \/>\n<strong>Rozm\u011br balen\u00ed:<\/strong> 980*510*1200<br \/>\n<strong>GW (kg):<\/strong> 560<\/p>","protected":false},"featured_media":947,"template":"","meta":{"_kad_post_transparent":"default","_kad_post_title":"hide","_kad_post_layout":"fullwidth","_kad_post_sidebar_id":"","_kad_post_content_style":"unboxed","_kad_post_vertical_padding":"hide","_kad_post_feature":"hide","_kad_post_feature_position":"","_kad_post_header":false,"_kad_post_footer":false},"product_brand":[],"product_cat":[28],"product_tag":[416,432,431,430,429,428],"class_list":{"0":"post-943","1":"product","2":"type-product","3":"status-publish","4":"has-post-thumbnail","6":"product_cat-blacksmith-power-hammer","7":"product_tag-air-hammer","8":"product_tag-c41-25kg-drop-forging-hammer-for-iron-blacksmith","9":"product_tag-c41-25kg-electric-pneumatic-hammer","10":"product_tag-high-efficiency-c41-25kg-power-runner-hammer-with-ce","11":"product_tag-hottest-sale-20kg-25kg-40kg-55kg-75kg-blacksmith-pneumatic-hammer","12":"product_tag-pneumatic-hammer-for-blacksmith","14":"first","15":"instock","16":"shipping-taxable","17":"product-type-simple","18":"entry","19":"content-bg","20":"loop-entry"},"_links":{"self":[{"href":"https:\/\/zzlcmachinery.com\/cs\/wp-json\/wp\/v2\/product\/943","targetHints":{"allow":["GET"]}}],"collection":[{"href":"https:\/\/zzlcmachinery.com\/cs\/wp-json\/wp\/v2\/product"}],"about":[{"href":"https:\/\/zzlcmachinery.com\/cs\/wp-json\/wp\/v2\/types\/product"}],"version-history":[{"count":0,"href":"https:\/\/zzlcmachinery.com\/cs\/wp-json\/wp\/v2\/product\/943\/revisions"}],"wp:featuredmedia":[{"embeddable":true,"href":"https:\/\/zzlcmachinery.com\/cs\/wp-json\/wp\/v2\/media\/947"}],"wp:attachment":[{"href":"https:\/\/zzlcmachinery.com\/cs\/wp-json\/wp\/v2\/media?parent=943"}],"wp:term":[{"taxonomy":"product_brand","embeddable":true,"href":"https:\/\/zzlcmachinery.com\/cs\/wp-json\/wp\/v2\/product_brand?post=943"},{"taxonomy":"product_cat","embeddable":true,"href":"https:\/\/zzlcmachinery.com\/cs\/wp-json\/wp\/v2\/product_cat?post=943"},{"taxonomy":"product_tag","embeddable":true,"href":"https:\/\/zzlcmachinery.com\/cs\/wp-json\/wp\/v2\/product_tag?post=943"}],"curies":[{"name":"wp","href":"https:\/\/api.w.org\/{rel}","templated":true}]}}