{"id":929,"date":"2022-11-16T23:27:49","date_gmt":"2022-11-16T15:27:49","guid":{"rendered":"https:\/\/zzlcmachinery.com\/?post_type=product&#038;p=929"},"modified":"2022-11-22T14:07:45","modified_gmt":"2022-11-22T06:07:45","slug":"c41-20kg-professional-blacksmith-power-forging-air-hammer","status":"publish","type":"product","link":"https:\/\/zzlcmachinery.com\/cs\/produkt\/c41-20kg-professional-blacksmith-power-forging-air-hammer\/","title":{"rendered":"C41-20kg Profesion\u00e1ln\u00ed kov\u00e1\u0159sk\u00e9 elektrick\u00e9 vzduchov\u00e9 kladivo"},"content":{"rendered":"","protected":false},"excerpt":{"rendered":"<p>Toto profesion\u00e1ln\u00ed kov\u00e1\u0159sk\u00e9 pneumatick\u00e9 kladivo C41-20kg je konstrukce d\u011blen\u00e9ho typu. Stroj je rozd\u011blen na dv\u011b \u010d\u00e1sti, kovadlinu a hlavn\u00ed stroj. Vzduchov\u00e9 kladivo d\u011blen\u00e9ho typu pot\u0159ebuje, aby z\u00e1kazn\u00edk postavil cementem tvrzen\u00fd z\u00e1klad podle v\u00fdkres\u016f, kter\u00e9 dod\u00e1me. V\u00fdhodou vzduchov\u00e9ho kladiva d\u011blen\u00e9ho typu je siln\u00e1 \u00faderov\u00e1 schopnost a stabiln\u00ed v\u00fdkon. Vzduchov\u00e1 kladiva pou\u017e\u00edv\u00e1 mnoho kov\u00e1\u0159\u016f k kov\u00e1n\u00ed r\u016fzn\u00fdch ozdobn\u00fdch v\u00fdkovk\u016f. Po zah\u0159\u00e1t\u00ed \u017eehli\u010dky je snaz\u0161\u00ed zatlouct a deformovat tvar, jak\u00fd si z\u00e1kazn\u00edk p\u0159eje. Pneumatick\u00e1 kladiva lze pou\u017e\u00edt na r\u016fzn\u00fdch m\u00edstech: zal\u00e9v\u00e1n\u00ed, lisov\u00e1n\u00ed, \u0159ez\u00e1n\u00ed, d\u011brov\u00e1n\u00ed, n\u00fdtov\u00e1n\u00ed, lisov\u00e1n\u00ed atd... v\u0161echny druhy kov\u016f. Vzduchov\u00e1 kladiva Lanchen byla prod\u00e1na do Spojen\u00fdch st\u00e1t\u016f, Kanady, Ruska, Spojen\u00e9ho kr\u00e1lovstv\u00ed, Francie, \u0160pan\u011blska, Mexika, Kolumbie, Ji\u017en\u00ed Afriky, Vietnamu a dal\u0161\u00edch zem\u00ed a z\u00edskala si jednomyslnou chv\u00e1lu.<br \/>\nM\u016f\u017eeme dodat 6 kg, 16 kg, 25 kg, 40 kg, 55 kg, 75 kg, 100 kg, 150 kg, 250 kg, 400 kg, 560 kg, 750 kg, 1000 kg, 2000 kg pro v\u00fdb\u011br podle r\u016fzn\u00fdch pot\u0159eb kovac\u00ed pr\u00e1ce .Model si m\u016f\u017eete vybrat podle n\u00e1sleduj\u00edc\u00edch specifikac\u00ed<\/p>\n<p><strong>TECHNICK\u00c9 PARAMETRY<br \/>\nModel: C41-20KG<br \/>\nHmotnost padaj\u00edc\u00edch d\u00edl\u016f (KG):<\/strong>20 kg<br \/>\n<strong>Typ struktury:<\/strong>D\u011blen\u00e9 vzduchov\u00e9 kladivo<strong><br \/>\nMaxim\u00e1ln\u00ed energie \u00faderu (KJ):<\/strong>0,22 kJ<strong><br \/>\nMax. kovan\u00fd rozm\u011br (pr\u016fm\u011br) na kruhov\u00e9 oceli:<\/strong>\u03c635 mm<br \/>\n<strong>Max. kovan\u00fd rozm\u011br (pr\u016fm\u011br) na \u010dtvercov\u00e9 oceli:<\/strong>30x30mm<br \/>\n<strong>Nap\u00e1jen\u00ed:<\/strong> 2,2 kW<br \/>\n<strong>Nap\u011bt\u00ed:<\/strong>\u00a0220V\/380V<br \/>\n<strong>Rozm\u011br balen\u00ed:<\/strong> 820*460*1110<br \/>\n<strong>GW (kg):<\/strong> 380<\/p>","protected":false},"featured_media":935,"template":"","meta":{"_kad_post_transparent":"default","_kad_post_title":"hide","_kad_post_layout":"fullwidth","_kad_post_sidebar_id":"","_kad_post_content_style":"unboxed","_kad_post_vertical_padding":"hide","_kad_post_feature":"hide","_kad_post_feature_position":"","_kad_post_header":false,"_kad_post_footer":false},"product_brand":[],"product_cat":[28],"product_tag":[426,416,423,418,414,422,424,421,419,427,407,425,415,420,417],"class_list":{"0":"post-929","1":"product","2":"type-product","3":"status-publish","4":"has-post-thumbnail","6":"product_cat-blacksmith-power-hammer","7":"product_tag-240volt-single-phase-motor-blacksmith-power-forging-hammer","8":"product_tag-air-hammer","9":"product_tag-air-power-chipping-hammer","10":"product_tag-air-power-forging-hammer-blacksmith","11":"product_tag-blacksmith-air-forging-power-hammer","12":"product_tag-c41-20kg-hydraulic-power-hammer-for-sale","13":"product_tag-c41-20kg-professional-blacksmith-power-forging-air-hammer","14":"product_tag-electric-power-hammer","15":"product_tag-forging-wrought-iron-machine","16":"product_tag-hammer-forging-ellsen-wrought-iron-machine-for-sale","17":"product_tag-power-hammer-for-blacksmith","18":"product_tag-profesonal-power-hammer-air-hammer-c41-20kg","19":"product_tag-professional-blacksmith-power-forging-air-hammer","20":"product_tag-small-power-hammer-manufacturers-suppliers","21":"product_tag-source-blacksmith-pneumatic-forging-power-hammer","23":"first","24":"instock","25":"shipping-taxable","26":"product-type-simple","27":"entry","28":"content-bg","29":"loop-entry"},"_links":{"self":[{"href":"https:\/\/zzlcmachinery.com\/cs\/wp-json\/wp\/v2\/product\/929","targetHints":{"allow":["GET"]}}],"collection":[{"href":"https:\/\/zzlcmachinery.com\/cs\/wp-json\/wp\/v2\/product"}],"about":[{"href":"https:\/\/zzlcmachinery.com\/cs\/wp-json\/wp\/v2\/types\/product"}],"version-history":[{"count":0,"href":"https:\/\/zzlcmachinery.com\/cs\/wp-json\/wp\/v2\/product\/929\/revisions"}],"wp:featuredmedia":[{"embeddable":true,"href":"https:\/\/zzlcmachinery.com\/cs\/wp-json\/wp\/v2\/media\/935"}],"wp:attachment":[{"href":"https:\/\/zzlcmachinery.com\/cs\/wp-json\/wp\/v2\/media?parent=929"}],"wp:term":[{"taxonomy":"product_brand","embeddable":true,"href":"https:\/\/zzlcmachinery.com\/cs\/wp-json\/wp\/v2\/product_brand?post=929"},{"taxonomy":"product_cat","embeddable":true,"href":"https:\/\/zzlcmachinery.com\/cs\/wp-json\/wp\/v2\/product_cat?post=929"},{"taxonomy":"product_tag","embeddable":true,"href":"https:\/\/zzlcmachinery.com\/cs\/wp-json\/wp\/v2\/product_tag?post=929"}],"curies":[{"name":"wp","href":"https:\/\/api.w.org\/{rel}","templated":true}]}}