{"id":912,"date":"2022-11-14T23:58:25","date_gmt":"2022-11-14T15:58:25","guid":{"rendered":"https:\/\/zzlcmachinery.com\/?post_type=product&#038;p=912"},"modified":"2022-11-22T14:06:50","modified_gmt":"2022-11-22T06:06:50","slug":"c41-16kg-hot-forging-machine-blacksmith-air-power-forging-hammer","status":"publish","type":"product","link":"https:\/\/zzlcmachinery.com\/cs\/produkt\/c41-16kg-hot-forging-machine-blacksmith-air-power-forging-hammer\/","title":{"rendered":"C41-16kg Kovac\u00ed stroj za tepla Kovac\u00ed kladivo Kov\u00e1\u0159sk\u00e9 vzduchov\u00e9"},"content":{"rendered":"","protected":false},"excerpt":{"rendered":"<p>Toto kov\u00e1\u0159sk\u00e9 vzduchov\u00e9 kovac\u00ed kladivo C41-16kg pro kov\u00e1n\u00ed za tepla je druh voln\u00e9ho kovac\u00edho kladiva. Jeho konstrukce je zalo\u017eena na osv\u011bd\u010den\u00fdch konstrukc\u00edch mnoha star\u00fdch evropsk\u00fdch kladiv, kter\u00e1 se dodnes pou\u017e\u00edvaj\u00ed. Pou\u017e\u00edv\u00e1 jej mnoho kov\u00e1\u0159\u016f k v\u00fdrob\u011b r\u016fzn\u00fdch ozdobn\u00fdch v\u00fdkovk\u016f, co\u017e usnad\u0148uje tvarov\u00e1n\u00ed \u017eeleza za tepla. S nez\u00e1visl\u00fdm elektrick\u00fdm kladivem nepot\u0159ebujete dal\u0161\u00ed vzduchov\u00fd kompresor. Strojn\u011b kovan\u00fd kov protahov\u00e1n\u00edm, p\u011bchov\u00e1n\u00edm, ra\u017een\u00edm, st\u0159\u00edh\u00e1n\u00edm za tepla, kov\u00e1n\u00edm, sva\u0159ov\u00e1n\u00edm, oh\u00fdb\u00e1n\u00edm, deformac\u00ed a jin\u00fdmi prost\u0159edky, s pou\u017eit\u00edm r\u016fzn\u00fdch m\u00edst: zapu\u0161t\u011bn\u00e9, formov\u00e1n\u00ed, \u0159ez, d\u00edra, n\u00fdt, raz\u00edtko atd ... v\u0161echny druhy kov\u016f.<br \/>\nM\u016f\u017eeme dodat 6 kg, 16 kg, 25 kg, 40 kg, 55 kg, 75 kg, 100 kg, 150 kg, 250 kg, 400 kg, 560 kg, 750 kg, 1000 kg, 2000 kg pro v\u00fdb\u011br podle r\u016fzn\u00fdch pot\u0159eb kovac\u00ed pr\u00e1ce .Model si m\u016f\u017eete vybrat podle n\u00e1sleduj\u00edc\u00edch specifikac\u00ed<\/p>\n<p><strong>TECHNICK\u00c9 PARAMETRY<br \/>\nModel: C41-16KG<br \/>\nHmotnost padaj\u00edc\u00edch d\u00edl\u016f (KG):<\/strong>16 kg<strong><br \/>\nMaxim\u00e1ln\u00ed energie \u00faderu (KJ):<\/strong>0,18 kJ<strong><br \/>\nMax. kovan\u00fd rozm\u011br (pr\u016fm\u011br) na kruhov\u00e9 oceli:<\/strong>\u03c625 mm<br \/>\n<strong>Max. kovan\u00fd rozm\u011br (pr\u016fm\u011br) na \u010dtvercov\u00e9 oceli:<\/strong>20X20mm<br \/>\n<strong>Nap\u00e1jen\u00ed:<\/strong> 1,5 kW<br \/>\n<strong>Nap\u011bt\u00ed:<\/strong> 220V\/380V<br \/>\n<strong>Rozm\u011br balen\u00ed:<\/strong> 660*420*970<br \/>\n<strong>GW (kg):<\/strong> 240<\/p>","protected":false},"featured_media":926,"template":"","meta":{"_kad_post_transparent":"default","_kad_post_title":"hide","_kad_post_layout":"fullwidth","_kad_post_sidebar_id":"","_kad_post_content_style":"unboxed","_kad_post_vertical_padding":"hide","_kad_post_feature":"hide","_kad_post_feature_position":"","_kad_post_header":false,"_kad_post_footer":false},"product_brand":[],"product_cat":[28],"product_tag":[406,412,413,404,405,400,410,411,402,403,408,401,409,407,399],"class_list":{"0":"post-912","1":"product","2":"type-product","3":"status-publish","4":"has-post-thumbnail","6":"product_cat-blacksmith-power-hammer","7":"product_tag-air-power-hammer","8":"product_tag-anyang-power-hammer-for-blacksmith","9":"product_tag-blacksmith-power-forging-hammer","10":"product_tag-blacksmith-power-hammer","11":"product_tag-blacksmith-power-hammer-for-sale","12":"product_tag-c41-16kg-hot-forging-machine-blacksmith-air-power-forging-hammer","13":"product_tag-c41-16kg-single-with-base-plate-pneumatic-hammer-forging","14":"product_tag-c41-20kg-25kg-40kg-power-hammer-anyang-price","15":"product_tag-forging-hammer-machine","16":"product_tag-free-forging-air-hammer-c41-16kg","17":"product_tag-pneumatic-forging-hammer","18":"product_tag-pneumatic-forging-hammer-price","19":"product_tag-pneumatic-power-hammer-for-sale","20":"product_tag-power-hammer-for-blacksmith","21":"product_tag-samll-air-hammer-for-sale-c41-16kg-hot-forging-machine-blacksmirh-air-power-forging-hammer","23":"first","24":"instock","25":"shipping-taxable","26":"product-type-simple","27":"entry","28":"content-bg","29":"loop-entry"},"_links":{"self":[{"href":"https:\/\/zzlcmachinery.com\/cs\/wp-json\/wp\/v2\/product\/912","targetHints":{"allow":["GET"]}}],"collection":[{"href":"https:\/\/zzlcmachinery.com\/cs\/wp-json\/wp\/v2\/product"}],"about":[{"href":"https:\/\/zzlcmachinery.com\/cs\/wp-json\/wp\/v2\/types\/product"}],"version-history":[{"count":0,"href":"https:\/\/zzlcmachinery.com\/cs\/wp-json\/wp\/v2\/product\/912\/revisions"}],"wp:featuredmedia":[{"embeddable":true,"href":"https:\/\/zzlcmachinery.com\/cs\/wp-json\/wp\/v2\/media\/926"}],"wp:attachment":[{"href":"https:\/\/zzlcmachinery.com\/cs\/wp-json\/wp\/v2\/media?parent=912"}],"wp:term":[{"taxonomy":"product_brand","embeddable":true,"href":"https:\/\/zzlcmachinery.com\/cs\/wp-json\/wp\/v2\/product_brand?post=912"},{"taxonomy":"product_cat","embeddable":true,"href":"https:\/\/zzlcmachinery.com\/cs\/wp-json\/wp\/v2\/product_cat?post=912"},{"taxonomy":"product_tag","embeddable":true,"href":"https:\/\/zzlcmachinery.com\/cs\/wp-json\/wp\/v2\/product_tag?post=912"}],"curies":[{"name":"wp","href":"https:\/\/api.w.org\/{rel}","templated":true}]}}