{"id":902,"date":"2022-11-14T18:55:11","date_gmt":"2022-11-14T10:55:11","guid":{"rendered":"https:\/\/zzlcmachinery.com\/?post_type=product&#038;p=902"},"modified":"2022-11-26T00:46:36","modified_gmt":"2022-11-25T16:46:36","slug":"lc-dl60-china-wrought-iron-machine-and-cold-rolling-embossing-machine","status":"publish","type":"product","link":"https:\/\/zzlcmachinery.com\/cs\/produkt\/lc-dl60-china-wrought-iron-machine-and-cold-rolling-embossing-machine\/","title":{"rendered":"LC-DL60 \u010c\u00edna kujn\u00e9 \u017eelezo a embosovac\u00ed stroj v\u00e1lcov\u00e1n\u00ed za studena"},"content":{"rendered":"","protected":false},"excerpt":{"rendered":"<p>Tento kujn\u00fd stroj LC-DL60 China a embosovac\u00ed stroj pro v\u00e1lcov\u00e1n\u00ed za studena je profesion\u00e1ln\u00ed za\u0159\u00edzen\u00ed pro stroj na v\u00e1lcov\u00e1n\u00ed a ra\u017een\u00ed za studena. Tento stroj m\u016f\u017ee zpracov\u00e1vat \u010dtvercovou trubku, \u010dtvercovou ocel, plochou ocel, trubku z nerezov\u00e9 oceli, obd\u00e9ln\u00edkovou trubku s mezin\u00e1rodn\u00edmi spole\u010dn\u00fdmi rozm\u011bry, Tento stroj dok\u00e1\u017ee sam\u010d\u00ed vzory ve \u010dty\u0159ech roz\u00edch \u010dtvercov\u00e9 trubky, m\u016f\u017ee samce do z\u00e1bradl\u00ed schodi\u0161t\u011b pou\u017e\u00edt trubku. B\u011b\u017e\u00ed hladce, bezpe\u010dn\u011b a spolehliv\u00e9. Pou\u017eiteln\u00e9 pro budovy, turistick\u00e9 atrakce a bytov\u00e9 dekorace.<br \/>\nNejv\u011bt\u0161\u00ed v\u00fdhodou tohoto stroje je, \u017ee m\u00e1 sadu kombinovan\u00fdch forem, kter\u00e9 lze pou\u017e\u00edt pro zpracov\u00e1n\u00ed \u010dtvercov\u00fdch trubek 20\u00d720-100x100 mm, obd\u00e9ln\u00edkov\u00fdch trubek a trubek z nerezov\u00e9 oceli. Pokud je to materi\u00e1l, kter\u00fd m\u00e1 z\u00e1kazn\u00edk, lze jej zpracovat a vyrazit na formu \u00fapravou kombinace t\u011bsn\u011bn\u00ed.<br \/>\nChcete-li vyrobit samostatnou formu, nemus\u00edte platit za ka\u017edou velikost formy. U\u0161et\u0159ete \u010das, pen\u00edze a n\u00e1mahu.<\/p>\n<p><strong>TECHNICK\u00c9 PARAMETRY<br \/>\nModel: LC-DL60<\/strong><br \/>\n<strong>\u017dehli\u010dka:<\/strong> \u2264 10 \u00d7 60 mm<br \/>\n<strong>\u010ctvercov\u00e1 ocel:<\/strong>\u00a0\u2264 25 \u00d7 25 mm<br \/>\n<strong>\u010ctvercov\u00e1 trubice:<\/strong> \u2264 100 x 100 mm<br \/>\n<strong>Nap\u00e1jen\u00ed:<\/strong> 7,5 kW<br \/>\n<strong>Nap\u011bt\u00ed:<\/strong> 220V\/380V<br \/>\n<strong>Rozm\u011br balen\u00ed:<\/strong> 1000\u00d7800\u00d71200 mm<br \/>\n<strong>NW (kg):<\/strong> 450<br \/>\n<strong>GW (kg):<\/strong> 500<\/p>","protected":false},"featured_media":909,"template":"","meta":{"_kad_post_transparent":"default","_kad_post_title":"hide","_kad_post_layout":"fullwidth","_kad_post_sidebar_id":"","_kad_post_content_style":"unboxed","_kad_post_vertical_padding":"hide","_kad_post_feature":"hide","_kad_post_feature_position":"","_kad_post_header":false,"_kad_post_footer":false},"product_brand":[],"product_cat":[29,19],"product_tag":[387,391,390,381,382,394,388,396,397,392,389,398,395,393],"class_list":{"0":"post-902","1":"product","2":"type-product","3":"status-publish","4":"has-post-thumbnail","6":"product_cat-electric-wrought-iron-processing-machine","7":"product_cat-cold-rolling-embossing-machine","8":"product_tag-blacksmith-embossing-metal-machine","9":"product_tag-buy-handrail-embossling-machine","10":"product_tag-china-iron-art-machine","11":"product_tag-china-metal-craft-embossing-equiment","12":"product_tag-china-wrought-iron-machine-and-cold-rolling-embossing-machine","13":"product_tag-cold-rolling-embossing-machine-for-wrought-iron-decoration","14":"product_tag-embossing-machine-for-rolling-forming-machine-manufacturer","15":"product_tag-flat-iron-embossing-machine","16":"product_tag-forged-square-tube-equipment","17":"product_tag-metal-embossing-handrail-embossing-machine","18":"product_tag-multifunction-adjustable-speed-handrail-cold-embossing-machine","19":"product_tag-ornamental-machine-for-sale","20":"product_tag-square-steel-embossing-machine","21":"product_tag-wrought-iron-decoration","23":"first","24":"instock","25":"featured","26":"shipping-taxable","27":"product-type-simple","28":"entry","29":"content-bg","30":"loop-entry"},"_links":{"self":[{"href":"https:\/\/zzlcmachinery.com\/cs\/wp-json\/wp\/v2\/product\/902","targetHints":{"allow":["GET"]}}],"collection":[{"href":"https:\/\/zzlcmachinery.com\/cs\/wp-json\/wp\/v2\/product"}],"about":[{"href":"https:\/\/zzlcmachinery.com\/cs\/wp-json\/wp\/v2\/types\/product"}],"version-history":[{"count":0,"href":"https:\/\/zzlcmachinery.com\/cs\/wp-json\/wp\/v2\/product\/902\/revisions"}],"wp:featuredmedia":[{"embeddable":true,"href":"https:\/\/zzlcmachinery.com\/cs\/wp-json\/wp\/v2\/media\/909"}],"wp:attachment":[{"href":"https:\/\/zzlcmachinery.com\/cs\/wp-json\/wp\/v2\/media?parent=902"}],"wp:term":[{"taxonomy":"product_brand","embeddable":true,"href":"https:\/\/zzlcmachinery.com\/cs\/wp-json\/wp\/v2\/product_brand?post=902"},{"taxonomy":"product_cat","embeddable":true,"href":"https:\/\/zzlcmachinery.com\/cs\/wp-json\/wp\/v2\/product_cat?post=902"},{"taxonomy":"product_tag","embeddable":true,"href":"https:\/\/zzlcmachinery.com\/cs\/wp-json\/wp\/v2\/product_tag?post=902"}],"curies":[{"name":"wp","href":"https:\/\/api.w.org\/{rel}","templated":true}]}}