{"id":884,"date":"2022-11-13T20:52:27","date_gmt":"2022-11-13T12:52:27","guid":{"rendered":"https:\/\/zzlcmachinery.com\/?post_type=product&#038;p=884"},"modified":"2022-11-26T00:46:42","modified_gmt":"2022-11-25T16:46:42","slug":"lc-fsg89-stainless-steel-round-pipe-making-machine-for-stair-handrail","status":"publish","type":"product","link":"https:\/\/zzlcmachinery.com\/cs\/produkt\/lc-fsg89-stainless-steel-round-pipe-making-machine-for-stair-handrail\/","title":{"rendered":"LC-FSG89 Stroj na v\u00fdrobu kulat\u00fdch trubek z nerezov\u00e9 oceli pro z\u00e1bradl\u00ed schodi\u0161t\u011b"},"content":{"rendered":"","protected":false},"excerpt":{"rendered":"<p>LC-FSG89 Stroj na v\u00fdrobu kulat\u00fdch trubek z nerezov\u00e9 oceli pro z\u00e1bradl\u00ed schodi\u0161t\u011b je stroj m\u00e1 mnoho funkc\u00ed, nejen \u017ee dok\u00e1\u017ee zpracovat \u017eelezn\u00e9 kulat\u00e9 trubky jako z\u00e1bradl\u00ed schodi\u0161t\u011b, ale tak\u00e9 trubky z nerezov\u00e9 oceli, z nich\u017e ob\u011b lze zpracovat na \u010dtvercov\u00e9 trubky se vzory dr\u00e1\u017eek na v\u0161ech \u010dty\u0159ech rohy.<br \/>\nN\u00e1hodn\u00e1 sada voln\u00fdch forem se skl\u00e1d\u00e1 z 8 p\u00e1r\u016f forem a v\u00edce sad forem lze instalovat vedle sebe, to znamen\u00e1, \u017ee 2-3 kulat\u00e9 trubky jsou zpracov\u00e1ny vedle sebe do r\u016fzn\u00fdch tvar\u016f z\u00e1bradl\u00ed nebo \u010dtvercov\u00fdch trubek sou\u010dasn\u011b .<br \/>\nM\u00e1me profesion\u00e1ln\u00ed design\u00e9rsk\u00fd t\u00fdm, kter\u00fd zdarma navrhuje v\u00fdkresy forem pro z\u00e1kazn\u00edky a p\u0159izp\u016fsobuje formy tak, aby vyhovovaly pot\u0159eb\u00e1m z\u00e1kazn\u00edk\u016f.<\/p>\n<p><strong>TECHNICK\u00c9 PARAMETRY<br \/>\nModel: LC-FSG89<\/strong><br \/>\n<b>Materi\u00e1l: Kruhov\u00e1 trubka &amp; Nerezov\u00e1 trubka<br \/>\nPracovn\u00ed schopnost:<\/b>Kulat\u00e1 trubka \u2264\u03c689mm Tlou\u0161\u0165ka\u22643mm<b><br \/>\n<\/b>\u00a0 \u00a0 \u00a0 \u00a0 \u00a0 \u00a0 \u00a0 \u00a0 \u00a0 \u00a0 \u00a0 \u00a0 \u00a0 \u00a0 Nerezov\u00e1 trubka \u2264\u03c689mm Tlou\u0161\u0165ka\u22642mm<br \/>\n<strong>Nap\u00e1jen\u00ed:<\/strong> 11 kW<br \/>\n<strong>Nap\u011bt\u00ed:<\/strong> 220V\/380V\/415V 50HZ<br \/>\n<strong>Rozm\u011br balen\u00ed:<\/strong> 3000\u00d7710\u00d71420 mm<br \/>\n<strong>NW (kg):<\/strong> 1700<br \/>\n<strong>GW (kg):<\/strong> 1850<\/p>","protected":false},"featured_media":878,"template":"","meta":{"_kad_post_transparent":"default","_kad_post_title":"hide","_kad_post_layout":"fullwidth","_kad_post_sidebar_id":"","_kad_post_content_style":"unboxed","_kad_post_vertical_padding":"hide","_kad_post_feature":"hide","_kad_post_feature_position":"","_kad_post_header":false,"_kad_post_footer":false},"product_brand":[],"product_cat":[29,19],"product_tag":[356,374,372,376,47,375,357,359,358,360,361,369,362,363,377,367,364,370,371,368,366,365,373,111],"class_list":{"0":"post-884","1":"product","2":"type-product","3":"status-publish","4":"has-post-thumbnail","6":"product_cat-electric-wrought-iron-processing-machine","7":"product_cat-cold-rolling-embossing-machine","8":"product_tag-aotomatic-handrail-pipe-forming-machine","9":"product_tag-buy-cold-rolling-stainless-steel-handrail-pipe-making-machine","10":"product_tag-buy-wrought-iron-handrail-pipe-forming-machine","11":"product_tag-china-handrail-pipe-forming-machine","12":"product_tag-cold-rolling-embossing-machine","13":"product_tag-cold-rolling-stainless-steel-handrail-pipe-making-machine","14":"product_tag-handrail-dies-catalogue","15":"product_tag-handrail-making-machine","16":"product_tag-handrail-pipe-forming-machine","17":"product_tag-handrail-roll-forming-machine-made-in-china","18":"product_tag-handrails-making-machine","19":"product_tag-machine-for-stair-handrail-wholesale-factory","20":"product_tag-stainless-steel-handrail-tube-roll-forming-machine","21":"product_tag-stainless-steel-round-pipe-making-machine-for-stair-handrail","22":"product_tag-stair-handrail-pipe-roll-forming-machine","23":"product_tag-stair-handrail-stainless-steel-pipe-bending-machine","24":"product_tag-steel-handrail-roll-forming-machine","25":"product_tag-super-pipe-forming-machine","26":"product_tag-supply-stainless-steel-round-pipe-making","27":"product_tag-tube-fabricator-supplies-exotic-handrail-systems","28":"product_tag-tube-mill-equipment","29":"product_tag-tube-mill-equipment-tube-production-line","30":"product_tag-wrought-iron-handrail-pipe-forming-machine","31":"product_tag-wrought-iron-machine","33":"first","34":"instock","35":"featured","36":"shipping-taxable","37":"product-type-simple","38":"entry","39":"content-bg","40":"loop-entry"},"_links":{"self":[{"href":"https:\/\/zzlcmachinery.com\/cs\/wp-json\/wp\/v2\/product\/884","targetHints":{"allow":["GET"]}}],"collection":[{"href":"https:\/\/zzlcmachinery.com\/cs\/wp-json\/wp\/v2\/product"}],"about":[{"href":"https:\/\/zzlcmachinery.com\/cs\/wp-json\/wp\/v2\/types\/product"}],"version-history":[{"count":0,"href":"https:\/\/zzlcmachinery.com\/cs\/wp-json\/wp\/v2\/product\/884\/revisions"}],"wp:featuredmedia":[{"embeddable":true,"href":"https:\/\/zzlcmachinery.com\/cs\/wp-json\/wp\/v2\/media\/878"}],"wp:attachment":[{"href":"https:\/\/zzlcmachinery.com\/cs\/wp-json\/wp\/v2\/media?parent=884"}],"wp:term":[{"taxonomy":"product_brand","embeddable":true,"href":"https:\/\/zzlcmachinery.com\/cs\/wp-json\/wp\/v2\/product_brand?post=884"},{"taxonomy":"product_cat","embeddable":true,"href":"https:\/\/zzlcmachinery.com\/cs\/wp-json\/wp\/v2\/product_cat?post=884"},{"taxonomy":"product_tag","embeddable":true,"href":"https:\/\/zzlcmachinery.com\/cs\/wp-json\/wp\/v2\/product_tag?post=884"}],"curies":[{"name":"wp","href":"https:\/\/api.w.org\/{rel}","templated":true}]}}