{"id":867,"date":"2022-11-10T00:20:57","date_gmt":"2022-11-09T16:20:57","guid":{"rendered":"https:\/\/zzlcmachinery.com\/?post_type=product&#038;p=867"},"modified":"2022-12-13T13:42:15","modified_gmt":"2022-12-13T05:42:15","slug":"jk-30-sheet-iron-plate-cold-embossing-machine","status":"publish","type":"product","link":"https:\/\/zzlcmachinery.com\/cs\/produkt\/jk-30-sheet-iron-plate-cold-embossing-machine\/","title":{"rendered":"Studen\u00fd embosovac\u00ed stroj na plech JK-30"},"content":{"rendered":"","protected":false},"excerpt":{"rendered":"<p>JK-30 Studen\u00fd embosovac\u00ed stroj do plechu je typ stroje, kter\u00fd se pou\u017e\u00edv\u00e1 k ra\u017een\u00ed vzor\u016f nebo vzor\u016f na plechy bez pou\u017eit\u00ed tepla. To se prov\u00e1d\u00ed vtla\u010den\u00edm kovov\u00e9 desky mezi dv\u011b raznice, kter\u00e9 jsou bu\u010f vyryty po\u017eadovan\u00fdm vzorem, nebo vyrobeny z formy v designu pro pot\u0159eby z\u00e1kazn\u00edka. Stroj vyv\u00edj\u00ed tlak na kovovou desku, co\u017e zp\u016fsob\u00ed, \u017ee p\u0159evezme tvar razidel a vytvo\u0159\u00ed reli\u00e9fn\u00ed vzor na povrchu kovu. Ra\u017eba za studena je b\u011b\u017en\u00e1 technika pou\u017e\u00edvan\u00e1 p\u0159i v\u00fdrob\u011b produkt\u016f, jako jsou kovov\u00e9 n\u00e1pisy, dekorativn\u00ed panely a dal\u0161\u00ed produkty, kter\u00e9 vy\u017eaduj\u00ed reli\u00e9fn\u00ed vzory na kovov\u00fdch desk\u00e1ch. Studen\u00e9 ra\u017een\u00ed je \u010dasto preferov\u00e1no p\u0159ed ra\u017een\u00edm za tepla, proto\u017ee nezahrnuje pou\u017eit\u00ed tepla, kter\u00e9 m\u016f\u017ee po\u0161kodit nebo deformovat kov.<br \/>\n\u0160\u00ed\u0159ku plechov\u00e9ho plechu a vzor formy lze zdarma upravit!<br \/>\n<strong>TECHNICK\u00c9 PARAMETRY<\/strong><br \/>\n<strong>Materi\u00e1l:<\/strong> \u017delezn\u00fd plech, Hlin\u00edkov\u00fd plech, M\u011bd\u011bn\u00fd plech, Plech z nerezov\u00e9 oceli<br \/>\n<strong>\u0160\u00ed\u0159ka materi\u00e1lu:<\/strong>30 mm<br \/>\n<strong>Tlou\u0161\u0165ka materi\u00e1lu<\/strong>: maxim\u00e1ln\u011b 2 mm<br \/>\n<strong>Nap\u00e1jen\u00ed:<\/strong> 2,2KW (podle \u0161\u00ed\u0159ky a tlou\u0161\u0165ky v\u00e1lcovan\u00e9ho materi\u00e1lu podle skute\u010dn\u00fdch pot\u0159eb z\u00e1kazn\u00edk\u016f)<br \/>\n<strong>Nap\u011bt\u00ed:<\/strong>\u00a0220V\/380V\/415V<br \/>\n<strong>Rozm\u011br balen\u00ed:<\/strong> 1500 \u00d7 710 \u00d7 800 mm<br \/>\n<strong>NW (kg):<\/strong> 350<br \/>\n<strong>GW (kg):<\/strong> 400<\/p>","protected":false},"featured_media":1535,"template":"","meta":{"_kad_post_transparent":"default","_kad_post_title":"hide","_kad_post_layout":"fullwidth","_kad_post_sidebar_id":"","_kad_post_content_style":"unboxed","_kad_post_vertical_padding":"hide","_kad_post_feature":"hide","_kad_post_feature_position":"","_kad_post_header":false,"_kad_post_footer":false},"product_brand":[],"product_cat":[29,19],"product_tag":[47,521,519,518,520,517,522],"class_list":{"0":"post-867","1":"product","2":"type-product","3":"status-publish","4":"has-post-thumbnail","6":"product_cat-electric-wrought-iron-processing-machine","7":"product_cat-cold-rolling-embossing-machine","8":"product_tag-cold-rolling-embossing-machine","9":"product_tag-cold-rolling-sheet-embossing-machine-manufacturers","10":"product_tag-iorn-sheet-embossing-machine","11":"product_tag-iron-plate-cold-embossing-machine","12":"product_tag-metal-sheet-embossing-machine-manufacturers-suppliers","13":"product_tag-sheet-iron-plate-cold-embossing-machine","14":"product_tag-sheet-iron-plate-embossing-machine","16":"first","17":"instock","18":"shipping-taxable","19":"product-type-simple","20":"entry","21":"content-bg","22":"loop-entry"},"_links":{"self":[{"href":"https:\/\/zzlcmachinery.com\/cs\/wp-json\/wp\/v2\/product\/867","targetHints":{"allow":["GET"]}}],"collection":[{"href":"https:\/\/zzlcmachinery.com\/cs\/wp-json\/wp\/v2\/product"}],"about":[{"href":"https:\/\/zzlcmachinery.com\/cs\/wp-json\/wp\/v2\/types\/product"}],"version-history":[{"count":0,"href":"https:\/\/zzlcmachinery.com\/cs\/wp-json\/wp\/v2\/product\/867\/revisions"}],"wp:featuredmedia":[{"embeddable":true,"href":"https:\/\/zzlcmachinery.com\/cs\/wp-json\/wp\/v2\/media\/1535"}],"wp:attachment":[{"href":"https:\/\/zzlcmachinery.com\/cs\/wp-json\/wp\/v2\/media?parent=867"}],"wp:term":[{"taxonomy":"product_brand","embeddable":true,"href":"https:\/\/zzlcmachinery.com\/cs\/wp-json\/wp\/v2\/product_brand?post=867"},{"taxonomy":"product_cat","embeddable":true,"href":"https:\/\/zzlcmachinery.com\/cs\/wp-json\/wp\/v2\/product_cat?post=867"},{"taxonomy":"product_tag","embeddable":true,"href":"https:\/\/zzlcmachinery.com\/cs\/wp-json\/wp\/v2\/product_tag?post=867"}],"curies":[{"name":"wp","href":"https:\/\/api.w.org\/{rel}","templated":true}]}}