{"id":865,"date":"2022-11-10T00:19:56","date_gmt":"2022-11-09T16:19:56","guid":{"rendered":"https:\/\/zzlcmachinery.com\/?post_type=product&#038;p=865"},"modified":"2022-11-14T22:42:35","modified_gmt":"2022-11-14T14:42:35","slug":"lc-dl60s-cheapest-square-tube-flat-iron-square-steel-embossing-machine","status":"publish","type":"product","link":"https:\/\/zzlcmachinery.com\/cs\/produkt\/lc-dl60s-cheapest-square-tube-flat-iron-square-steel-embossing-machine\/","title":{"rendered":"LC-DL60S Nejlevn\u011bj\u0161\u00ed \u010dtvercov\u00fd trubkov\u00fd ploch\u00fd lis na \u010dtvercovou ocel"},"content":{"rendered":"","protected":false},"excerpt":{"rendered":"<p>Tento LC-DL60S nejlevn\u011bj\u0161\u00ed \u010dtvercov\u00fd trubkov\u00fd ploch\u00fd \u017eelezn\u00fd \u010dtvercov\u00fd ocelov\u00fd embosovac\u00ed stroj je profesion\u00e1ln\u00ed za\u0159\u00edzen\u00ed pro v\u00e1lcov\u00e1n\u00ed a kov\u00e1n\u00ed materi\u00e1l\u016f za studena. Tento stroj dok\u00e1\u017ee zpracovat \u010dtvercovou trubku, \u010dtvercovou ocel, ploch\u00fd plech s mezin\u00e1rodn\u00edmi b\u011b\u017en\u00fdmi rozm\u011bry, ve srovn\u00e1n\u00ed se stejn\u00fdm typem studen\u00e9ho embosovac\u00edho stroje jsou n\u00e1klady na formy tohoto stroje mnohem ni\u017e\u0161\u00ed, jako je zpracov\u00e1n\u00ed \u010dtvercov\u00fdch trubek, nen\u00ed t\u0159eba zapla\u0165te a vyryjte sadu forem pro ka\u017edou \u010dtvercovou trubku r\u016fzn\u00fdch velikost\u00ed, 20\u00d720-80x80mm \u010dtvercov\u00e1 trubka je kombinace Forma se d\u00e1 libovoln\u011b kombinovat do formy vhodn\u00e9 pro \u010dtvercov\u00e9 trubky libovoln\u00e9 velikosti pomoc\u00ed superpozice t\u011bsn\u011bn\u00ed.Lze tak\u00e9 zpracovan\u00e9 v\u010detn\u011b obd\u00e9ln\u00edkov\u00fdch trubek a trubek z nerezov\u00e9 oceli.<br \/>\n<strong>TECHNICK\u00c9 PARAMETRY<\/strong><br \/>\n<strong>\u017dehli\u010dka:<\/strong> \u2264 10 \u00d7 50 mm<br \/>\n<strong>\u010ctvercov\u00e1 ocel:<\/strong>\u00a0\u2264 25 \u00d7 25 mm<br \/>\n<strong>\u010ctvercov\u00e1 trubice:<\/strong> \u2264 80 x 80 mm<br \/>\n<strong>Nap\u00e1jen\u00ed:<\/strong> 4 kW<br \/>\n<strong>Nap\u011bt\u00ed:<\/strong> 220V\/380V<br \/>\n<strong>Rozm\u011br balen\u00ed:<\/strong> 1000\u00d7800\u00d71200 mm<br \/>\n<strong>NW (kg):<\/strong> 450<br \/>\n<strong>GW (kg):<\/strong> 500<\/p>","protected":false},"featured_media":888,"template":"","meta":{"_kad_post_transparent":"default","_kad_post_title":"hide","_kad_post_layout":"fullwidth","_kad_post_sidebar_id":"","_kad_post_content_style":"unboxed","_kad_post_vertical_padding":"hide","_kad_post_feature":"hide","_kad_post_feature_position":"","_kad_post_header":false,"_kad_post_footer":false},"product_brand":[],"product_cat":[29,19],"product_tag":[381,382,47,386,379,378,380,384,383,385,44,111],"class_list":{"0":"post-865","1":"product","2":"type-product","3":"status-publish","4":"has-post-thumbnail","6":"product_cat-electric-wrought-iron-processing-machine","7":"product_cat-cold-rolling-embossing-machine","8":"product_tag-china-metal-craft-embossing-equiment","9":"product_tag-china-wrought-iron-machine-and-cold-rolling-embossing-machine","10":"product_tag-cold-rolling-embossing-machine","11":"product_tag-flat-iorn-embossing-machine","12":"product_tag-iron-embossing-machine","13":"product_tag-lc-dl60s-cheapest-square-tube-flat-iron-square-steel-embossing-machine","14":"product_tag-professional-cold-rolling-metal-plate-embossing-machine","15":"product_tag-sauare-steel-embossing-machine","16":"product_tag-square-tube-embossing-machine","17":"product_tag-stainless-steel-pipe-embossing-machine","18":"product_tag-wrought-iron-embossing-machine","19":"product_tag-wrought-iron-machine","21":"first","22":"instock","23":"shipping-taxable","24":"product-type-simple","25":"entry","26":"content-bg","27":"loop-entry"},"_links":{"self":[{"href":"https:\/\/zzlcmachinery.com\/cs\/wp-json\/wp\/v2\/product\/865","targetHints":{"allow":["GET"]}}],"collection":[{"href":"https:\/\/zzlcmachinery.com\/cs\/wp-json\/wp\/v2\/product"}],"about":[{"href":"https:\/\/zzlcmachinery.com\/cs\/wp-json\/wp\/v2\/types\/product"}],"version-history":[{"count":0,"href":"https:\/\/zzlcmachinery.com\/cs\/wp-json\/wp\/v2\/product\/865\/revisions"}],"wp:featuredmedia":[{"embeddable":true,"href":"https:\/\/zzlcmachinery.com\/cs\/wp-json\/wp\/v2\/media\/888"}],"wp:attachment":[{"href":"https:\/\/zzlcmachinery.com\/cs\/wp-json\/wp\/v2\/media?parent=865"}],"wp:term":[{"taxonomy":"product_brand","embeddable":true,"href":"https:\/\/zzlcmachinery.com\/cs\/wp-json\/wp\/v2\/product_brand?post=865"},{"taxonomy":"product_cat","embeddable":true,"href":"https:\/\/zzlcmachinery.com\/cs\/wp-json\/wp\/v2\/product_cat?post=865"},{"taxonomy":"product_tag","embeddable":true,"href":"https:\/\/zzlcmachinery.com\/cs\/wp-json\/wp\/v2\/product_tag?post=865"}],"curies":[{"name":"wp","href":"https:\/\/api.w.org\/{rel}","templated":true}]}}