{"id":834,"date":"2022-11-04T22:29:01","date_gmt":"2022-11-04T14:29:01","guid":{"rendered":"https:\/\/zzlcmachinery.com\/?post_type=product&#038;p=834"},"modified":"2022-11-26T00:47:30","modified_gmt":"2022-11-25T16:47:30","slug":"lc120-hydraulic-decorative-iron-pipe-iron-tube-twisting-machine","status":"publish","type":"product","link":"https:\/\/zzlcmachinery.com\/cs\/produkt\/lc120-hydraulic-decorative-iron-pipe-iron-tube-twisting-machine\/","title":{"rendered":"LC120 Hydraulick\u00fd stroj na zakrucov\u00e1n\u00ed \u017eelezn\u00fdch trubek na ozdobn\u00e9 \u017eelezn\u00e9 trubky"},"content":{"rendered":"","protected":false},"excerpt":{"rendered":"<p>Tento LC120 Hydraulick\u00fd dekorativn\u00ed stroj na zkrucov\u00e1n\u00ed \u017eelezn\u00fdch trubek se pou\u017e\u00edv\u00e1 pouze ke zpracov\u00e1n\u00ed kulat\u00fdch trubek. Funkce stroje spo\u010d\u00edv\u00e1 ve vzhledu r\u016fzn\u00fdch vzor\u016f po zpracov\u00e1n\u00ed kulat\u00fdch trubek. Tyto polotovary se pou\u017e\u00edvaj\u00ed p\u0159edev\u0161\u00edm do z\u00e1bradl\u00ed a skeletov\u00fdch podp\u011br dve\u0159\u00ed, oken, schodi\u0161\u0165 a z\u00e1bradl\u00ed. Jsou nejen kr\u00e1sn\u00e9, ale tak\u00e9 velmi pevn\u00e9, pou\u017eit\u00e9 materi\u00e1ly jsou kulat\u00e9 trubky, tak\u017ee ve srovn\u00e1n\u00ed s masivn\u00edmi dve\u0159mi a okny a z\u00e1bradl\u00edm jsou n\u00e1klady sn\u00ed\u017eeny o v\u00edce ne\u017e 50%-80%. Je velmi vhodn\u00fd pro kov\u00e1\u0159sk\u00e9 provozy, kter\u00e9 provozuj\u00ed dve\u0159e a okna ve velk\u00e9m. Tento stroj na zkrucov\u00e1n\u00ed trubek se pou\u017e\u00edv\u00e1 ke zpracov\u00e1n\u00ed kruhov\u00fdch trubek o pr\u016fm\u011bru 60-120 mm. Z kulat\u00fdch trubek lze ud\u011blat kruhov\u00e9 trubky, \u010dtvercov\u00e9 trubky, 6-roh\u00e9 trubky, 12-roh\u00e9 trubky, 16-roh\u00e9 trubky atd. Po zpracov\u00e1n\u00ed. Tyto opracovan\u00e9 trubky mohou m\u00edt tak\u00e9 r\u016fzn\u00e9 tvary vzor\u016f, kter\u00e9 vznikaj\u00ed p\u0159ev\u00e1\u017en\u011b opakovan\u00fdm kroucen\u00edm stroje. Hustotu vzoru a hloubku vzoru lze dos\u00e1hnout nastaven\u00edm hydraulick\u00e9ho syst\u00e9mu a koncov\u00fdch sp\u00edna\u010d\u016f.<br \/>\nZvl\u00e1\u0161tn\u00ed pozornost by m\u011bla b\u00fdt v\u011bnov\u00e1na tlou\u0161\u0165ce kulat\u00e9 trubky nep\u0159esahuj\u00edc\u00ed 2,5 mm.<br \/>\nVezm\u011bte si kulatou trubku p\u0159em\u011bn\u011bnou na \u010dtvercovou trubku jako p\u0159\u00edklad, kulat\u00e1 trubka o pr\u016fm\u011bru \u03c6 50 mm, \u03c660 mm, \u03c676 mm, \u03c6 89 mm, \u03c6114 mm, p\u0159em\u011bn\u011bna na \u010dtvercovou trubku \u53e3 40 mm \u53e3 50 mm \u53e3 70 mm \u53e3 60 mm \u53e3 60 mm \u53e3<br \/>\n24 hodin online slu\u017eba, dejte n\u00e1m v\u011bd\u011bt, pokud m\u00e1te n\u011bjak\u00e9 dotazy!<br \/>\n<strong>TECHNICK\u00c9 PARAMETRY<br \/>\n<\/strong><strong>Model: LC-JKLG120<br \/>\nZpracovac\u00ed materi\u00e1l: Kulat\u00e1 trubka\u2264\u03a6120mmx3mm<br \/>\nRozm\u011bry hotov\u00e9ho v\u00fdrobku:<\/strong><br \/>\n<strong>Kulat\u00e1 trubka<\/strong>\u2264\u03a6120 mm x 2,5 mm<br \/>\n<strong>Ploch\u00e1 trubka<\/strong> \u2264 90 x 60 x 2,5 mm<br \/>\n<strong>\u010ctvercov\u00e1 trubice<\/strong>\u226440x40x2,5-90x90x2,5 mm<br \/>\n<strong style=\"font-family: var(--global-body-font-family);\">Nap\u00e1jen\u00ed:<\/strong><span style=\"font-family: var(--global-body-font-family);\"> 11,7 kW<br \/>\n<\/span><strong>Za voln\u00e9 kostky:<\/strong>6 sad<br \/>\n<strong>Nap\u011bt\u00ed:<\/strong>\u00a0220V\/380V\/415V<br \/>\n<strong>Rozm\u011br balen\u00ed:<\/strong>800*1200*700mm<strong><br \/>\n<\/strong><strong>NW (kg):<\/strong> 2500\u00a0 \u00a0 <strong>GW (kg):<\/strong> 2550<\/p>","protected":false},"featured_media":861,"template":"","meta":{"_kad_post_transparent":"default","_kad_post_title":"","_kad_post_layout":"default","_kad_post_sidebar_id":"","_kad_post_content_style":"default","_kad_post_vertical_padding":"default","_kad_post_feature":"","_kad_post_feature_position":"","_kad_post_header":false,"_kad_post_footer":false},"product_brand":[],"product_cat":[20,31],"product_tag":[350,353,354,339,349,343,355,351,352,111,347],"class_list":{"0":"post-834","1":"product","2":"type-product","3":"status-publish","4":"has-post-thumbnail","6":"product_cat-wrought-iron-twisting-machine","7":"product_cat-electric-pipe-twisting-machine","8":"product_tag-decorate-metal-pipe-tube-twist-wrought-iron-machine","9":"product_tag-decorative-pipe-tube-twisting-machine-pipe-threading-machine","10":"product_tag-factory-hot-sell-automatic-round-stainless-steel-pipe-twisting-machine","11":"product_tag-fully-automatic-multi-functional-round-tube-twisting-machine","12":"product_tag-iron-pipe-stainless-steel-pipe-tube-drawing-machine","13":"product_tag-ornamental-wrought-iron-round-pipe-twisting-making-machine","14":"product_tag-pipe-twisting-machine-for-wrought-iron","15":"product_tag-ss-tube-twisting-design-machine-wrought-iron-threading-pipe-machinery-price","16":"product_tag-tube-twisting-machine-spiral-twist-threading-round-metal-pipes-rotary-swaging-equipments","17":"product_tag-wrought-iron-machine","18":"product_tag-wrought-iron-tube-twisting-machine-for-steel-pipe","20":"first","21":"instock","22":"featured","23":"shipping-taxable","24":"product-type-simple","25":"entry","26":"content-bg","27":"loop-entry"},"_links":{"self":[{"href":"https:\/\/zzlcmachinery.com\/cs\/wp-json\/wp\/v2\/product\/834","targetHints":{"allow":["GET"]}}],"collection":[{"href":"https:\/\/zzlcmachinery.com\/cs\/wp-json\/wp\/v2\/product"}],"about":[{"href":"https:\/\/zzlcmachinery.com\/cs\/wp-json\/wp\/v2\/types\/product"}],"version-history":[{"count":0,"href":"https:\/\/zzlcmachinery.com\/cs\/wp-json\/wp\/v2\/product\/834\/revisions"}],"wp:featuredmedia":[{"embeddable":true,"href":"https:\/\/zzlcmachinery.com\/cs\/wp-json\/wp\/v2\/media\/861"}],"wp:attachment":[{"href":"https:\/\/zzlcmachinery.com\/cs\/wp-json\/wp\/v2\/media?parent=834"}],"wp:term":[{"taxonomy":"product_brand","embeddable":true,"href":"https:\/\/zzlcmachinery.com\/cs\/wp-json\/wp\/v2\/product_brand?post=834"},{"taxonomy":"product_cat","embeddable":true,"href":"https:\/\/zzlcmachinery.com\/cs\/wp-json\/wp\/v2\/product_cat?post=834"},{"taxonomy":"product_tag","embeddable":true,"href":"https:\/\/zzlcmachinery.com\/cs\/wp-json\/wp\/v2\/product_tag?post=834"}],"curies":[{"name":"wp","href":"https:\/\/api.w.org\/{rel}","templated":true}]}}